{"id":2760,"date":"2023-02-07T15:39:36","date_gmt":"2023-02-07T08:39:36","guid":{"rendered":"https:\/\/tp-electric.vn\/?post_type=product&#038;p=2760"},"modified":"2024-12-12T15:10:10","modified_gmt":"2024-12-12T08:10:10","slug":"bien-tan-abb-acs150-03e-08a8-4-4kw-5hp-3-pha-380v","status":"publish","type":"product","link":"https:\/\/tp-electric.vn\/index.php\/san-pham\/bien-tan-abb-acs150-03e-08a8-4-4kw-5hp-3-pha-380v\/","title":{"rendered":"Bi\u1ebfn t\u1ea7n INVT GD270 \u2013 Chuy\u00ean d\u1ee5ng th\u00f4ng minh cho c\u00e1c \u1ee9ng d\u1ee5ng b\u01a1m qu\u1ea1t v\u00e0 HVAC"},"content":{"rendered":"<p>Bi\u1ebfn t\u1ea7n GD270 \u0111\u01b0\u1ee3c ph\u00e1t tri\u1ec3n c\u00e1c t\u00ednh n\u0103ng n\u00e2ng cao v\u00e0 t\u1ed1i \u01b0u cho c\u00e1c \u1ee9ng d\u1ee5ng s\u1eed d\u1ee5ng b\u01a1m qu\u1ea1t nh\u01b0: h\u1ec7 th\u1ed1ng t\u01b0\u1edbi ti\u00eau, h\u1ec7 th\u1ed1ng x\u1eed l\u00fd n\u01b0\u1edbc th\u1ea3i, HVAC\u2026 Bi\u1ebfn t\u1ea7n GD270 n\u1ed5i b\u1eadt v\u1edbi d\u1ea3i c\u00f4ng su\u1ea5t r\u1ed9ng, m\u1ee9c \u0111\u1ed9 b\u1ea3o v\u1ec7 \u0111a d\u1ea1ng, t\u00ednh n\u0103ng linh ho\u1ea1t, ph\u00f9 h\u1ee3p nhi\u1ec1u lo\u1ea1i motor v\u00e0 v\u1eadn h\u00e0nh d\u1ec5 d\u00e0ng.<\/p>\n<p><em>D\u1ea3i c\u00f4ng su\u1ea5t: 1.5 ~ 500kW<\/em><\/p>\n<p><strong>\u0110\u1eb7c t\u00ednh k\u1ef9 thu\u1eadt<\/strong><\/p>\n<ul>\n<li>C\u00f3 th\u1ec3 \u0111i\u1ec1u khi\u1ec3n c\u1ea3 \u0111\u1ed9ng c\u01a1 \u0111\u1ed3ng b\u1ed9 (SM) v\u00e0 \u0111\u1ed9ng c\u01a1 kh\u00f4ng \u0111\u1ed3ng b\u1ed9 (AM).<\/li>\n<li>\u0110\u01b0\u1ee3c t\u00edch h\u1ee3p c\u00e1c ch\u01b0\u01a1ng tr\u00ecnh d\u00e0nh cho \u1ee9ng d\u1ee5ng b\u01a1m qu\u1ea1t nh\u01b0: PID k\u00e9p, \u0111i\u1ec1u khi\u1ec3n \u0111a b\u01a1m, \u1ed5n \u0111\u1ecbnh \u00e1p su\u1ea5t n\u01b0\u1edbc, ch\u1ebf \u0111\u1ed9 v\u1ec7 sinh b\u01a1m, h\u1ecfa ho\u1ea1n trong PCCC.<\/li>\n<li>Thi\u1ebft k\u1ebf \u0111\u1eb7c bi\u1ec7t v\u1edbi l\u1edbp ph\u1ee7 m\u1ea1ch d\u00e0y \u0111\u1ea3m b\u1ea3o kh\u1ea3 n\u0103ng ho\u1ea1t \u0111\u1ed9ng b\u1ec1n b\u1ec9 v\u1edbi th\u1eddi gian.<\/li>\n<li>T\u00edch h\u1ee3p 02 khe c\u1eafm m\u1edf r\u1ed9ng h\u1ed7 tr\u1ee3 \u0111a d\u1ea1ng c\u00e1c chu\u1ea9n truy\u1ec1n th\u00f4ng, IOT, m\u1edf r\u1ed9ng I\/O.<\/li>\n<li>T\u00edch h\u1ee3p c\u00e1c ch\u1ee9c n\u0103ng \u0111\u1eb7c bi\u1ec7t nh\u01b0: Eco mode (ti\u1ebft ki\u1ec7m n\u0103ng l\u01b0\u1ee3ng), Energy-saving control, Fire ride-through, Anti-waterhammer, warwe level control, cleaning.<\/li>\n<li>Ch\u1ebf \u0111\u1ed9 \u0111i\u1ec1u khi\u1ec3n \u0111a b\u01a1m th\u00f4ng minh: Cho ph\u00e9p \u0111i\u1ec1u khi\u1ec3n lu\u00e2n phi\u00ean \u0111i\u1ec1u \u00e1p. \u0110i\u1ec1u khi\u1ec3n t\u1ed1i \u0111a 2 (+2 b\u01a1m khi c\u00f3 module I\/O card) t\u00edch h\u1ee3p \u0111i\u1ec1u khi\u1ec3n PID k\u00e9p. Ch\u1ebf \u0111\u1ed9 g\u1ecdi b\u01a1m ch\u00ednh, b\u01a1m ph\u1ee5 h\u1ed7 tr\u1ee3 l\u00ean \u0111\u1ebfn 8 b\u01a1m khi g\u1eafn card I\/O.<\/li>\n<\/ul>\n<p><strong>\u1ee8ng d\u1ee5ng<\/strong><\/p>\n<ul>\n<li>Nh\u00e0 m\u00e1y x\u1eed l\u00fd n\u01b0\u1edbc th\u1ea3i<\/li>\n<li>H\u1ec7 th\u1ed1ng nu\u00f4i tr\u1ed3ng th\u1ee7y h\u1ea3i s\u1ea3n<\/li>\n<li>H\u1ec7 th\u1ed1ng HVAC<\/li>\n<li>B\u01a1m h\u00f3a ch\u1ea5t trong ng\u00e0nh d\u1ec7t nhu\u1ed9m<\/li>\n<li>H\u1ec7 th\u1ed1ng t\u01b0\u1edbi ti\u00eau<\/li>\n<\/ul>\n","protected":false},"excerpt":{"rendered":"<p>Bi\u1ebfn t\u1ea7n GD270 \u0111\u01b0\u1ee3c ph\u00e1t tri\u1ec3n c\u00e1c t\u00ednh n\u0103ng n\u00e2ng cao v\u00e0 t\u1ed1i \u01b0u cho c\u00e1c \u1ee9ng d\u1ee5ng s\u1eed d\u1ee5ng b\u01a1m qu\u1ea1t nh\u01b0: h\u1ec7 th\u1ed1ng t\u01b0\u1edbi ti\u00eau, h\u1ec7 th\u1ed1ng x\u1eed l\u00fd n\u01b0\u1edbc th\u1ea3i, HVAC\u2026 Bi\u1ebfn t\u1ea7n GD270 n\u1ed5i b\u1eadt v\u1edbi d\u1ea3i c\u00f4ng su\u1ea5t r\u1ed9ng, m\u1ee9c \u0111\u1ed9 b\u1ea3o v\u1ec7 \u0111a d\u1ea1ng, t\u00ednh n\u0103ng linh ho\u1ea1t, ph\u00f9&#8230;<\/p>\n","protected":false},"featured_media":2766,"comment_status":"open","ping_status":"closed","template":"","meta":[],"product_cat":[162,186],"product_tag":[],"jetpack-related-posts":[{"id":3513,"url":"https:\/\/tp-electric.vn\/index.php\/san-pham\/gd300-bien-tan-vector-vong-ho-cao-cap\/","url_meta":{"origin":2760,"position":0},"title":"GD300 \u2013 Bi\u1ebfn t\u1ea7n vector v\u00f2ng h\u1edf cao c\u1ea5p","author":"","date":"15\/04\/2023","format":false,"excerpt":"Th\u01b0\u01a1ng hi\u1ec7u:\u00a0INVT B\u1ea3o h\u00e0nh:\u00a024 th\u00e1ng \u00a0","rel":"","context":"Similar post","block_context":{"text":"Similar post","link":""},"img":{"alt_text":"","src":"https:\/\/i0.wp.com\/tp-electric.vn\/wp-content\/uploads\/2023\/04\/Bien-tan-chuyen-dung-gd300-16-slide1-1.png?fit=880%2C646&ssl=1&resize=350%2C200","width":350,"height":200,"srcset":"https:\/\/i0.wp.com\/tp-electric.vn\/wp-content\/uploads\/2023\/04\/Bien-tan-chuyen-dung-gd300-16-slide1-1.png?fit=880%2C646&ssl=1&resize=350%2C200 1x, https:\/\/i0.wp.com\/tp-electric.vn\/wp-content\/uploads\/2023\/04\/Bien-tan-chuyen-dung-gd300-16-slide1-1.png?fit=880%2C646&ssl=1&resize=700%2C400 2x"},"classes":[]},{"id":2777,"url":"https:\/\/tp-electric.vn\/index.php\/san-pham\/bien-tan-invt-gd350a-thong-minh-da-chuc-nang-the-he-moi\/","url_meta":{"origin":2760,"position":1},"title":"Bi\u1ebfn t\u1ea7n INVT GD350A \u2013 Th\u00f4ng minh \u0111a ch\u1ee9c n\u0103ng th\u1ebf h\u1ec7 m\u1edbi","author":"","date":"07\/02\/2023","format":false,"excerpt":"Bi\u1ebfn t\u1ea7n GD350A \u1ee9ng d\u1ee5ng b\u1ed9 x\u1eed l\u00fd hi\u1ec7n \u0111\u1ea1i nh\u1ea5t c\u1ee7a INVT v\u00e0 c\u00f4ng ngh\u1ec7 \u0111i\u1ec1u khi\u1ec3n vector h\u00e0ng \u0111\u1ea7u th\u1ebf gi\u1edbi gi\u00fap \u0111i\u1ec1u khi\u1ec3n ch\u00ednh x\u00e1c v\u00e0 linh ho\u1ea1t c\u1ea3 v\u00f2ng h\u1edf v\u00e0 v\u00f2ng k\u00edn. Nh\u1edd kh\u1ea3 n\u0103ng m\u1edf r\u1ed9ng kh\u00f4ng gi\u1edbi h\u1ea1n, GD350A c\u00f3 th\u1ec3 \u0111\u00e1p \u1ee9ng\u2026","rel":"","context":"Similar post","block_context":{"text":"Similar post","link":""},"img":{"alt_text":"","src":"https:\/\/i0.wp.com\/tp-electric.vn\/wp-content\/uploads\/2023\/02\/bien-tan-invt-gd350-h2611.png?fit=880%2C646&ssl=1&resize=350%2C200","width":350,"height":200,"srcset":"https:\/\/i0.wp.com\/tp-electric.vn\/wp-content\/uploads\/2023\/02\/bien-tan-invt-gd350-h2611.png?fit=880%2C646&ssl=1&resize=350%2C200 1x, https:\/\/i0.wp.com\/tp-electric.vn\/wp-content\/uploads\/2023\/02\/bien-tan-invt-gd350-h2611.png?fit=880%2C646&ssl=1&resize=700%2C400 2x"},"classes":[]},{"id":2832,"url":"https:\/\/tp-electric.vn\/index.php\/san-pham\/bien-tan-invt-gd300-01-cho-may-nen-khi\/","url_meta":{"origin":2760,"position":2},"title":"Bi\u1ebfn t\u1ea7n INVT GD300-01 cho m\u00e1y n\u00e9n kh\u00ed","author":"","date":"08\/02\/2023","format":false,"excerpt":"GD300-01 l\u00e0 d\u00f2ng bi\u1ebfn t\u1ea7n cao c\u1ea5p \u0111\u01b0\u1ee3c thi\u1ebft k\u1ebf d\u00e0nh ri\u00eang cho \u1ee9ng d\u1ee5ng \u0111i\u1ec1u khi\u1ec3n m\u00e1y n\u00e9n kh\u0131\u0301. V\u1edbi thi\u1ebft k\u1ebf c\u1ee9ng c\u00e1p, t\u00edch h\u1ee3p nhi\u1ec1u ch\u1ee9c n\u0103ng \u0111i\u1ec1u khi\u1ec3n chuy\u00ean bi\u00ea\u0323t v\u00e0 linh ho\u1ea1t, GD300-01 ph\u00f9 h\u1ee3p v\u1edbi t\u1ea5t c\u1ea3 m\u00f4i tr\u01b0\u1eddng l\u00e0m vi\u1ec7c v\u00e0 c\u00e1c lo\u1ea1i\u2026","rel":"","context":"Similar post","block_context":{"text":"Similar post","link":""},"img":{"alt_text":"","src":"https:\/\/i0.wp.com\/tp-electric.vn\/wp-content\/uploads\/2023\/02\/GD300-012.png?fit=880%2C646&ssl=1&resize=350%2C200","width":350,"height":200,"srcset":"https:\/\/i0.wp.com\/tp-electric.vn\/wp-content\/uploads\/2023\/02\/GD300-012.png?fit=880%2C646&ssl=1&resize=350%2C200 1x, https:\/\/i0.wp.com\/tp-electric.vn\/wp-content\/uploads\/2023\/02\/GD300-012.png?fit=880%2C646&ssl=1&resize=700%2C400 2x"},"classes":[]},{"id":2845,"url":"https:\/\/tp-electric.vn\/index.php\/san-pham\/bien-tan-siemens-sinamics-g120c-da-nang-nho-gon\/","url_meta":{"origin":2760,"position":3},"title":"Bi\u1ebfn t\u1ea7n Siemens Sinamics G120C \u2013 \u0110a n\u0103ng nh\u1ecf g\u1ecdn","author":"","date":"08\/02\/2023","format":false,"excerpt":"Bi\u1ebfn t\u1ea7n Sinamic G120C \u0111\u01b0\u1ee3c thi\u1ebft k\u1ebf d\u1ea1ng compact v\u1edbi k\u00edch th\u01b0\u1edbc nh\u1ecf g\u1ecdn gi\u00fap gi\u1ea3m k\u00edch th\u01b0\u1edbc khi l\u1eafp \u0111\u1eb7t tr\u00ean m\u00e1y ho\u1eb7c trong t\u1ee7 \u0111i\u1ec1u khi\u1ec3n, v\u1eadn h\u00e0nh d\u1ec5 d\u00e0ng v\u00e0 r\u1ea5t \u0111a d\u1ee5ng. C\u00e1c \u0111\u1ea7u n\u1ed1i \u0111\u01b0\u1ee3c thi\u1ebft k\u1ebf \u01b0u vi\u1ec7t gi\u00fap l\u1eafp \u0111\u1eb7t d\u1ec5 d\u00e0ng. Ph\u1ea7n\u2026","rel":"","context":"Similar post","block_context":{"text":"Similar post","link":""},"img":{"alt_text":"","src":"https:\/\/i0.wp.com\/tp-electric.vn\/wp-content\/uploads\/2023\/02\/bien-tan-siemens-sinamics-g120c-da-nang-nho-gon-h3.png?fit=880%2C646&ssl=1&resize=350%2C200","width":350,"height":200,"srcset":"https:\/\/i0.wp.com\/tp-electric.vn\/wp-content\/uploads\/2023\/02\/bien-tan-siemens-sinamics-g120c-da-nang-nho-gon-h3.png?fit=880%2C646&ssl=1&resize=350%2C200 1x, https:\/\/i0.wp.com\/tp-electric.vn\/wp-content\/uploads\/2023\/02\/bien-tan-siemens-sinamics-g120c-da-nang-nho-gon-h3.png?fit=880%2C646&ssl=1&resize=700%2C400 2x"},"classes":[]},{"id":2820,"url":"https:\/\/tp-electric.vn\/index.php\/san-pham\/bien-tan-invt-gd200a-s24-vao-1-pha-220v-ra-3-pha-380v\/","url_meta":{"origin":2760,"position":4},"title":"Bi\u1ebfn t\u1ea7n INVT GD200A-S24 v\u00e0o 1 pha 220V ra 3 pha 380V","author":"","date":"08\/02\/2023","format":false,"excerpt":"GD200A-S24\u00a0la\u0300 do\u0300ng bi\u00ea\u0301n t\u00e2\u0300n chuy\u00ean du\u0300ng cho ca\u0301c \u01b0\u0301ng du\u0323ng \u0111i\u00ea\u0300u khi\u00ea\u0309n \u0111\u00f4\u0323ng c\u01a1 3 pha 380V \u01a1\u0309 nh\u01b0\u0303ng n\u01a1i chi\u0309 co\u0301 \u0111i\u00ea\u0323n l\u01b0\u01a1\u0301i 1 pha 220V. V\u00e2\u0323n ha\u0300nh \u0111\u01a1n gia\u0309n, b\u00ea\u0300n bi\u0309, hoa\u0323t \u0111\u00f4\u0323ng \u00f4\u0309n \u0111i\u0323nh ngay ca\u0309 nh\u01b0\u0303ng n\u01a1i ngu\u00f4\u0300n \u0111i\u00ea\u0323n bi\u0323 su\u0323t a\u0301p, ch\u00e2\u0323p ch\u01a1\u0300n. BI\u1ebeN T\u1ea6N\u2026","rel":"","context":"Similar post","block_context":{"text":"Similar post","link":""},"img":{"alt_text":"","src":"https:\/\/i0.wp.com\/tp-electric.vn\/wp-content\/uploads\/2023\/02\/bien-tan-1-pha-ra-3-pha-gd200a-s24-h4166.png?fit=880%2C647&ssl=1&resize=350%2C200","width":350,"height":200,"srcset":"https:\/\/i0.wp.com\/tp-electric.vn\/wp-content\/uploads\/2023\/02\/bien-tan-1-pha-ra-3-pha-gd200a-s24-h4166.png?fit=880%2C647&ssl=1&resize=350%2C200 1x, https:\/\/i0.wp.com\/tp-electric.vn\/wp-content\/uploads\/2023\/02\/bien-tan-1-pha-ra-3-pha-gd200a-s24-h4166.png?fit=880%2C647&ssl=1&resize=700%2C400 2x"},"classes":[]},{"id":3701,"url":"https:\/\/tp-electric.vn\/index.php\/san-pham\/quat-loc-khong-khi-va-khu-khuan-u-ultty-bb\/","url_meta":{"origin":2760,"position":5},"title":"Qu\u1ea1t l\u1ecdc kh\u00f4ng kh\u00ed v\u00e0 kh\u1eed khu\u1ea9n U ULTTY BB","author":"","date":"16\/08\/2023","format":false,"excerpt":"L\u1ecdc t\u1edbi 99,95% t\u1ea5t c\u1ea3 c\u00e1c ch\u1ea5t \u00f4 nhi\u1ec5m trong kh\u00f4ng kh\u00ed L\u00e0m s\u1ea1ch kh\u00f4ng kh\u00ed qua m\u00e0ng l\u1ecdc HEPA + kh\u1eed tr\u00f9ng c\u00f4ng ngh\u1ec7 Plasmacluster Ion Thanh l\u1ecdc to\u00e0n b\u1ed9 ng\u00f4i nh\u00e0 ch\u1ec9 trong 45 ph\u00fat \u0110\u1ed9ng c\u01a1 \u00eam \u00e1i v\u00e0 m\u1ea1nh m\u1ebd, v\u1edbi 9 c\u1ea5p \u0111\u1ed9 l\u00e0m m\u00e1t\u2026","rel":"","context":"Similar post","block_context":{"text":"Similar post","link":""},"img":{"alt_text":"","src":"https:\/\/i0.wp.com\/tp-electric.vn\/wp-content\/uploads\/2023\/08\/MAY-LOC-04-scaled.jpg?fit=1200%2C1200&ssl=1&resize=350%2C200","width":350,"height":200,"srcset":"https:\/\/i0.wp.com\/tp-electric.vn\/wp-content\/uploads\/2023\/08\/MAY-LOC-04-scaled.jpg?fit=1200%2C1200&ssl=1&resize=350%2C200 1x, https:\/\/i0.wp.com\/tp-electric.vn\/wp-content\/uploads\/2023\/08\/MAY-LOC-04-scaled.jpg?fit=1200%2C1200&ssl=1&resize=700%2C400 2x, https:\/\/i0.wp.com\/tp-electric.vn\/wp-content\/uploads\/2023\/08\/MAY-LOC-04-scaled.jpg?fit=1200%2C1200&ssl=1&resize=1050%2C600 3x"},"classes":[]}],"_links":{"self":[{"href":"https:\/\/tp-electric.vn\/index.php\/wp-json\/wp\/v2\/product\/2760"}],"collection":[{"href":"https:\/\/tp-electric.vn\/index.php\/wp-json\/wp\/v2\/product"}],"about":[{"href":"https:\/\/tp-electric.vn\/index.php\/wp-json\/wp\/v2\/types\/product"}],"replies":[{"embeddable":true,"href":"https:\/\/tp-electric.vn\/index.php\/wp-json\/wp\/v2\/comments?post=2760"}],"wp:featuredmedia":[{"embeddable":true,"href":"https:\/\/tp-electric.vn\/index.php\/wp-json\/wp\/v2\/media\/2766"}],"wp:attachment":[{"href":"https:\/\/tp-electric.vn\/index.php\/wp-json\/wp\/v2\/media?parent=2760"}],"wp:term":[{"taxonomy":"product_cat","embeddable":true,"href":"https:\/\/tp-electric.vn\/index.php\/wp-json\/wp\/v2\/product_cat?post=2760"},{"taxonomy":"product_tag","embeddable":true,"href":"https:\/\/tp-electric.vn\/index.php\/wp-json\/wp\/v2\/product_tag?post=2760"}],"curies":[{"name":"wp","href":"https:\/\/api.w.org\/{rel}","templated":true}]}}