{"id":2754,"date":"2023-02-07T15:23:48","date_gmt":"2023-02-07T08:23:48","guid":{"rendered":"https:\/\/tp-electric.vn\/?post_type=product&#038;p=2754"},"modified":"2024-12-12T15:10:09","modified_gmt":"2024-12-12T08:10:09","slug":"khoi-dong-tu-scg","status":"publish","type":"product","link":"https:\/\/tp-electric.vn\/index.php\/san-pham\/khoi-dong-tu-scg\/","title":{"rendered":"KH\u1edeI \u0110\u1ed8NG T\u1eea SCG 32A"},"content":{"rendered":"<p><strong>Th\u00f4ng s\u1ed1 k\u1ef9 thu\u1eadt:<\/strong><\/p>\n<p>&#8211; Th\u01b0\u01a1ng hi\u1ec7u: SIGMA<\/p>\n<p>&#8211; Xu\u1ea5t x\u1ee9: Th\u1ed5 Nh\u0129 K\u1ef3 &#8211; Turkey<\/p>\n<p>&#8211; B\u1ea3o h\u00e0nh: 12 th\u00e1ng<\/p>\n<p>&#8211; Th\u00f4ng s\u1ed1 k\u1ef9 thu\u1eadt: + S\u1ed1 c\u1ef1c: 3 c\u1ef1c<\/p>\n<p>+ C\u00f4ng su\u1ea5t \u0111\u1ecbnh m\u1ee9c: 18.5kW<\/p>\n<p>+ D\u00f2ng \u0111i\u1ec7n \u0111\u1ecbnh m\u1ee9c: 32A<\/p>\n<p>+ \u0110i\u1ec7n \u00e1p cu\u1ed9n d\u00e2y: 230V<\/p>\n<p>+ Ti\u1ebfp \u0111i\u1ec3m ph\u1ee5: 1NO + 1NC<\/p>\n<p>+ Kh\u1edfi \u0111\u1ed9ng t\u1eeb d\u00f9ng cho d\u00f2ng \u0111i\u1ec7n AC.<\/p>\n","protected":false},"excerpt":{"rendered":"<p>&#8216;+ D\u00f2ng \u0111i\u1ec7n \u0111\u1ecbnh m\u1ee9c: 32A<\/p>\n<p>+ \u0110i\u1ec7n \u00e1p cu\u1ed9n d\u00e2y: 230V<\/p>\n<p>+ Ti\u1ebfp \u0111i\u1ec3m ph\u1ee5: 1NO + 1NC<\/p>\n<p>+ Kh\u1edfi \u0111\u1ed9ng t\u1eeb d\u00f9ng cho d\u00f2ng \u0111i\u1ec7n AC.<\/p>\n","protected":false},"featured_media":2756,"comment_status":"open","ping_status":"closed","template":"","meta":[],"product_cat":[180,157],"product_tag":[],"jetpack-related-posts":[{"id":2757,"url":"https:\/\/tp-electric.vn\/index.php\/san-pham\/khoi-dong-tu-scg-2\/","url_meta":{"origin":2754,"position":0},"title":"KH\u1edeI \u0110\u1ed8NG T\u1eea SCG 65A","author":"","date":"07\/02\/2023","format":false,"excerpt":"- Th\u00f4ng s\u1ed1 k\u1ef9 thu\u1eadt: + S\u1ed1 c\u1ef1c: 3 c\u1ef1c + C\u00f4ng su\u1ea5t \u0111\u1ecbnh m\u1ee9c: 18.5kW + D\u00f2ng \u0111i\u1ec7n \u0111\u1ecbnh m\u1ee9c: 65A + \u0110i\u1ec7n \u00e1p cu\u1ed9n d\u00e2y: 230V + Ti\u1ebfp \u0111i\u1ec3m ph\u1ee5: 1NO + 1NC + Kh\u1edfi \u0111\u1ed9ng t\u1eeb d\u00f9ng cho d\u00f2ng \u0111i\u1ec7n AC.","rel":"","context":"Similar post","block_context":{"text":"Similar post","link":""},"img":{"alt_text":"","src":"https:\/\/i0.wp.com\/tp-electric.vn\/wp-content\/uploads\/2023\/02\/contactor-65.png?fit=300%2C300&ssl=1&resize=350%2C200","width":350,"height":200},"classes":[]},{"id":4695,"url":"https:\/\/tp-electric.vn\/index.php\/san-pham\/aptomat-chint-mcb-2-pha-32a-6ka\/","url_meta":{"origin":2754,"position":1},"title":"Aptomat Chint MCB 2 pha 32A 6kA","author":"Admin","date":"11\/12\/2024","format":false,"excerpt":"M\u00e3 s\u1ea3n ph\u1ea9m:\u00a0NXB-63 2P C32 6kA D\u00f2ng series:\u00a0NXB-63 CHINT Series Xu\u1ea5t x\u1ee9:\u00a0Trung Qu\u1ed1c Th\u1eddi gian b\u1ea3o h\u00e0nh:\u00a012 th\u00e1ng T\u00ecnh tr\u1ea1ng:\u00a0M\u1edbi 100% D\u00f2ng c\u1eaft:\u00a06kA D\u00f2ng \u0111i\u1ec7n \u0111\u1ecbnh m\u1ee9c:\u00a032A H\u00e3ng s\u1ea3n xu\u1ea5t:\u00a0CHINT Pha:\u00a02 pha [icon name=\"download\" prefix=\"fas\"] Download CATALOGUE Chint Drive Product Training","rel":"","context":"Similar post","block_context":{"text":"Similar post","link":""},"img":{"alt_text":"","src":"https:\/\/i0.wp.com\/amazen.com.vn\/images\/img\/images\/NXB2_kt.png?resize=350%2C200&ssl=1","width":350,"height":200,"srcset":"https:\/\/i0.wp.com\/amazen.com.vn\/images\/img\/images\/NXB2_kt.png?resize=350%2C200&ssl=1 1x, https:\/\/i0.wp.com\/amazen.com.vn\/images\/img\/images\/NXB2_kt.png?resize=700%2C400&ssl=1 2x, https:\/\/i0.wp.com\/amazen.com.vn\/images\/img\/images\/NXB2_kt.png?resize=1050%2C600&ssl=1 3x, https:\/\/i0.wp.com\/amazen.com.vn\/images\/img\/images\/NXB2_kt.png?resize=1400%2C800&ssl=1 4x"},"classes":[]},{"id":3282,"url":"https:\/\/tp-electric.vn\/index.php\/san-pham\/may-cat-khong-khi-acb-emax2-abb\/","url_meta":{"origin":2754,"position":2},"title":"M\u00c1Y C\u1eaeT KH\u00d4NG KH\u00cd ACB EMAX2 ABB","author":"","date":"25\/02\/2023","format":false,"excerpt":"M\u00e1y c\u1eaft kh\u00f4ng kh\u00ed ACB Emax2 ABB d\u00f2ng s\u1ea3n ph\u1ea9m \u0111\u00f3ng c\u1eaft, b\u1ea3o v\u1ec7 qu\u00e1 t\u1ea3i, ch\u1ec9nh d\u00f2ng qu\u00e1 t\u1ea3i cho h\u1ec7 th\u1ed1ng m\u1ea1ng \u0111i\u1ec7n ph\u00e2n ph\u1ed1i, hi\u1ec7u su\u1ea5t l\u00e0m vi\u1ec7c \u0111\u00e1ng tin c\u1eady. \u00a0\u01afU \u0110I\u1ec2M: D\u00f2ng s\u1ea3n ph\u1ea9m \u0111\u00e1p \u1ee9ng ti\u00eau chu\u1ea9n IEC 60947-2 \u0110\u00e3 \u0111\u01b0\u1ee3c nhi\u1ec7t \u0111\u1edbi ho\u00e1,\u2026","rel":"","context":"Similar post","block_context":{"text":"Similar post","link":""},"img":{"alt_text":"","src":"https:\/\/i0.wp.com\/tp-electric.vn\/wp-content\/uploads\/2023\/02\/acb.png?fit=300%2C300&ssl=1&resize=350%2C200","width":350,"height":200},"classes":[]},{"id":4757,"url":"https:\/\/tp-electric.vn\/index.php\/san-pham\/aptomat-etek-dc-mcb-ekm1-63dc-2c32\/","url_meta":{"origin":2754,"position":3},"title":"Aptomat ETEK DC MCB EKM1-63DC-2C32","author":"Admin","date":"11\/12\/2024","format":false,"excerpt":"Th\u00f4ng s\u1ed1 k\u1ef9 thu\u1eadt: D\u00f2ng \u0111i\u1ec7n \u0111\u1ecbnh m\u1ee9c: 32A C\u1ef1c: 2P \u0110i\u1ec7n \u00e1p \u0111\u1ecbnh m\u1ee9c Ue: 2P(500V) Kh\u1ea3 n\u0103ng ph\u00e1 v\u1ee1 \u0111\u1ecbnh m\u1ee9c: 6.000\/10.000A \u0110i\u1ec7n \u00e1p ch\u1ecbu \u0111\u01b0\u1ee3c xung \u0111\u1ecbnh m\u1ee9c (1,5\/50) Uimp 4.000V \u0110i\u1ec7n \u00e1p th\u1eed nghi\u1ec7m \u0111i\u1ec7n m\u00f4i \u1edf t\u1ea7n s\u1ed1 ind. trong 1 ph\u00fat 2KV M\u1ee9c \u0111\u1ed9\u2026","rel":"","context":"Similar post","block_context":{"text":"Similar post","link":""},"img":{"alt_text":"","src":"https:\/\/i0.wp.com\/tp-electric.vn\/wp-content\/uploads\/2024\/12\/EKM1-63HDC-2P-500V.jpg?fit=800%2C800&ssl=1&resize=350%2C200","width":350,"height":200,"srcset":"https:\/\/i0.wp.com\/tp-electric.vn\/wp-content\/uploads\/2024\/12\/EKM1-63HDC-2P-500V.jpg?fit=800%2C800&ssl=1&resize=350%2C200 1x, https:\/\/i0.wp.com\/tp-electric.vn\/wp-content\/uploads\/2024\/12\/EKM1-63HDC-2P-500V.jpg?fit=800%2C800&ssl=1&resize=700%2C400 2x"},"classes":[]},{"id":3297,"url":"https:\/\/tp-electric.vn\/index.php\/san-pham\/cau-chi-hop-e90-abb\/","url_meta":{"origin":2754,"position":4},"title":"C\u1ea6U CH\u00cc H\u1ed8P E90 ABB","author":"","date":"25\/02\/2023","format":false,"excerpt":"C\u1ea7u ch\u00ec h\u1ed9p E90 ABB d\u00f2ng s\u1ea3n ph\u1ea9m \u0111\u01b0\u1ee3c d\u00f9ng \u0111\u1ec3 ki\u1ec3m so\u00e1t b\u1ea3o v\u1ec7 m\u1ea1ch \u0111i\u1ec7n trong t\u1ef1 \u0111\u1ed9ng \u0111i\u1ec1u khi\u1ec3n, \u0111\u00f3ng ng\u1eaft m\u1ea1ch, b\u1ea3o v\u1ec7 qu\u00e1 t\u1ea3i v\u1edbi d\u00f2ng \u0111\u1ecbnh m\u1ee9c \u0111\u1ebfn 125A. \u00a0\u01afU \u0110I\u1ec2M: B\u1ea3o v\u1ec7 qu\u00e1 t\u1ea3i, ng\u1eafn m\u1ea1ch tr\u1ecdng m\u1ea1ng \u0111i\u1ec7n h\u1ea1 th\u1ebf S\u1eed d\u1ee5ng\u2026","rel":"","context":"Similar post","block_context":{"text":"Similar post","link":""},"img":{"alt_text":"","src":"https:\/\/i0.wp.com\/tp-electric.vn\/wp-content\/uploads\/2023\/02\/fusse.png?fit=300%2C300&ssl=1&resize=350%2C200","width":350,"height":200},"classes":[]},{"id":3293,"url":"https:\/\/tp-electric.vn\/index.php\/san-pham\/aptomat-rccb-fh200-abb\/","url_meta":{"origin":2754,"position":5},"title":"APTOMAT RCCB FH200 ABB","author":"","date":"25\/02\/2023","format":false,"excerpt":"Aptomat RCCB FH200 ABB d\u00f2ng s\u1ea3n ph\u1ea9m RCCB cao c\u1ea5p c\u00f3 ch\u1ee9c n\u0103ng b\u1ea3o v\u1ec7 ng\u01b0\u1eddi v\u00e0 thi\u1ebft b\u1ecb ch\u1ed1ng r\u00f2 r\u1ec9 \u0111i\u1ec7n \u0111\u1ea1t ti\u00eau chu\u1ea9n IEC61008. \u00a0\u01afU \u0110I\u1ec2M: B\u1ea3o v\u1ec7 con ng\u01b0\u1eddi, thi\u1ebft b\u1ecb v\u1edbi ch\u1ee9c n\u0103ng ch\u1ed1ng r\u00f2 L\u1eafp \u0111\u1eb7t cho h\u1ec7 th\u1ed1ng m\u1ea1ng \u0111i\u1ec7n c\u00f3 d\u00f2ng \u0111\u1ecbnh\u2026","rel":"","context":"Similar post","block_context":{"text":"Similar post","link":""},"img":{"alt_text":"","src":"https:\/\/i0.wp.com\/tp-electric.vn\/wp-content\/uploads\/2023\/02\/rccb.png?fit=300%2C300&ssl=1&resize=350%2C200","width":350,"height":200},"classes":[]}],"_links":{"self":[{"href":"https:\/\/tp-electric.vn\/index.php\/wp-json\/wp\/v2\/product\/2754"}],"collection":[{"href":"https:\/\/tp-electric.vn\/index.php\/wp-json\/wp\/v2\/product"}],"about":[{"href":"https:\/\/tp-electric.vn\/index.php\/wp-json\/wp\/v2\/types\/product"}],"replies":[{"embeddable":true,"href":"https:\/\/tp-electric.vn\/index.php\/wp-json\/wp\/v2\/comments?post=2754"}],"wp:featuredmedia":[{"embeddable":true,"href":"https:\/\/tp-electric.vn\/index.php\/wp-json\/wp\/v2\/media\/2756"}],"wp:attachment":[{"href":"https:\/\/tp-electric.vn\/index.php\/wp-json\/wp\/v2\/media?parent=2754"}],"wp:term":[{"taxonomy":"product_cat","embeddable":true,"href":"https:\/\/tp-electric.vn\/index.php\/wp-json\/wp\/v2\/product_cat?post=2754"},{"taxonomy":"product_tag","embeddable":true,"href":"https:\/\/tp-electric.vn\/index.php\/wp-json\/wp\/v2\/product_tag?post=2754"}],"curies":[{"name":"wp","href":"https:\/\/api.w.org\/{rel}","templated":true}]}}