{"id":2743,"date":"2023-02-07T13:35:17","date_gmt":"2023-02-07T06:35:17","guid":{"rendered":"https:\/\/tp-electric.vn\/?post_type=product&#038;p=2743"},"modified":"2024-12-12T15:10:09","modified_gmt":"2024-12-12T08:10:09","slug":"2743","status":"publish","type":"product","link":"https:\/\/tp-electric.vn\/index.php\/san-pham\/2743\/","title":{"rendered":"RCCB 2P &#8211; 4P"},"content":{"rendered":"<p>RCCB \u0111\u01b0\u1ee3c s\u1eed d\u1ee5ng \u0111\u1ec3 b\u1ea3o v\u1ec7 ch\u1ed1ng gi\u1eadt v\u00e0 ng\u0103n ng\u1eeba h\u1ecfa ho\u1ea1n do s\u1ef1 c\u1ed1 g\u00e2y ra.<\/p>\n<p>\u0110\u01b0\u1ee3c s\u1ea3n xu\u1ea5t theo ti\u00eau chu\u1ea9n IEC \/ EN 61008-1 v\u00e0 CE<\/p>\n<p>S\u1ed1 c\u1ef1c : 2 c\u1ef1c v\u00e0 4 c\u1ef1c<\/p>\n<p>D\u00f2ng c\u1eaft : 6KA v\u00e0 10 KA<\/p>\n<p>D\u00f2ng \u0111\u1ecbnh m\u1ee9c : 25A, 40A, 63A, 80A, 100A<\/p>\n<p>\u0110\u1ed9 nh\u1ea1y : 30mA v\u00e0 300mA<\/p>\n<p>V\u1eadt li\u1ec7u s\u1eed d\u1ee5ng cho v\u1ecf c\u00f3 \u0111\u1ed9 b\u1ec1n 960 \u0111\u1ed9 C<\/p>\n<p>H\u00e3ng: Sigma<\/p>\n<p>S\u1ea3n xu\u1ea5t t\u1ea1i Th\u1ed5 Nh\u0129 K\u1ef3<\/p>\n","protected":false},"excerpt":{"rendered":"<p><strong>Th\u00f4ng s\u1ed1 k\u1ef9 thu\u1eadt:<\/strong><\/p>\n<p>S\u1ed1 c\u1ef1c : 2 c\u1ef1c v\u00e0 4 c\u1ef1c<\/p>\n<p>D\u00f2ng c\u1eaft : 6KA v\u00e0 10 KA<\/p>\n<p>D\u00f2ng \u0111\u1ecbnh m\u1ee9c : 25A, 40A, 63A, 80A, 100A<\/p>\n<p>\u0110\u1ed9 nh\u1ea1y : 30mA v\u00e0 300mA<\/p>\n","protected":false},"featured_media":2744,"comment_status":"open","ping_status":"closed","template":"","meta":[],"product_cat":[179],"product_tag":[],"jetpack-related-posts":[{"id":3293,"url":"https:\/\/tp-electric.vn\/index.php\/san-pham\/aptomat-rccb-fh200-abb\/","url_meta":{"origin":2743,"position":0},"title":"APTOMAT RCCB FH200 ABB","author":"","date":"25\/02\/2023","format":false,"excerpt":"Aptomat RCCB FH200 ABB d\u00f2ng s\u1ea3n ph\u1ea9m RCCB cao c\u1ea5p c\u00f3 ch\u1ee9c n\u0103ng b\u1ea3o v\u1ec7 ng\u01b0\u1eddi v\u00e0 thi\u1ebft b\u1ecb ch\u1ed1ng r\u00f2 r\u1ec9 \u0111i\u1ec7n \u0111\u1ea1t ti\u00eau chu\u1ea9n IEC61008. \u00a0\u01afU \u0110I\u1ec2M: B\u1ea3o v\u1ec7 con ng\u01b0\u1eddi, thi\u1ebft b\u1ecb v\u1edbi ch\u1ee9c n\u0103ng ch\u1ed1ng r\u00f2 L\u1eafp \u0111\u1eb7t cho h\u1ec7 th\u1ed1ng m\u1ea1ng \u0111i\u1ec7n c\u00f3 d\u00f2ng \u0111\u1ecbnh\u2026","rel":"","context":"Similar post","block_context":{"text":"Similar post","link":""},"img":{"alt_text":"","src":"https:\/\/i0.wp.com\/tp-electric.vn\/wp-content\/uploads\/2023\/02\/rccb.png?fit=300%2C300&ssl=1&resize=350%2C200","width":350,"height":200},"classes":[]},{"id":3291,"url":"https:\/\/tp-electric.vn\/index.php\/san-pham\/aptomat-rcbo-ds201-abb\/","url_meta":{"origin":2743,"position":1},"title":"APTOMAT RCBO DS201 ABB","author":"","date":"25\/02\/2023","format":false,"excerpt":"Aptomat RCBO DS201 ABB c\u1ea7u giao ch\u1ed1ng r\u00f2 c\u00f3 ch\u1ee9c n\u0103ng b\u1ea3o v\u1ec7 con ng\u01b0\u1eddi tr\u00e1nh hi\u1ec7n t\u01b0\u1ee3ng b\u1ecb r\u00f2 \u0111i\u1ec7n gi\u1eadt, ng\u1eaft m\u1ea1ch, b\u1ea3o v\u1ec7 qu\u00e1 t\u1ea3i. \u00a0\u01afU \u0110I\u1ec2M: B\u1ea3o v\u1ec7 qu\u00e1 t\u1ea3i, ng\u1eafn m\u1ea1ch v\u00e0 ch\u1ed1ng r\u00f2 \u0111i\u1ec7n D\u1ec5 d\u00e0ng l\u1eafp \u0111\u1eb7t, \u0111\u00e1p \u1ee9ng ti\u00eau chu\u1ea9n\u00a0EN 60715 Kh\u1eb3\u2026","rel":"","context":"Similar post","block_context":{"text":"Similar post","link":""},"img":{"alt_text":"","src":"https:\/\/i0.wp.com\/tp-electric.vn\/wp-content\/uploads\/2023\/02\/RCBO.png?fit=300%2C300&ssl=1&resize=350%2C200","width":350,"height":200},"classes":[]},{"id":2705,"url":"https:\/\/tp-electric.vn\/index.php\/san-pham\/mccb-3p-25ka-100a\/","url_meta":{"origin":2743,"position":2},"title":"MCCB 3P, 25KA, 100A","author":"","date":"07\/02\/2023","format":false,"excerpt":"Th\u00f4ng s\u1ed1 k\u1ef9 thu\u1eadt : S\u1ed1 c\u1ef1c: 3 c\u1ef1c D\u00f2ng c\u1eaft (Icu): 25kA D\u00f2ng \u0111\u1ecbnh m\u1ee9c (Idm): 100A","rel":"","context":"Similar post","block_context":{"text":"Similar post","link":""},"img":{"alt_text":"","src":"https:\/\/i0.wp.com\/tp-electric.vn\/wp-content\/uploads\/2023\/02\/MCCB-100A-1.png?fit=300%2C300&ssl=1&resize=350%2C200","width":350,"height":200},"classes":[]},{"id":3273,"url":"https:\/\/tp-electric.vn\/index.php\/san-pham\/aptomat-mcb-s800c-abb\/","url_meta":{"origin":2743,"position":3},"title":"APTOMAT MCB S800C ABB","author":"","date":"25\/02\/2023","format":false,"excerpt":"Aptomat MCB S800C ABB \u0111\u01b0\u1ee3c s\u1ea3n xu\u1ea5t thi\u1ebft k\u1ebf \u0111\u1ea1t hi\u1ec7u su\u1ea5t cao v\u1edbi ch\u1ee9c n\u0103ng ng\u1eaft m\u1ea1ch b\u1ea3o v\u1ec7 thi\u1ebft b\u1ecb \u0111i\u1ec7n, \u0111\u01b0\u1ee3c s\u1eed d\u1ee5ng trong c\u00e1c \u1ee9ng d\u1ee5ng IEC v\u00e0 UL. \u00a0\u01afU \u0110I\u1ec2M: \u0110\u1ea1t hi\u1ec7u su\u1ea5t cao trong ch\u1ee9c n\u0103ng ng\u1eaft m\u1ea1ch S\u1ea3n ph\u1ea9m ch\u1ea5t l\u01b0\u1ee3ng ti\u00eau chu\u1ea9n\u2026","rel":"","context":"Similar post","block_context":{"text":"Similar post","link":""},"img":{"alt_text":"","src":"https:\/\/i0.wp.com\/tp-electric.vn\/wp-content\/uploads\/2023\/02\/s800c.png?fit=300%2C300&ssl=1&resize=350%2C200","width":350,"height":200},"classes":[]},{"id":2707,"url":"https:\/\/tp-electric.vn\/index.php\/san-pham\/mccb-3p-25ka-125a\/","url_meta":{"origin":2743,"position":4},"title":"MCCB 3P, 25KA, 125A","author":"","date":"07\/02\/2023","format":false,"excerpt":"Th\u00f4ng s\u1ed1 k\u1ef9 thu\u1eadt : S\u1ed1 c\u1ef1c: 3 c\u1ef1c D\u00f2ng c\u1eaft (Icu): 25kA D\u00f2ng \u0111\u1ecbnh m\u1ee9c (Idm): 125A","rel":"","context":"Similar post","block_context":{"text":"Similar post","link":""},"img":{"alt_text":"","src":"https:\/\/i0.wp.com\/tp-electric.vn\/wp-content\/uploads\/2023\/02\/mccb-125-1.png?fit=300%2C300&ssl=1&resize=350%2C200","width":350,"height":200},"classes":[]},{"id":2710,"url":"https:\/\/tp-electric.vn\/index.php\/san-pham\/mccb-3p-25ka-160a\/","url_meta":{"origin":2743,"position":5},"title":"MCCB 3P, 25KA, 160A","author":"","date":"07\/02\/2023","format":false,"excerpt":"Th\u00f4ng s\u1ed1 k\u1ef9 thu\u1eadt : S\u1ed1 c\u1ef1c: 3 c\u1ef1c D\u00f2ng c\u1eaft (Icu): 25kA D\u00f2ng \u0111\u1ecbnh m\u1ee9c (Idm): 160A","rel":"","context":"Similar post","block_context":{"text":"Similar post","link":""},"img":{"alt_text":"","src":"https:\/\/i0.wp.com\/tp-electric.vn\/wp-content\/uploads\/2023\/02\/mccb-160-1.png?fit=300%2C300&ssl=1&resize=350%2C200","width":350,"height":200},"classes":[]}],"_links":{"self":[{"href":"https:\/\/tp-electric.vn\/index.php\/wp-json\/wp\/v2\/product\/2743"}],"collection":[{"href":"https:\/\/tp-electric.vn\/index.php\/wp-json\/wp\/v2\/product"}],"about":[{"href":"https:\/\/tp-electric.vn\/index.php\/wp-json\/wp\/v2\/types\/product"}],"replies":[{"embeddable":true,"href":"https:\/\/tp-electric.vn\/index.php\/wp-json\/wp\/v2\/comments?post=2743"}],"wp:featuredmedia":[{"embeddable":true,"href":"https:\/\/tp-electric.vn\/index.php\/wp-json\/wp\/v2\/media\/2744"}],"wp:attachment":[{"href":"https:\/\/tp-electric.vn\/index.php\/wp-json\/wp\/v2\/media?parent=2743"}],"wp:term":[{"taxonomy":"product_cat","embeddable":true,"href":"https:\/\/tp-electric.vn\/index.php\/wp-json\/wp\/v2\/product_cat?post=2743"},{"taxonomy":"product_tag","embeddable":true,"href":"https:\/\/tp-electric.vn\/index.php\/wp-json\/wp\/v2\/product_tag?post=2743"}],"curies":[{"name":"wp","href":"https:\/\/api.w.org\/{rel}","templated":true}]}}