{"id":2723,"date":"2023-02-07T10:51:46","date_gmt":"2023-02-07T03:51:46","guid":{"rendered":"https:\/\/tp-electric.vn\/?post_type=product&#038;p=2723"},"modified":"2024-12-12T15:10:09","modified_gmt":"2024-12-12T08:10:09","slug":"cau-dau-day-klemsan-avk-150-150-mm2","status":"publish","type":"product","link":"https:\/\/tp-electric.vn\/index.php\/san-pham\/cau-dau-day-klemsan-avk-150-150-mm2\/","title":{"rendered":"C\u1ea7u \u0111\u1ea5u d\u00e2y Klemsan AVK 150 &#8211; 150 mm2"},"content":{"rendered":"<p><img decoding=\"async\" loading=\"lazy\" class=\"alignnone size-full wp-image-2724\" src=\"https:\/\/i0.wp.com\/tp-electric.vn\/wp-content\/uploads\/2023\/02\/AVK-150-Klemsan.jpg?resize=661%2C971&#038;ssl=1\" alt=\"\" width=\"661\" height=\"971\" data-recalc-dims=\"1\" \/><\/p>\n","protected":false},"excerpt":{"rendered":"","protected":false},"featured_media":2725,"comment_status":"open","ping_status":"closed","template":"","meta":[],"product_cat":[185],"product_tag":[],"jetpack-related-posts":[{"id":2726,"url":"https:\/\/tp-electric.vn\/index.php\/san-pham\/cau-dau-day-klemsan-avk-150-b-150-mm2\/","url_meta":{"origin":2723,"position":0},"title":"C\u1ea7u \u0111\u1ea5u d\u00e2y Klemsan AVK 150 B &#8211; 150 mm2","author":"","date":"07\/02\/2023","format":false,"excerpt":"","rel":"","context":"Similar post","block_context":{"text":"Similar post","link":""},"img":{"alt_text":"","src":"https:\/\/i0.wp.com\/tp-electric.vn\/wp-content\/uploads\/2023\/02\/AVK-150-B-Klemsan.jpg?resize=350%2C200&ssl=1","width":350,"height":200,"srcset":"https:\/\/i0.wp.com\/tp-electric.vn\/wp-content\/uploads\/2023\/02\/AVK-150-B-Klemsan.jpg?resize=350%2C200&ssl=1 1x, https:\/\/i0.wp.com\/tp-electric.vn\/wp-content\/uploads\/2023\/02\/AVK-150-B-Klemsan.jpg?resize=700%2C400&ssl=1 2x"},"classes":[]},{"id":2718,"url":"https:\/\/tp-electric.vn\/index.php\/san-pham\/cau-dau-day-klemsan-avk-10-10-mm2\/","url_meta":{"origin":2723,"position":1},"title":"C\u1ea7u \u0111\u1ea5u d\u00e2y Klemsan AVK 10 &#8211; 10 mm2","author":"","date":"07\/02\/2023","format":false,"excerpt":"","rel":"","context":"Similar post","block_context":{"text":"Similar post","link":""},"img":{"alt_text":"","src":"https:\/\/i0.wp.com\/tp-electric.vn\/wp-content\/uploads\/2023\/02\/AVK-10-Klemsan.jpg?resize=350%2C200&ssl=1","width":350,"height":200},"classes":[]},{"id":3803,"url":"https:\/\/tp-electric.vn\/index.php\/san-pham\/dau-cose-van-vit-2\/","url_meta":{"origin":2723,"position":2},"title":"\u0110\u1ea7u cose v\u1eb7n v\u00edt","author":"V\u00e2n Kh\u00e1nh","date":"20\/07\/2024","format":false,"excerpt":"M\u00f4 t\u1ea3 : Ti\u00eau chu\u1ea9n: IEC 62561 \u2013 1, BS EN 1982 V\u1eadt li\u1ec7u: H\u1ee3p kim \u0111\u1ed3ng Xu\u1ea5t x\u1ee9: Kumwell - Th\u00e1i Lan","rel":"","context":"Similar post","block_context":{"text":"Similar post","link":""},"img":{"alt_text":"","src":"","width":0,"height":0},"classes":[]},{"id":3089,"url":"https:\/\/tp-electric.vn\/index.php\/san-pham\/dau-cose-van-vit\/","url_meta":{"origin":2723,"position":3},"title":"\u0110\u1ea7u cose v\u1eb7n v\u00edt","author":"","date":"14\/02\/2023","format":false,"excerpt":"M\u00f4 t\u1ea3 : Ti\u00eau chu\u1ea9n: IEC 62561 \u2013 1, BS EN 1982 V\u1eadt li\u1ec7u: H\u1ee3p kim \u0111\u1ed3ng Xu\u1ea5t x\u1ee9: Kumwell - Th\u00e1i Lan","rel":"","context":"Similar post","block_context":{"text":"Similar post","link":""},"img":{"alt_text":"","src":"","width":0,"height":0},"classes":[]},{"id":3506,"url":"https:\/\/tp-electric.vn\/index.php\/san-pham\/domino-khoi-fit-den\/","url_meta":{"origin":2723,"position":4},"title":"DOMINO KH\u1ed0I FIT \u0110EN","author":"","date":"14\/04\/2023","format":false,"excerpt":"C\u1ea7u \u0111\u1ea5u d\u00e2y \u0111i\u1ec7n domino kh\u1ed1i fit \u0111en th\u01b0\u1eddng \u0111\u01b0\u1ee3c s\u1eed d\u1ee5ng trong \u0111\u1ea5u n\u1ed1i t\u1ee7 b\u1ea3ng \u0111i\u1ec7n c\u00f4ng nghi\u1ec7p, c\u00f3 th\u1ec3 \u0111\u1ea5u n\u1ed1i t\u1eeb 3P \u0111\u1ebfn 20P. \u00a0\u01afU \u0110I\u1ec2M: C\u1ea7u \u0111\u1ea5u \u0111i\u1ec7n domino kh\u1ed1i \u0111\u1eb7t ti\u00eau chu\u1ea9n IEC Ch\u1ea5t li\u1ec7u t\u1ed1t, chi\u1ee5 nhi\u1ec7t cao \u0110a d\u1ea1ng k\u00edch th\u01b0\u1edbc, cho\u2026","rel":"","context":"Similar post","block_context":{"text":"Similar post","link":""},"img":{"alt_text":"","src":"https:\/\/i0.wp.com\/tp-electric.vn\/wp-content\/uploads\/2023\/04\/DOMINO-FIT-DEN.png?fit=300%2C300&ssl=1&resize=350%2C200","width":350,"height":200},"classes":[]},{"id":3048,"url":"https:\/\/tp-electric.vn\/index.php\/san-pham\/bang-dong-mem-ma-thiec-loai-2-lo\/","url_meta":{"origin":2723,"position":5},"title":"B\u1ea3ng \u0111\u1ed3ng m\u1ec1m m\u1ea1 thi\u1ebfc lo\u1ea1i 2 l\u1ed7","author":"","date":"14\/02\/2023","format":false,"excerpt":"M\u00f4 t\u1ea3 : V\u1eadt li\u1ec7u: \u0110\u1ed3ng m\u1ea1 thi\u1ebfc Xu\u1ea5t x\u1ee9: Kumwell - Th\u00e1i Lan \u1ee8ng d\u1ee5ng:\u00a0Ph\u00f9 h\u1ee3p \u0111\u1ec3 k\u1ebft n\u1ed1i v\u1edbi h\u00e0ng r\u00e0o,c\u1ed5ng , c\u1eeda b\u1eb1ng kim lo\u1ea1i, vv...\u1ede nh\u1eefng n\u01a1i linh ho\u1ea1t kh\u00f4ng c\u1ed1 \u0111\u1ecbnh c\u1ea7n y\u00eau c\u1ea7u li\u00ean k\u1ebft nh\u01b0ng \u0111\u1ed1i t\u01b0\u1ee3ng di \u0111\u1ed9ng.","rel":"","context":"Similar post","block_context":{"text":"Similar post","link":""},"img":{"alt_text":"","src":"","width":0,"height":0},"classes":[]}],"_links":{"self":[{"href":"https:\/\/tp-electric.vn\/index.php\/wp-json\/wp\/v2\/product\/2723"}],"collection":[{"href":"https:\/\/tp-electric.vn\/index.php\/wp-json\/wp\/v2\/product"}],"about":[{"href":"https:\/\/tp-electric.vn\/index.php\/wp-json\/wp\/v2\/types\/product"}],"replies":[{"embeddable":true,"href":"https:\/\/tp-electric.vn\/index.php\/wp-json\/wp\/v2\/comments?post=2723"}],"wp:featuredmedia":[{"embeddable":true,"href":"https:\/\/tp-electric.vn\/index.php\/wp-json\/wp\/v2\/media\/2725"}],"wp:attachment":[{"href":"https:\/\/tp-electric.vn\/index.php\/wp-json\/wp\/v2\/media?parent=2723"}],"wp:term":[{"taxonomy":"product_cat","embeddable":true,"href":"https:\/\/tp-electric.vn\/index.php\/wp-json\/wp\/v2\/product_cat?post=2723"},{"taxonomy":"product_tag","embeddable":true,"href":"https:\/\/tp-electric.vn\/index.php\/wp-json\/wp\/v2\/product_tag?post=2723"}],"curies":[{"name":"wp","href":"https:\/\/api.w.org\/{rel}","templated":true}]}}