{"id":2718,"date":"2023-02-07T10:40:21","date_gmt":"2023-02-07T03:40:21","guid":{"rendered":"https:\/\/tp-electric.vn\/?post_type=product&#038;p=2718"},"modified":"2024-12-12T15:10:09","modified_gmt":"2024-12-12T08:10:09","slug":"cau-dau-day-klemsan-avk-10-10-mm2","status":"publish","type":"product","link":"https:\/\/tp-electric.vn\/index.php\/san-pham\/cau-dau-day-klemsan-avk-10-10-mm2\/","title":{"rendered":"C\u1ea7u \u0111\u1ea5u d\u00e2y Klemsan AVK 10 &#8211; 10 mm2"},"content":{"rendered":"<p><img decoding=\"async\" loading=\"lazy\" class=\"alignnone size-full wp-image-2720\" src=\"https:\/\/i0.wp.com\/tp-electric.vn\/wp-content\/uploads\/2023\/02\/AVK-10-Klemsan.jpg?resize=659%2C1149&#038;ssl=1\" alt=\"\" width=\"659\" height=\"1149\" data-recalc-dims=\"1\" \/><\/p>\n","protected":false},"excerpt":{"rendered":"","protected":false},"featured_media":2721,"comment_status":"open","ping_status":"closed","template":"","meta":[],"product_cat":[169,184,185],"product_tag":[],"jetpack-related-posts":[{"id":2723,"url":"https:\/\/tp-electric.vn\/index.php\/san-pham\/cau-dau-day-klemsan-avk-150-150-mm2\/","url_meta":{"origin":2718,"position":0},"title":"C\u1ea7u \u0111\u1ea5u d\u00e2y Klemsan AVK 150 &#8211; 150 mm2","author":"","date":"07\/02\/2023","format":false,"excerpt":"","rel":"","context":"Similar post","block_context":{"text":"Similar post","link":""},"img":{"alt_text":"","src":"https:\/\/i0.wp.com\/tp-electric.vn\/wp-content\/uploads\/2023\/02\/AVK-150-Klemsan.jpg?resize=350%2C200&ssl=1","width":350,"height":200},"classes":[]},{"id":2726,"url":"https:\/\/tp-electric.vn\/index.php\/san-pham\/cau-dau-day-klemsan-avk-150-b-150-mm2\/","url_meta":{"origin":2718,"position":1},"title":"C\u1ea7u \u0111\u1ea5u d\u00e2y Klemsan AVK 150 B &#8211; 150 mm2","author":"","date":"07\/02\/2023","format":false,"excerpt":"","rel":"","context":"Similar post","block_context":{"text":"Similar post","link":""},"img":{"alt_text":"","src":"https:\/\/i0.wp.com\/tp-electric.vn\/wp-content\/uploads\/2023\/02\/AVK-150-B-Klemsan.jpg?resize=350%2C200&ssl=1","width":350,"height":200,"srcset":"https:\/\/i0.wp.com\/tp-electric.vn\/wp-content\/uploads\/2023\/02\/AVK-150-B-Klemsan.jpg?resize=350%2C200&ssl=1 1x, https:\/\/i0.wp.com\/tp-electric.vn\/wp-content\/uploads\/2023\/02\/AVK-150-B-Klemsan.jpg?resize=700%2C400&ssl=1 2x"},"classes":[]},{"id":3506,"url":"https:\/\/tp-electric.vn\/index.php\/san-pham\/domino-khoi-fit-den\/","url_meta":{"origin":2718,"position":2},"title":"DOMINO KH\u1ed0I FIT \u0110EN","author":"","date":"14\/04\/2023","format":false,"excerpt":"C\u1ea7u \u0111\u1ea5u d\u00e2y \u0111i\u1ec7n domino kh\u1ed1i fit \u0111en th\u01b0\u1eddng \u0111\u01b0\u1ee3c s\u1eed d\u1ee5ng trong \u0111\u1ea5u n\u1ed1i t\u1ee7 b\u1ea3ng \u0111i\u1ec7n c\u00f4ng nghi\u1ec7p, c\u00f3 th\u1ec3 \u0111\u1ea5u n\u1ed1i t\u1eeb 3P \u0111\u1ebfn 20P. \u00a0\u01afU \u0110I\u1ec2M: C\u1ea7u \u0111\u1ea5u \u0111i\u1ec7n domino kh\u1ed1i \u0111\u1eb7t ti\u00eau chu\u1ea9n IEC Ch\u1ea5t li\u1ec7u t\u1ed1t, chi\u1ee5 nhi\u1ec7t cao \u0110a d\u1ea1ng k\u00edch th\u01b0\u1edbc, cho\u2026","rel":"","context":"Similar post","block_context":{"text":"Similar post","link":""},"img":{"alt_text":"","src":"https:\/\/i0.wp.com\/tp-electric.vn\/wp-content\/uploads\/2023\/04\/DOMINO-FIT-DEN.png?fit=300%2C300&ssl=1&resize=350%2C200","width":350,"height":200},"classes":[]},{"id":3803,"url":"https:\/\/tp-electric.vn\/index.php\/san-pham\/dau-cose-van-vit-2\/","url_meta":{"origin":2718,"position":3},"title":"\u0110\u1ea7u cose v\u1eb7n v\u00edt","author":"V\u00e2n Kh\u00e1nh","date":"20\/07\/2024","format":false,"excerpt":"M\u00f4 t\u1ea3 : Ti\u00eau chu\u1ea9n: IEC 62561 \u2013 1, BS EN 1982 V\u1eadt li\u1ec7u: H\u1ee3p kim \u0111\u1ed3ng Xu\u1ea5t x\u1ee9: Kumwell - Th\u00e1i Lan","rel":"","context":"Similar post","block_context":{"text":"Similar post","link":""},"img":{"alt_text":"","src":"","width":0,"height":0},"classes":[]},{"id":3089,"url":"https:\/\/tp-electric.vn\/index.php\/san-pham\/dau-cose-van-vit\/","url_meta":{"origin":2718,"position":4},"title":"\u0110\u1ea7u cose v\u1eb7n v\u00edt","author":"","date":"14\/02\/2023","format":false,"excerpt":"M\u00f4 t\u1ea3 : Ti\u00eau chu\u1ea9n: IEC 62561 \u2013 1, BS EN 1982 V\u1eadt li\u1ec7u: H\u1ee3p kim \u0111\u1ed3ng Xu\u1ea5t x\u1ee9: Kumwell - Th\u00e1i Lan","rel":"","context":"Similar post","block_context":{"text":"Similar post","link":""},"img":{"alt_text":"","src":"","width":0,"height":0},"classes":[]},{"id":2668,"url":"https:\/\/tp-electric.vn\/index.php\/san-pham\/timer-t1-m5\/","url_meta":{"origin":2718,"position":5},"title":"TIMER T1-M5","author":"","date":"03\/02\/2023","format":false,"excerpt":"H\u00e3ng s\u1ea3n xu\u1ea5t: KLEMSAN Xu\u1ea5t x\u1ee9: Th\u1ed5 Nh\u0129 K\u1ef3 \u0110\u1ea1t ti\u00eau chu\u1ea9n Ch\u00e2u \u00c2u T\u1ed5ng quan s\u1ea3n ph\u1ea9m: -\u00a0Chi\u1ec1u r\u1ed9ng 17.5 mm -\u00a0\u0110\u00e8n LED th\u1ec3 hi\u1ec7n ch\u1ebf\u0111\u1ed9 ho\u1ea1t \u0111\u1ed9ng -\u00a0D\u00e3i \u0111i\u1ec7n \u00e1p c\u1ea5p 24..300 VAC\/DC -\u00a0Gi\u1ea3i ph\u00e1p t\u1ed1t nh\u1ea5t cho c\u00e1c \u1ee9ng d\u1ee5ng c\u00f3 \u0111\u1ed9 ch\u00ednh x\u00e1c cao -\u00a0Ch\u1ebf \u0111\u1ed9\u2026","rel":"","context":"Similar post","block_context":{"text":"Similar post","link":""},"img":{"alt_text":"","src":"https:\/\/i0.wp.com\/tp-electric.vn\/wp-content\/uploads\/2023\/02\/11.png?fit=495%2C773&ssl=1&resize=350%2C200","width":350,"height":200},"classes":[]}],"_links":{"self":[{"href":"https:\/\/tp-electric.vn\/index.php\/wp-json\/wp\/v2\/product\/2718"}],"collection":[{"href":"https:\/\/tp-electric.vn\/index.php\/wp-json\/wp\/v2\/product"}],"about":[{"href":"https:\/\/tp-electric.vn\/index.php\/wp-json\/wp\/v2\/types\/product"}],"replies":[{"embeddable":true,"href":"https:\/\/tp-electric.vn\/index.php\/wp-json\/wp\/v2\/comments?post=2718"}],"wp:featuredmedia":[{"embeddable":true,"href":"https:\/\/tp-electric.vn\/index.php\/wp-json\/wp\/v2\/media\/2721"}],"wp:attachment":[{"href":"https:\/\/tp-electric.vn\/index.php\/wp-json\/wp\/v2\/media?parent=2718"}],"wp:term":[{"taxonomy":"product_cat","embeddable":true,"href":"https:\/\/tp-electric.vn\/index.php\/wp-json\/wp\/v2\/product_cat?post=2718"},{"taxonomy":"product_tag","embeddable":true,"href":"https:\/\/tp-electric.vn\/index.php\/wp-json\/wp\/v2\/product_tag?post=2718"}],"curies":[{"name":"wp","href":"https:\/\/api.w.org\/{rel}","templated":true}]}}