{"id":2715,"date":"2023-02-07T10:30:35","date_gmt":"2023-02-07T03:30:35","guid":{"rendered":"https:\/\/tp-electric.vn\/?post_type=product&#038;p=2715"},"modified":"2024-12-12T15:10:09","modified_gmt":"2024-12-12T08:10:09","slug":"plc-relay-2","status":"publish","type":"product","link":"https:\/\/tp-electric.vn\/index.php\/san-pham\/plc-relay-2\/","title":{"rendered":"PLC Relay"},"content":{"rendered":"<p><strong>&#8211;\u00a0<\/strong>Ti\u1ebft ki\u1ec7m di\u1ec7n t\u00edch kh\u00f4ng gian t\u1ee7 \u0111i\u1ec7n<\/p>\n<p>&#8211; C\u00f3 LED hi\u1ec3n th\u1ecb tr\u1ea1ng th\u00e1i<\/p>\n<p>&#8211; L\u1eafp \u0111\u1eb7t d\u1ec5 d\u00e0ng<\/p>\n<p>&#8211; D\u1ec5 d\u00e0ng t\u00e1ch r\u1eddi<\/p>\n<p>&#8211; Tu\u1ed5i th\u1ecd \u0111\u00f3ng ng\u1eaft v\u00e0 \u0111\u1ed9 b\u1ec1n cao<\/p>\n<p><strong>&#8211;\u00a0<\/strong>Th\u00edch h\u1ee3p s\u1eed d\u1ee5ng cho c\u00e1c \u1ee9ng d\u1ee5ng trong c\u00e1c m\u00f4i tr\u01b0\u1eddng kh\u1eafc nghi\u1ec7t, b\u1ee5i b\u1ea9n, d\u1ec5 ch\u00e1y, n\u1ed5,..<\/p>\n","protected":false},"excerpt":{"rendered":"<p>&#8211;\u00a0Ti\u1ebft ki\u1ec7m di\u1ec7n t\u00edch kh\u00f4ng gian t\u1ee7 \u0111i\u1ec7n &#8211; C\u00f3 LED hi\u1ec3n th\u1ecb tr\u1ea1ng th\u00e1i &#8211; L\u1eafp \u0111\u1eb7t d\u1ec5 d\u00e0ng &#8211; D\u1ec5 d\u00e0ng t\u00e1ch r\u1eddi &#8211; Tu\u1ed5i th\u1ecd \u0111\u00f3ng ng\u1eaft v\u00e0 \u0111\u1ed9 b\u1ec1n cao &#8211;\u00a0Th\u00edch h\u1ee3p s\u1eed d\u1ee5ng cho c\u00e1c \u1ee9ng d\u1ee5ng trong c\u00e1c m\u00f4i tr\u01b0\u1eddng kh\u1eafc nghi\u1ec7t, b\u1ee5i b\u1ea9n, d\u1ec5 ch\u00e1y, n\u1ed5,..<\/p>\n","protected":false},"featured_media":2716,"comment_status":"open","ping_status":"closed","template":"","meta":[],"product_cat":[170,183],"product_tag":[],"jetpack-related-posts":[{"id":2803,"url":"https:\/\/tp-electric.vn\/index.php\/san-pham\/dau-cose-pin\/","url_meta":{"origin":2715,"position":0},"title":"\u0110\u1ea7u cose c\u00e1c lo\u1ea1i","author":"","date":"08\/02\/2023","format":false,"excerpt":"\u0110\u1ea7u c\u1ed1t (Coss) c\u00f3 t\u00ean ti\u1ebfng Anh l\u00e0 COSSE ho\u1eb7c Terminal l\u00e0 thi\u1ebft b\u1ecb k\u1ebft n\u1ed1i trong ng\u00e0nh \u0111i\u1ec7n, c\u00f3 t\u00e1c d\u1ee5ng truy\u1ec1n t\u1ea3i \u0111i\u1ec7n n\u0103ng nh\u1eb1m t\u0103ng kh\u1ea3 n\u0103ng d\u1eabn \u0111i\u1ec7n gi\u1eef c\u00e1p \u0111i\u1ec7n v\u1edbi c\u00e1p \u0111i\u00ean ho\u1eb7c gi\u1eefa c\u00e1p \u0111i\u1ec7n v\u1edbi c\u00e1c thi\u1ebft b\u1ecb kh\u00e1c","rel":"","context":"Similar post","block_context":{"text":"Similar post","link":""},"img":{"alt_text":"","src":"https:\/\/i0.wp.com\/tp-electric.vn\/wp-content\/uploads\/2023\/02\/1-6.png?fit=300%2C300&ssl=1&resize=350%2C200","width":350,"height":200},"classes":[]},{"id":2657,"url":"https:\/\/tp-electric.vn\/index.php\/san-pham\/plc-relay\/","url_meta":{"origin":2715,"position":1},"title":"PLC Relay","author":"","date":"03\/02\/2023","format":false,"excerpt":"\u00a0Ti\u1ebft ki\u1ec7m di\u1ec7n t\u00edch kh\u00f4ng gian t\u1ee7 \u0111i\u1ec7n - C\u00f3 LED hi\u1ec3n th\u1ecb tr\u1ea1ng th\u00e1i - L\u1eafp \u0111\u1eb7t d\u1ec5 d\u00e0ng - D\u1ec5 d\u00e0ng t\u00e1ch r\u1eddi - Tu\u1ed5i th\u1ecd \u0111\u00f3ng ng\u1eaft v\u00e0 \u0111\u1ed9 b\u1ec1n cao -\u00a0Th\u00edch h\u1ee3p s\u1eed d\u1ee5ng cho c\u00e1c \u1ee9ng d\u1ee5ng trong c\u00e1c m\u00f4i tr\u01b0\u1eddng kh\u1eafc nghi\u1ec7t, b\u1ee5i b\u1ea9n,\u2026","rel":"","context":"Similar post","block_context":{"text":"Similar post","link":""},"img":{"alt_text":"","src":"https:\/\/i0.wp.com\/tp-electric.vn\/wp-content\/uploads\/2023\/02\/3.png?fit=659%2C665&ssl=1&resize=350%2C200","width":350,"height":200},"classes":[]},{"id":3506,"url":"https:\/\/tp-electric.vn\/index.php\/san-pham\/domino-khoi-fit-den\/","url_meta":{"origin":2715,"position":2},"title":"DOMINO KH\u1ed0I FIT \u0110EN","author":"","date":"14\/04\/2023","format":false,"excerpt":"C\u1ea7u \u0111\u1ea5u d\u00e2y \u0111i\u1ec7n domino kh\u1ed1i fit \u0111en th\u01b0\u1eddng \u0111\u01b0\u1ee3c s\u1eed d\u1ee5ng trong \u0111\u1ea5u n\u1ed1i t\u1ee7 b\u1ea3ng \u0111i\u1ec7n c\u00f4ng nghi\u1ec7p, c\u00f3 th\u1ec3 \u0111\u1ea5u n\u1ed1i t\u1eeb 3P \u0111\u1ebfn 20P. \u00a0\u01afU \u0110I\u1ec2M: C\u1ea7u \u0111\u1ea5u \u0111i\u1ec7n domino kh\u1ed1i \u0111\u1eb7t ti\u00eau chu\u1ea9n IEC Ch\u1ea5t li\u1ec7u t\u1ed1t, chi\u1ee5 nhi\u1ec7t cao \u0110a d\u1ea1ng k\u00edch th\u01b0\u1edbc, cho\u2026","rel":"","context":"Similar post","block_context":{"text":"Similar post","link":""},"img":{"alt_text":"","src":"https:\/\/i0.wp.com\/tp-electric.vn\/wp-content\/uploads\/2023\/04\/DOMINO-FIT-DEN.png?fit=300%2C300&ssl=1&resize=350%2C200","width":350,"height":200},"classes":[]},{"id":3495,"url":"https:\/\/tp-electric.vn\/index.php\/san-pham\/nut-nhan-loai-khoi-abb\/","url_meta":{"origin":2715,"position":3},"title":"N\u00daT NH\u1ea4N LO\u1ea0I KH\u1ed0I ABB","author":"","date":"14\/04\/2023","format":false,"excerpt":"C\u00e1c lo\u1ea1i n\u00fat nh\u1ea5n ABB g\u1ed3m n\u00fat nh\u1ea5n nh\u1ea3, n\u00fat nh\u1ea5n c\u00f3 \u0111\u00e8n b\u00e1o, n\u00fat d\u1eebng kh\u1ea9n c\u1ea5p \u0111a d\u1ea1ng v\u1ec1 m\u00e0u s\u1eafc, ki\u1ec3u d\u00e1ng, nh\u01b0 \u0111en, xanh, \u0111\u1ecf, v\u00e0ng, cam. \u00a0\u01afU \u0110I\u1ec2M: \u0110\u1ed9 b\u1ec1n c\u01a1 kh\u00ed: 500.000 l\u1ea7n thao t\u00e1c \u0110i\u1ec7n \u00e1p c\u00e1ch \u0111i\u1ec7n 300V D\u00f2ng \u0111\u1ecbnh m\u1ee9c nhi\u1ec7t\u2026","rel":"","context":"Similar post","block_context":{"text":"Similar post","link":""},"img":{"alt_text":"","src":"https:\/\/i0.wp.com\/tp-electric.vn\/wp-content\/uploads\/2023\/04\/Untitled-1.png?fit=300%2C300&ssl=1&resize=350%2C200","width":350,"height":200},"classes":[]},{"id":3502,"url":"https:\/\/tp-electric.vn\/index.php\/san-pham\/phich-cam-cong-nghiep\/","url_meta":{"origin":2715,"position":4},"title":"PH\u00cdCH C\u1eaeM C\u00d4NG NGHI\u1ec6P","author":"","date":"14\/04\/2023","format":false,"excerpt":"Ph\u00edch c\u1eafm di \u0111\u1ed9ng ch\u1ed1ng n\u01b0\u1edbc IP67 PK Schneider c\u00f3 thi\u1ebft k\u1ebf nh\u1ecf g\u1ecdn, tr\u1ecdng l\u01b0\u1ee3ng nh\u1eb9, \u0111\u1ed9 an to\u00e0n v\u00e0 kh\u1ea3 n\u0103ng c\u00e1ch \u0111i\u1ec7n cao. \u00a0\u01afU \u0110I\u1ec2M: Ch\u1ed1ng n\u01b0\u1edbc, b\u1ee5i b\u1ea9n \u0111\u1ea1t c\u1ea5p \u0111\u1ed9 IP67 S\u1ed1 c\u1ef1c t\u01b0\u01a1ng th\u00edch 2P+E, 3P+E, 4P+E Ch\u1ecbu m\u1ee9c d\u00f2ng \u0111i\u1ec7n 16A \u0111\u1ebfn 125A\u2026","rel":"","context":"Similar post","block_context":{"text":"Similar post","link":""},"img":{"alt_text":"","src":"https:\/\/i0.wp.com\/tp-electric.vn\/wp-content\/uploads\/2023\/04\/phich-cam-cong-nghiep.png?fit=300%2C300&ssl=1&resize=350%2C200","width":350,"height":200},"classes":[]},{"id":3541,"url":"https:\/\/tp-electric.vn\/index.php\/san-pham\/weidmuller-7kw-1pha-we01-07\/","url_meta":{"origin":2715,"position":5},"title":"WEIDMULLER 7KW-1PHA (WE01-07)","author":"","date":"12\/06\/2023","format":false,"excerpt":"1. T\u00ecm hi\u1ec3u th\u01b0\u01a1ng hi\u1ec7u Weidmuller C\u00f4ng ty Weidmuller \u0111\u01b0\u1ee3c th\u00e0nh l\u1eadp t\u1eeb n\u0103m 1850. \u00a0 Weidmuller\u00a0\u2013\u00a0th\u01b0\u01a1ng hi\u1ec7u h\u00e0ng \u0111\u1ea7u \u0111\u1ebfn t\u1eeb\u00a0\u0110\u1ee9c, \u0111\u00e3 \u0111\u01b0\u1ee3c th\u1eeba nh\u1eadn v\u00e0 t\u00edn nhi\u1ec7m trong ng\u00e0nh c\u00f4ng nghi\u1ec7p to\u00e0n c\u1ea7u.\u00a0V\u1edbi h\u01a1n 160 n\u0103m kinh nghi\u1ec7m (t\u1eeb 1850),\u00a0Weidmuller \u0111\u00e3 tr\u1edf th\u00e0nh m\u1ed9t nh\u00e0 cung c\u1ea5p uy\u2026","rel":"","context":"Similar post","block_context":{"text":"Similar post","link":""},"img":{"alt_text":"","src":"https:\/\/i0.wp.com\/tp-electric.vn\/wp-content\/uploads\/2023\/06\/bo-sac-2.png?fit=664%2C664&ssl=1&resize=350%2C200","width":350,"height":200},"classes":[]}],"_links":{"self":[{"href":"https:\/\/tp-electric.vn\/index.php\/wp-json\/wp\/v2\/product\/2715"}],"collection":[{"href":"https:\/\/tp-electric.vn\/index.php\/wp-json\/wp\/v2\/product"}],"about":[{"href":"https:\/\/tp-electric.vn\/index.php\/wp-json\/wp\/v2\/types\/product"}],"replies":[{"embeddable":true,"href":"https:\/\/tp-electric.vn\/index.php\/wp-json\/wp\/v2\/comments?post=2715"}],"wp:featuredmedia":[{"embeddable":true,"href":"https:\/\/tp-electric.vn\/index.php\/wp-json\/wp\/v2\/media\/2716"}],"wp:attachment":[{"href":"https:\/\/tp-electric.vn\/index.php\/wp-json\/wp\/v2\/media?parent=2715"}],"wp:term":[{"taxonomy":"product_cat","embeddable":true,"href":"https:\/\/tp-electric.vn\/index.php\/wp-json\/wp\/v2\/product_cat?post=2715"},{"taxonomy":"product_tag","embeddable":true,"href":"https:\/\/tp-electric.vn\/index.php\/wp-json\/wp\/v2\/product_tag?post=2715"}],"curies":[{"name":"wp","href":"https:\/\/api.w.org\/{rel}","templated":true}]}}