{"id":2710,"date":"2023-02-07T10:23:17","date_gmt":"2023-02-07T03:23:17","guid":{"rendered":"https:\/\/tp-electric.vn\/?post_type=product&#038;p=2710"},"modified":"2024-12-12T15:10:08","modified_gmt":"2024-12-12T08:10:08","slug":"mccb-3p-25ka-160a","status":"publish","type":"product","link":"https:\/\/tp-electric.vn\/index.php\/san-pham\/mccb-3p-25ka-160a\/","title":{"rendered":"MCCB 3P, 25KA, 160A"},"content":{"rendered":"<p><b>Chi ti\u1ebft s\u1ea3n ph\u1ea9m:<\/b><\/p>\n<p>S\u1ea3n xu\u1ea5t theo ti\u00eau chu\u1ea9n IEC \/ EN 60947-2 v\u00e0 CE v\u00e0 \u0111\u01b0\u1ee3c s\u1eed d\u1ee5ng \u0111\u1ec3 b\u1ea3o v\u1ec7 c\u00e1c m\u1ea1ch c\u00f3 \u0111\u1eb7c \u0111i\u1ec3m kh\u00e1c nhau nh\u01b0 c\u00e1p, \u0111\u1ed9ng c\u01a1, \u00e1nh s\u00e1ng, m\u00e1y ph\u00e1t \u0111i\u1ec7n, v.v \u2026)<\/p>\n<p><b>Th\u00f4ng s\u1ed1 k\u1ef9 thu\u1eadt :<\/b><\/p>\n<p>S\u1ed1 c\u1ef1c: 3 c\u1ef1c<\/p>\n<p>D\u00f2ng c\u1eaft (Icu): 25kA<\/p>\n<p>D\u00f2ng \u0111\u1ecbnh m\u1ee9c (Idm): 160 A<\/p>\n<p><b>C\u00f3 4 ch\u1ee9c n\u0103ng ch\u00ednh nh\u01b0 :<\/b><\/p>\n<p>\u0110\u00f3ng v\u00e0 chuy\u1ec3n m\u1ea1ch<\/p>\n<p>B\u1ea3o v\u1ec7 qu\u00e1 t\u1ea3i<\/p>\n<p>B\u1ea3o v\u1ec7 ng\u1eafn m\u1ea1nh<\/p>\n<p>B\u1ea3o v\u1ec7 ch\u1ed1ng d\u00f2ng r\u00f2 ch\u1ea1m \u0111\u1ea5t ( v\u1edbi s\u1ef1 k\u1ebft h\u1ee3p relay b\u1ea3o v\u1ec7 ch\u1ea1m \u0111\u1ea5t).<\/p>\n","protected":false},"excerpt":{"rendered":"<p><b>Th\u00f4ng s\u1ed1 k\u1ef9 thu\u1eadt :<\/b><\/p>\n<p>S\u1ed1 c\u1ef1c: 3 c\u1ef1c<\/p>\n<p>D\u00f2ng c\u1eaft (Icu): 25kA<\/p>\n<p>D\u00f2ng \u0111\u1ecbnh m\u1ee9c (Idm): 160A<\/p>\n","protected":false},"featured_media":2747,"comment_status":"open","ping_status":"closed","template":"","meta":[],"product_cat":[175],"product_tag":[],"jetpack-related-posts":[{"id":2705,"url":"https:\/\/tp-electric.vn\/index.php\/san-pham\/mccb-3p-25ka-100a\/","url_meta":{"origin":2710,"position":0},"title":"MCCB 3P, 25KA, 100A","author":"","date":"07\/02\/2023","format":false,"excerpt":"Th\u00f4ng s\u1ed1 k\u1ef9 thu\u1eadt : S\u1ed1 c\u1ef1c: 3 c\u1ef1c D\u00f2ng c\u1eaft (Icu): 25kA D\u00f2ng \u0111\u1ecbnh m\u1ee9c (Idm): 100A","rel":"","context":"Similar post","block_context":{"text":"Similar post","link":""},"img":{"alt_text":"","src":"https:\/\/i0.wp.com\/tp-electric.vn\/wp-content\/uploads\/2023\/02\/MCCB-100A-1.png?fit=300%2C300&ssl=1&resize=350%2C200","width":350,"height":200},"classes":[]},{"id":2707,"url":"https:\/\/tp-electric.vn\/index.php\/san-pham\/mccb-3p-25ka-125a\/","url_meta":{"origin":2710,"position":1},"title":"MCCB 3P, 25KA, 125A","author":"","date":"07\/02\/2023","format":false,"excerpt":"Th\u00f4ng s\u1ed1 k\u1ef9 thu\u1eadt : S\u1ed1 c\u1ef1c: 3 c\u1ef1c D\u00f2ng c\u1eaft (Icu): 25kA D\u00f2ng \u0111\u1ecbnh m\u1ee9c (Idm): 125A","rel":"","context":"Similar post","block_context":{"text":"Similar post","link":""},"img":{"alt_text":"","src":"https:\/\/i0.wp.com\/tp-electric.vn\/wp-content\/uploads\/2023\/02\/mccb-125-1.png?fit=300%2C300&ssl=1&resize=350%2C200","width":350,"height":200},"classes":[]},{"id":2712,"url":"https:\/\/tp-electric.vn\/index.php\/san-pham\/mccb-3p-25ka-200a\/","url_meta":{"origin":2710,"position":2},"title":"MCCB 3P, 25kA, 200A","author":"","date":"07\/02\/2023","format":false,"excerpt":"Th\u00f4ng s\u1ed1 k\u1ef9 thu\u1eadt : S\u1ed1 c\u1ef1c: 3 c\u1ef1c D\u00f2ng c\u1eaft (Icu): 25kA D\u00f2ng \u0111\u1ecbnh m\u1ee9c (Idm): 200 A","rel":"","context":"Similar post","block_context":{"text":"Similar post","link":""},"img":{"alt_text":"","src":"https:\/\/i0.wp.com\/tp-electric.vn\/wp-content\/uploads\/2023\/02\/mccb-200-1.png?fit=300%2C300&ssl=1&resize=350%2C200","width":350,"height":200},"classes":[]},{"id":4703,"url":"https:\/\/tp-electric.vn\/index.php\/san-pham\/aptomat-chint-mccb-3-pha-160a-25ka\/","url_meta":{"origin":2710,"position":3},"title":"Aptomat Chint MCCB 3 pha 160A 25kA","author":"Admin","date":"11\/12\/2024","format":false,"excerpt":"M\u00e3 s\u1ea3n ph\u1ea9m: NXM-160S\/3300 160A D\u00f2ng series: NXM CHINT Series Xu\u1ea5t x\u1ee9:\u00a0Trung Qu\u1ed1c Th\u1eddi gian b\u1ea3o h\u00e0nh:\u00a012 th\u00e1ng T\u00ecnh tr\u1ea1ng:\u00a0M\u1edbi 100% H\u00e3ng s\u1ea3n xu\u1ea5t: CHINT [icon name=\"download\" prefix=\"fas\"] Download CATALOGUE Chint Drive Product Training","rel":"","context":"Similar post","block_context":{"text":"Similar post","link":""},"img":{"alt_text":"","src":"https:\/\/i0.wp.com\/tp-electric.vn\/wp-content\/uploads\/2024\/12\/image-2-1.png?fit=500%2C500&ssl=1&resize=350%2C200","width":350,"height":200},"classes":[]},{"id":2692,"url":"https:\/\/tp-electric.vn\/index.php\/san-pham\/mccb-sigma-3p-160a\/","url_meta":{"origin":2710,"position":4},"title":"MCCB SIGMA 3P","author":"","date":"07\/02\/2023","format":false,"excerpt":"\u00a0 \u00a0 MCCB Sigma\u00a0 \u0111\u01b0\u1ee3c s\u1ea3n xu\u1ea5t t\u1ea1i Th\u1ed5 Nh\u0129 K\u1ef3 theo ti\u00eau chu\u1ea9n TS 1058 EN 60947-2 Ch\u1ee9c n\u0103ng ch\u00ednh: M\u1edf v\u00e0 \u0111\u00f3ng m\u1ea1ch B\u1ea3o v\u1ec7 ch\u1ed1ng d\u00f2ng \u0111i\u1ec7n qu\u00e1 t\u1ea3i B\u1ea3o v\u1ec7 ch\u1ed1ng d\u00f2ng \u0111i\u1ec7n ng\u1eafn m\u1ea1ch C\u00e1c t\u00ednh n\u0103ng ch\u00ednh D\u1ea3i d\u00f2ng \u0111i\u1ec7n \u0111\u1ecbnh m\u1ee9c t\u1eeb Idm:\u2026","rel":"","context":"Similar post","block_context":{"text":"Similar post","link":""},"img":{"alt_text":"","src":"https:\/\/i0.wp.com\/tp-electric.vn\/wp-content\/uploads\/2023\/02\/mccb-khoi-3p.jpg?fit=1000%2C1000&ssl=1&resize=350%2C200","width":350,"height":200,"srcset":"https:\/\/i0.wp.com\/tp-electric.vn\/wp-content\/uploads\/2023\/02\/mccb-khoi-3p.jpg?fit=1000%2C1000&ssl=1&resize=350%2C200 1x, https:\/\/i0.wp.com\/tp-electric.vn\/wp-content\/uploads\/2023\/02\/mccb-khoi-3p.jpg?fit=1000%2C1000&ssl=1&resize=700%2C400 2x"},"classes":[]},{"id":2739,"url":"https:\/\/tp-electric.vn\/index.php\/san-pham\/mcb-dc-1000v-sigma\/","url_meta":{"origin":2710,"position":5},"title":"MCB DC 1000V","author":"","date":"07\/02\/2023","format":false,"excerpt":"Thi\u1ebft b\u1ecb \u0111\u00f3ng c\u1eaft, c\u1ea7u dao t\u1ef1 \u0111\u1ed9ng DC, MCB \u2013 4P DC 1000V\u00a0th\u01b0\u01a1ng hi\u1ec7u SIGMA \u0111\u01b0\u1ee3c s\u1eed d\u1ee5ng trong c\u00e1c h\u1ec7 th\u1ed1ng \u0111i\u1ec7n m\u1eb7t tr\u1eddi c\u00f3 \u0111i\u1ec7n \u00e1p DC l\u00ean \u0111\u1ebfn 1000V nh\u1eb1m b\u1ea3o v\u1ec7 c\u00e1c t\u1ea5m pin v\u00e0 inverter an to\u00e0n. S\u1ea3n ph\u1ea9m \u0111\u1ea1t ti\u00eau chu\u1ea9n Ch\u00e2u \u00c2u\u2026","rel":"","context":"Similar post","block_context":{"text":"Similar post","link":""},"img":{"alt_text":"","src":"https:\/\/i0.wp.com\/tp-electric.vn\/wp-content\/uploads\/2023\/02\/cau-dao-mcb-dc-1000v-Sigma.jpg?fit=720%2C720&ssl=1&resize=350%2C200","width":350,"height":200,"srcset":"https:\/\/i0.wp.com\/tp-electric.vn\/wp-content\/uploads\/2023\/02\/cau-dao-mcb-dc-1000v-Sigma.jpg?fit=720%2C720&ssl=1&resize=350%2C200 1x, https:\/\/i0.wp.com\/tp-electric.vn\/wp-content\/uploads\/2023\/02\/cau-dao-mcb-dc-1000v-Sigma.jpg?fit=720%2C720&ssl=1&resize=700%2C400 2x"},"classes":[]}],"_links":{"self":[{"href":"https:\/\/tp-electric.vn\/index.php\/wp-json\/wp\/v2\/product\/2710"}],"collection":[{"href":"https:\/\/tp-electric.vn\/index.php\/wp-json\/wp\/v2\/product"}],"about":[{"href":"https:\/\/tp-electric.vn\/index.php\/wp-json\/wp\/v2\/types\/product"}],"replies":[{"embeddable":true,"href":"https:\/\/tp-electric.vn\/index.php\/wp-json\/wp\/v2\/comments?post=2710"}],"wp:featuredmedia":[{"embeddable":true,"href":"https:\/\/tp-electric.vn\/index.php\/wp-json\/wp\/v2\/media\/2747"}],"wp:attachment":[{"href":"https:\/\/tp-electric.vn\/index.php\/wp-json\/wp\/v2\/media?parent=2710"}],"wp:term":[{"taxonomy":"product_cat","embeddable":true,"href":"https:\/\/tp-electric.vn\/index.php\/wp-json\/wp\/v2\/product_cat?post=2710"},{"taxonomy":"product_tag","embeddable":true,"href":"https:\/\/tp-electric.vn\/index.php\/wp-json\/wp\/v2\/product_tag?post=2710"}],"curies":[{"name":"wp","href":"https:\/\/api.w.org\/{rel}","templated":true}]}}