{"id":2707,"date":"2023-02-07T10:20:39","date_gmt":"2023-02-07T03:20:39","guid":{"rendered":"https:\/\/tp-electric.vn\/?post_type=product&#038;p=2707"},"modified":"2024-12-12T15:10:08","modified_gmt":"2024-12-12T08:10:08","slug":"mccb-3p-25ka-125a","status":"publish","type":"product","link":"https:\/\/tp-electric.vn\/index.php\/san-pham\/mccb-3p-25ka-125a\/","title":{"rendered":"MCCB 3P, 25KA, 125A"},"content":{"rendered":"<p><b>Chi ti\u1ebft s\u1ea3n ph\u1ea9m:<\/b><\/p>\n<p>S\u1ea3n xu\u1ea5t theo ti\u00eau chu\u1ea9n IEC \/ EN 60947-2 v\u00e0 CE v\u00e0 \u0111\u01b0\u1ee3c s\u1eed d\u1ee5ng \u0111\u1ec3 b\u1ea3o v\u1ec7 c\u00e1c m\u1ea1ch c\u00f3 \u0111\u1eb7c \u0111i\u1ec3m kh\u00e1c nhau nh\u01b0 c\u00e1p, \u0111\u1ed9ng c\u01a1, \u00e1nh s\u00e1ng, m\u00e1y ph\u00e1t \u0111i\u1ec7n, v.v \u2026)<\/p>\n<p><b>Th\u00f4ng s\u1ed1 k\u1ef9 thu\u1eadt :<\/b><\/p>\n<p>S\u1ed1 c\u1ef1c: 3 c\u1ef1c<\/p>\n<p>D\u00f2ng c\u1eaft (Icu): 25kA<\/p>\n<p>D\u00f2ng \u0111\u1ecbnh m\u1ee9c (Idm): 125 A<\/p>\n<p><b>C\u00f3 4 ch\u1ee9c n\u0103ng ch\u00ednh nh\u01b0 :<\/b><\/p>\n<p>\u0110\u00f3ng v\u00e0 chuy\u1ec3n m\u1ea1ch<\/p>\n<p>B\u1ea3o v\u1ec7 qu\u00e1 t\u1ea3i<\/p>\n<p>B\u1ea3o v\u1ec7 ng\u1eafn m\u1ea1nh<\/p>\n<p>B\u1ea3o v\u1ec7 ch\u1ed1ng d\u00f2ng r\u00f2 ch\u1ea1m \u0111\u1ea5t ( v\u1edbi s\u1ef1 k\u1ebft h\u1ee3p relay b\u1ea3o v\u1ec7 ch\u1ea1m \u0111\u1ea5t).<\/p>\n","protected":false},"excerpt":{"rendered":"<p><b>Th\u00f4ng s\u1ed1 k\u1ef9 thu\u1eadt :<\/b><\/p>\n<p>S\u1ed1 c\u1ef1c: 3 c\u1ef1c<\/p>\n<p>D\u00f2ng c\u1eaft (Icu): 25kA<\/p>\n<p>D\u00f2ng \u0111\u1ecbnh m\u1ee9c (Idm): 125A<\/p>\n","protected":false},"featured_media":2748,"comment_status":"open","ping_status":"closed","template":"","meta":[],"product_cat":[175],"product_tag":[],"jetpack-related-posts":[{"id":2705,"url":"https:\/\/tp-electric.vn\/index.php\/san-pham\/mccb-3p-25ka-100a\/","url_meta":{"origin":2707,"position":0},"title":"MCCB 3P, 25KA, 100A","author":"","date":"07\/02\/2023","format":false,"excerpt":"Th\u00f4ng s\u1ed1 k\u1ef9 thu\u1eadt : S\u1ed1 c\u1ef1c: 3 c\u1ef1c D\u00f2ng c\u1eaft (Icu): 25kA D\u00f2ng \u0111\u1ecbnh m\u1ee9c (Idm): 100A","rel":"","context":"Similar post","block_context":{"text":"Similar post","link":""},"img":{"alt_text":"","src":"https:\/\/i0.wp.com\/tp-electric.vn\/wp-content\/uploads\/2023\/02\/MCCB-100A-1.png?fit=300%2C300&ssl=1&resize=350%2C200","width":350,"height":200},"classes":[]},{"id":2710,"url":"https:\/\/tp-electric.vn\/index.php\/san-pham\/mccb-3p-25ka-160a\/","url_meta":{"origin":2707,"position":1},"title":"MCCB 3P, 25KA, 160A","author":"","date":"07\/02\/2023","format":false,"excerpt":"Th\u00f4ng s\u1ed1 k\u1ef9 thu\u1eadt : S\u1ed1 c\u1ef1c: 3 c\u1ef1c D\u00f2ng c\u1eaft (Icu): 25kA D\u00f2ng \u0111\u1ecbnh m\u1ee9c (Idm): 160A","rel":"","context":"Similar post","block_context":{"text":"Similar post","link":""},"img":{"alt_text":"","src":"https:\/\/i0.wp.com\/tp-electric.vn\/wp-content\/uploads\/2023\/02\/mccb-160-1.png?fit=300%2C300&ssl=1&resize=350%2C200","width":350,"height":200},"classes":[]},{"id":2712,"url":"https:\/\/tp-electric.vn\/index.php\/san-pham\/mccb-3p-25ka-200a\/","url_meta":{"origin":2707,"position":2},"title":"MCCB 3P, 25kA, 200A","author":"","date":"07\/02\/2023","format":false,"excerpt":"Th\u00f4ng s\u1ed1 k\u1ef9 thu\u1eadt : S\u1ed1 c\u1ef1c: 3 c\u1ef1c D\u00f2ng c\u1eaft (Icu): 25kA D\u00f2ng \u0111\u1ecbnh m\u1ee9c (Idm): 200 A","rel":"","context":"Similar post","block_context":{"text":"Similar post","link":""},"img":{"alt_text":"","src":"https:\/\/i0.wp.com\/tp-electric.vn\/wp-content\/uploads\/2023\/02\/mccb-200-1.png?fit=300%2C300&ssl=1&resize=350%2C200","width":350,"height":200},"classes":[]},{"id":3297,"url":"https:\/\/tp-electric.vn\/index.php\/san-pham\/cau-chi-hop-e90-abb\/","url_meta":{"origin":2707,"position":3},"title":"C\u1ea6U CH\u00cc H\u1ed8P E90 ABB","author":"","date":"25\/02\/2023","format":false,"excerpt":"C\u1ea7u ch\u00ec h\u1ed9p E90 ABB d\u00f2ng s\u1ea3n ph\u1ea9m \u0111\u01b0\u1ee3c d\u00f9ng \u0111\u1ec3 ki\u1ec3m so\u00e1t b\u1ea3o v\u1ec7 m\u1ea1ch \u0111i\u1ec7n trong t\u1ef1 \u0111\u1ed9ng \u0111i\u1ec1u khi\u1ec3n, \u0111\u00f3ng ng\u1eaft m\u1ea1ch, b\u1ea3o v\u1ec7 qu\u00e1 t\u1ea3i v\u1edbi d\u00f2ng \u0111\u1ecbnh m\u1ee9c \u0111\u1ebfn 125A. \u00a0\u01afU \u0110I\u1ec2M: B\u1ea3o v\u1ec7 qu\u00e1 t\u1ea3i, ng\u1eafn m\u1ea1ch tr\u1ecdng m\u1ea1ng \u0111i\u1ec7n h\u1ea1 th\u1ebf S\u1eed d\u1ee5ng\u2026","rel":"","context":"Similar post","block_context":{"text":"Similar post","link":""},"img":{"alt_text":"","src":"https:\/\/i0.wp.com\/tp-electric.vn\/wp-content\/uploads\/2023\/02\/fusse.png?fit=300%2C300&ssl=1&resize=350%2C200","width":350,"height":200},"classes":[]},{"id":2739,"url":"https:\/\/tp-electric.vn\/index.php\/san-pham\/mcb-dc-1000v-sigma\/","url_meta":{"origin":2707,"position":4},"title":"MCB DC 1000V","author":"","date":"07\/02\/2023","format":false,"excerpt":"Thi\u1ebft b\u1ecb \u0111\u00f3ng c\u1eaft, c\u1ea7u dao t\u1ef1 \u0111\u1ed9ng DC, MCB \u2013 4P DC 1000V\u00a0th\u01b0\u01a1ng hi\u1ec7u SIGMA \u0111\u01b0\u1ee3c s\u1eed d\u1ee5ng trong c\u00e1c h\u1ec7 th\u1ed1ng \u0111i\u1ec7n m\u1eb7t tr\u1eddi c\u00f3 \u0111i\u1ec7n \u00e1p DC l\u00ean \u0111\u1ebfn 1000V nh\u1eb1m b\u1ea3o v\u1ec7 c\u00e1c t\u1ea5m pin v\u00e0 inverter an to\u00e0n. S\u1ea3n ph\u1ea9m \u0111\u1ea1t ti\u00eau chu\u1ea9n Ch\u00e2u \u00c2u\u2026","rel":"","context":"Similar post","block_context":{"text":"Similar post","link":""},"img":{"alt_text":"","src":"https:\/\/i0.wp.com\/tp-electric.vn\/wp-content\/uploads\/2023\/02\/cau-dao-mcb-dc-1000v-Sigma.jpg?fit=720%2C720&ssl=1&resize=350%2C200","width":350,"height":200,"srcset":"https:\/\/i0.wp.com\/tp-electric.vn\/wp-content\/uploads\/2023\/02\/cau-dao-mcb-dc-1000v-Sigma.jpg?fit=720%2C720&ssl=1&resize=350%2C200 1x, https:\/\/i0.wp.com\/tp-electric.vn\/wp-content\/uploads\/2023\/02\/cau-dao-mcb-dc-1000v-Sigma.jpg?fit=720%2C720&ssl=1&resize=700%2C400 2x"},"classes":[]},{"id":2942,"url":"https:\/\/tp-electric.vn\/index.php\/san-pham\/aptomat-mccb-formula-abb\/","url_meta":{"origin":2707,"position":5},"title":"APTOMAT MCCB FORMULA ABB","author":"","date":"13\/02\/2023","format":false,"excerpt":"Aptomat MCCB Formula ABB \u0111\u01b0\u1ee3c s\u1ea3n xu\u1ea5t t\u1ea1i \u00dd theo quy tr\u00ecnh ki\u1ec3m tra nghi\u00eam ng\u1eb7t v\u1ec1 ch\u1ea5t l\u01b0\u1ee3ng, \u0111\u1ed9 an to\u00e0n, c\u00f3 kh\u1ea3 n\u0103ng ng\u1eafn m\u1ea1ch, b\u1ea3o v\u1ec7 thi\u1ebft b\u1ecb c\u00f3 d\u00f2ng \u0111\u1ecbnh m\u1ee9c 630A. \u00a0\u01afU \u0110I\u1ec2M: \u0110\u01b0\u1ee3c s\u1ea3n xu\u1ea5t t\u1ea1i \u00dd, \u0111\u00e1p \u1ee9ng ti\u00eau chu\u1ea9n IEC60947-2 Ng\u1eaft m\u1ea1ch\u2026","rel":"","context":"Similar post","block_context":{"text":"Similar post","link":""},"img":{"alt_text":"","src":"https:\/\/i0.wp.com\/tp-electric.vn\/wp-content\/uploads\/2023\/02\/MCCB-FORMULA.png?fit=1200%2C1200&ssl=1&resize=350%2C200","width":350,"height":200,"srcset":"https:\/\/i0.wp.com\/tp-electric.vn\/wp-content\/uploads\/2023\/02\/MCCB-FORMULA.png?fit=1200%2C1200&ssl=1&resize=350%2C200 1x, https:\/\/i0.wp.com\/tp-electric.vn\/wp-content\/uploads\/2023\/02\/MCCB-FORMULA.png?fit=1200%2C1200&ssl=1&resize=700%2C400 2x, https:\/\/i0.wp.com\/tp-electric.vn\/wp-content\/uploads\/2023\/02\/MCCB-FORMULA.png?fit=1200%2C1200&ssl=1&resize=1050%2C600 3x"},"classes":[]}],"_links":{"self":[{"href":"https:\/\/tp-electric.vn\/index.php\/wp-json\/wp\/v2\/product\/2707"}],"collection":[{"href":"https:\/\/tp-electric.vn\/index.php\/wp-json\/wp\/v2\/product"}],"about":[{"href":"https:\/\/tp-electric.vn\/index.php\/wp-json\/wp\/v2\/types\/product"}],"replies":[{"embeddable":true,"href":"https:\/\/tp-electric.vn\/index.php\/wp-json\/wp\/v2\/comments?post=2707"}],"wp:featuredmedia":[{"embeddable":true,"href":"https:\/\/tp-electric.vn\/index.php\/wp-json\/wp\/v2\/media\/2748"}],"wp:attachment":[{"href":"https:\/\/tp-electric.vn\/index.php\/wp-json\/wp\/v2\/media?parent=2707"}],"wp:term":[{"taxonomy":"product_cat","embeddable":true,"href":"https:\/\/tp-electric.vn\/index.php\/wp-json\/wp\/v2\/product_cat?post=2707"},{"taxonomy":"product_tag","embeddable":true,"href":"https:\/\/tp-electric.vn\/index.php\/wp-json\/wp\/v2\/product_tag?post=2707"}],"curies":[{"name":"wp","href":"https:\/\/api.w.org\/{rel}","templated":true}]}}