{"id":2705,"date":"2023-02-07T10:17:14","date_gmt":"2023-02-07T03:17:14","guid":{"rendered":"https:\/\/tp-electric.vn\/?post_type=product&#038;p=2705"},"modified":"2024-12-12T15:10:08","modified_gmt":"2024-12-12T08:10:08","slug":"mccb-3p-25ka-100a","status":"publish","type":"product","link":"https:\/\/tp-electric.vn\/index.php\/san-pham\/mccb-3p-25ka-100a\/","title":{"rendered":"MCCB 3P, 25KA, 100A"},"content":{"rendered":"<p><b>Chi ti\u1ebft s\u1ea3n ph\u1ea9m:<\/b><\/p>\n<p>S\u1ea3n xu\u1ea5t theo ti\u00eau chu\u1ea9n IEC \/ EN 60947-2 v\u00e0 CE v\u00e0 \u0111\u01b0\u1ee3c s\u1eed d\u1ee5ng \u0111\u1ec3 b\u1ea3o v\u1ec7 c\u00e1c m\u1ea1ch c\u00f3 \u0111\u1eb7c \u0111i\u1ec3m kh\u00e1c nhau nh\u01b0 c\u00e1p, \u0111\u1ed9ng c\u01a1, \u00e1nh s\u00e1ng, m\u00e1y ph\u00e1t \u0111i\u1ec7n, v.v &#8230;)<\/p>\n<p><b>Th\u00f4ng s\u1ed1 k\u1ef9 thu\u1eadt :<\/b><\/p>\n<p>S\u1ed1 c\u1ef1c: 3 c\u1ef1c<\/p>\n<p>D\u00f2ng c\u1eaft (Icu): 25kA<\/p>\n<p>D\u00f2ng \u0111\u1ecbnh m\u1ee9c (Idm): 100A<\/p>\n<p><b>C\u00f3 4 ch\u1ee9c n\u0103ng ch\u00ednh nh\u01b0 :<\/b><\/p>\n<p>\u0110\u00f3ng v\u00e0 chuy\u1ec3n m\u1ea1ch<\/p>\n<p>B\u1ea3o v\u1ec7 qu\u00e1 t\u1ea3i<\/p>\n<p>B\u1ea3o v\u1ec7 ng\u1eafn m\u1ea1nh<\/p>\n<p>B\u1ea3o v\u1ec7 ch\u1ed1ng d\u00f2ng r\u00f2 ch\u1ea1m \u0111\u1ea5t ( v\u1edbi s\u1ef1 k\u1ebft h\u1ee3p relay b\u1ea3o v\u1ec7 ch\u1ea1m \u0111\u1ea5t).<\/p>\n<p>&nbsp;<\/p>\n<p>&nbsp;<\/p>\n","protected":false},"excerpt":{"rendered":"<p><b>Th\u00f4ng s\u1ed1 k\u1ef9 thu\u1eadt :<\/b><\/p>\n<p>S\u1ed1 c\u1ef1c: 3 c\u1ef1c<\/p>\n<p>D\u00f2ng c\u1eaft (Icu): 25kA<\/p>\n<p>D\u00f2ng \u0111\u1ecbnh m\u1ee9c (Idm): 100A<\/p>\n","protected":false},"featured_media":2749,"comment_status":"open","ping_status":"closed","template":"","meta":[],"product_cat":[175,157],"product_tag":[],"jetpack-related-posts":[{"id":2707,"url":"https:\/\/tp-electric.vn\/index.php\/san-pham\/mccb-3p-25ka-125a\/","url_meta":{"origin":2705,"position":0},"title":"MCCB 3P, 25KA, 125A","author":"","date":"07\/02\/2023","format":false,"excerpt":"Th\u00f4ng s\u1ed1 k\u1ef9 thu\u1eadt : S\u1ed1 c\u1ef1c: 3 c\u1ef1c D\u00f2ng c\u1eaft (Icu): 25kA D\u00f2ng \u0111\u1ecbnh m\u1ee9c (Idm): 125A","rel":"","context":"Similar post","block_context":{"text":"Similar post","link":""},"img":{"alt_text":"","src":"https:\/\/i0.wp.com\/tp-electric.vn\/wp-content\/uploads\/2023\/02\/mccb-125-1.png?fit=300%2C300&ssl=1&resize=350%2C200","width":350,"height":200},"classes":[]},{"id":2710,"url":"https:\/\/tp-electric.vn\/index.php\/san-pham\/mccb-3p-25ka-160a\/","url_meta":{"origin":2705,"position":1},"title":"MCCB 3P, 25KA, 160A","author":"","date":"07\/02\/2023","format":false,"excerpt":"Th\u00f4ng s\u1ed1 k\u1ef9 thu\u1eadt : S\u1ed1 c\u1ef1c: 3 c\u1ef1c D\u00f2ng c\u1eaft (Icu): 25kA D\u00f2ng \u0111\u1ecbnh m\u1ee9c (Idm): 160A","rel":"","context":"Similar post","block_context":{"text":"Similar post","link":""},"img":{"alt_text":"","src":"https:\/\/i0.wp.com\/tp-electric.vn\/wp-content\/uploads\/2023\/02\/mccb-160-1.png?fit=300%2C300&ssl=1&resize=350%2C200","width":350,"height":200},"classes":[]},{"id":2712,"url":"https:\/\/tp-electric.vn\/index.php\/san-pham\/mccb-3p-25ka-200a\/","url_meta":{"origin":2705,"position":2},"title":"MCCB 3P, 25kA, 200A","author":"","date":"07\/02\/2023","format":false,"excerpt":"Th\u00f4ng s\u1ed1 k\u1ef9 thu\u1eadt : S\u1ed1 c\u1ef1c: 3 c\u1ef1c D\u00f2ng c\u1eaft (Icu): 25kA D\u00f2ng \u0111\u1ecbnh m\u1ee9c (Idm): 200 A","rel":"","context":"Similar post","block_context":{"text":"Similar post","link":""},"img":{"alt_text":"","src":"https:\/\/i0.wp.com\/tp-electric.vn\/wp-content\/uploads\/2023\/02\/mccb-200-1.png?fit=300%2C300&ssl=1&resize=350%2C200","width":350,"height":200},"classes":[]},{"id":2743,"url":"https:\/\/tp-electric.vn\/index.php\/san-pham\/2743\/","url_meta":{"origin":2705,"position":3},"title":"RCCB 2P &#8211; 4P","author":"","date":"07\/02\/2023","format":false,"excerpt":"Th\u00f4ng s\u1ed1 k\u1ef9 thu\u1eadt: S\u1ed1 c\u1ef1c : 2 c\u1ef1c v\u00e0 4 c\u1ef1c D\u00f2ng c\u1eaft : 6KA v\u00e0 10 KA D\u00f2ng \u0111\u1ecbnh m\u1ee9c : 25A, 40A, 63A, 80A, 100A \u0110\u1ed9 nh\u1ea1y : 30mA v\u00e0 300mA","rel":"","context":"Similar post","block_context":{"text":"Similar post","link":""},"img":{"alt_text":"","src":"https:\/\/i0.wp.com\/tp-electric.vn\/wp-content\/uploads\/2023\/02\/19437382_788401314654755_1928006918373106497_n.jpg?fit=960%2C640&ssl=1&resize=350%2C200","width":350,"height":200,"srcset":"https:\/\/i0.wp.com\/tp-electric.vn\/wp-content\/uploads\/2023\/02\/19437382_788401314654755_1928006918373106497_n.jpg?fit=960%2C640&ssl=1&resize=350%2C200 1x, https:\/\/i0.wp.com\/tp-electric.vn\/wp-content\/uploads\/2023\/02\/19437382_788401314654755_1928006918373106497_n.jpg?fit=960%2C640&ssl=1&resize=700%2C400 2x"},"classes":[]},{"id":4668,"url":"https:\/\/tp-electric.vn\/index.php\/san-pham\/bo-chuyen-nguon-tu-dong-ats-100a-380v\/","url_meta":{"origin":2705,"position":4},"title":"B\u1ed9 chuy\u1ec3n ngu\u1ed3n t\u1ef1 \u0111\u1ed9ng ATS 100A 380V","author":"Admin","date":"11\/12\/2024","format":false,"excerpt":"Th\u00f4ng s\u1ed1 k\u1ef9 thu\u1eadt: D\u00f2ng \u0111i\u1ec7n \u0111\u1ecbnh m\u1ee9c : 100A S\u1ed1 c\u1ef1c : 4P \u0110i\u1ec7n \u00e1p : 3 Pha(380V), 1 pha (220V) B\u1ea3o h\u00e0nh: 1 n\u0103m","rel":"","context":"Similar post","block_context":{"text":"Similar post","link":""},"img":{"alt_text":"","src":"https:\/\/i0.wp.com\/tp-electric.vn\/wp-content\/uploads\/2024\/12\/vn-11134207-7r98o-llfwhxymqt2udd.jpg?fit=800%2C800&ssl=1&resize=350%2C200","width":350,"height":200,"srcset":"https:\/\/i0.wp.com\/tp-electric.vn\/wp-content\/uploads\/2024\/12\/vn-11134207-7r98o-llfwhxymqt2udd.jpg?fit=800%2C800&ssl=1&resize=350%2C200 1x, https:\/\/i0.wp.com\/tp-electric.vn\/wp-content\/uploads\/2024\/12\/vn-11134207-7r98o-llfwhxymqt2udd.jpg?fit=800%2C800&ssl=1&resize=700%2C400 2x"},"classes":[]},{"id":4702,"url":"https:\/\/tp-electric.vn\/index.php\/san-pham\/aptomat-chint-mccb-3-pha-100a-25ka\/","url_meta":{"origin":2705,"position":5},"title":"Aptomat Chint MCCB 3 pha 100A 25kA","author":"Admin","date":"11\/12\/2024","format":false,"excerpt":"M\u00e3 s\u1ea3n ph\u1ea9m: NXM-125S\/3300 100A D\u00f2ng Series: NXM CHINT Series Xu\u1ea5t x\u1ee9: Trung Qu\u1ed1c Th\u1eddi gian b\u1ea3o h\u00e0nh: 12 th\u00e1ng T\u00ecnh tr\u1ea1ng: m\u1edbi 100% H\u00e3ng s\u1ea3n xu\u1ea5t: CHINT [icon name=\"download\" prefix=\"fas\"] Download CATALOGUE Chint Drive Product Training","rel":"","context":"Similar post","block_context":{"text":"Similar post","link":""},"img":{"alt_text":"","src":"https:\/\/i0.wp.com\/tp-electric.vn\/wp-content\/uploads\/2024\/12\/image-2.png?fit=500%2C500&ssl=1&resize=350%2C200","width":350,"height":200},"classes":[]}],"_links":{"self":[{"href":"https:\/\/tp-electric.vn\/index.php\/wp-json\/wp\/v2\/product\/2705"}],"collection":[{"href":"https:\/\/tp-electric.vn\/index.php\/wp-json\/wp\/v2\/product"}],"about":[{"href":"https:\/\/tp-electric.vn\/index.php\/wp-json\/wp\/v2\/types\/product"}],"replies":[{"embeddable":true,"href":"https:\/\/tp-electric.vn\/index.php\/wp-json\/wp\/v2\/comments?post=2705"}],"wp:featuredmedia":[{"embeddable":true,"href":"https:\/\/tp-electric.vn\/index.php\/wp-json\/wp\/v2\/media\/2749"}],"wp:attachment":[{"href":"https:\/\/tp-electric.vn\/index.php\/wp-json\/wp\/v2\/media?parent=2705"}],"wp:term":[{"taxonomy":"product_cat","embeddable":true,"href":"https:\/\/tp-electric.vn\/index.php\/wp-json\/wp\/v2\/product_cat?post=2705"},{"taxonomy":"product_tag","embeddable":true,"href":"https:\/\/tp-electric.vn\/index.php\/wp-json\/wp\/v2\/product_tag?post=2705"}],"curies":[{"name":"wp","href":"https:\/\/api.w.org\/{rel}","templated":true}]}}