{"id":2699,"date":"2023-02-07T09:58:42","date_gmt":"2023-02-07T02:58:42","guid":{"rendered":"https:\/\/tp-electric.vn\/?post_type=product&#038;p=2699"},"modified":"2024-12-12T15:10:08","modified_gmt":"2024-12-12T08:10:08","slug":"bo-dieu-khien-tu-bu-rapidus-2","status":"publish","type":"product","link":"https:\/\/tp-electric.vn\/index.php\/san-pham\/bo-dieu-khien-tu-bu-rapidus-2\/","title":{"rendered":"B\u1ed9 \u0111i\u1ec1u khi\u1ec3n t\u1ee5 b\u00f9 Rapidus"},"content":{"rendered":"<p><strong>Gi\u1edbi thi\u1ec7u v\u1ec1 B\u1ed9 \u0111i\u1ec1u khi\u1ec3n t\u1ee5 b\u00f9 Rapidus<\/strong><\/p>\n<p>&#8211; B\u1ed9 \u0111i\u1ec1u khi\u1ec3n t\u1ee5 b\u00f9 \u0111\u01b0\u1ee3c s\u1eed d\u1ee5ng r\u1ed9ng r\u00e3i trong c\u00e1c h\u1ec7 th\u1ed1ng \u0111i\u1ec7n c\u00f4ng nghi\u1ec7p, c\u00e1c nh\u00e0 m\u00e1y s\u1ea3n xu\u1ea5t<\/p>\n<p>&#8211; Rapidus l\u00e0 m\u1ed9t relay \u0111i\u1ec1u khi\u1ec3n c\u00f4ng su\u1ea5t ph\u1ea3n kh\u00e1ng \u0111\u01b0\u1ee3c thi\u1ebft k\u1ebf \u0111\u1ec3 th\u1ef1c hi\u1ec7n qu\u00e1 tr\u00ecnh b\u00f9 c\u00f4ng su\u1ea5t ph\u1ea3n kh\u00e1ng b\u1eb1ng c\u00e1ch t\u1ef1 \u0111\u1ed9ng \u0111i\u1ec1u khi\u1ec3n c\u00e1c b\u1ed9 t\u1ee5. Ho\u1ea1t \u0111\u1ed9ng \u0111i\u1ec1u khi\u1ec3n \u0111\u01b0\u1ee3c th\u1ef1c hi\u1ec7n b\u1eb1ng c\u00e1ch chuy\u1ec3n \u0111\u1ed5i gi\u1eefa c\u00e1c b\u1ed9 t\u1ee5 \u0111\u1ec3 \u0111\u1ea1t \u0111\u01b0\u1ee3c h\u1ec7 s\u1ed1 cos phi mong mu\u1ed1n \u0111\u00e3 \u0111\u01b0\u1ee3c x\u00e1c \u0111\u1ecbnh b\u1edfi ng\u01b0\u1eddi s\u1eed d\u1ee5ng<\/p>\n<p>&#8211; M\u00e0n h\u00ecnh hi\u1ec3n th\u1ecb LCD, h\u1ed7 tr\u1ee3 ng\u00f4n ng\u1eef English \/ Turkey<\/p>\n<p>&#8211; B\u1ed9 nh\u1edb trong l\u00ean \u0111\u1ebfn 1 MB<\/p>\n<p>&#8211; Ho\u1ea1t \u0111\u1ed9ng nh\u01b0 m\u1ed9t thi\u1ebft b\u1ecb ph\u00e2n t\u00edch n\u0103ng l\u01b0\u1ee3ng<\/p>\n<p>&#8211; C\u00e0i \u0111\u1eb7t d\u1ec5 d\u00e0ng v\u00e0 nhanh ch\u00f3ng<\/p>\n<p>&#8211; K\u1ebft n\u1ed1i v\u00e0 th\u1ef1c hi\u1ec7n c\u00e1c c\u1ea5p ( b\u00f9 ) m\u1ed9t c\u00e1ch t\u1ef1 \u0111\u1ed9ng<\/p>\n<p>&#8211; Hi\u1ec7u ch\u1ec9nh v\u1edbi d\u00f2ng \u0111i\u1ec7n th\u1ea5p ( 10mA )<\/p>\n<p>&#8211; Kh\u1ea3n\u0103ng k\u1ebft n\u1ed1i \u0111i\u1ec7n 3phase, 1 phase \u0111\u1ebfn c\u00e1c t\u1ee5 ho\u1eb7c cu\u1ed9n c\u1ea3m v\u1edbi c\u1ea5p b\u1ea5t k\u1ef3<\/p>\n<p>&#8211; C\u1eadp nh\u1eadp th\u1eddi gian v\u00e0 s\u1ed1 l\u1ea7n chuy\u1ec3n m\u1ea1ch cho c\u00e1c c\u1ea5p<\/p>\n<p>&#8211; Can thi\u1ec7p v\u00e0o g\u00f3c phase \u0111\u1ec3 hi\u1ec7u ch\u1ec9nh sai s\u1ed1 h\u1ec7 th\u1ed1ng<\/p>\n<p>&#8211; Thi\u1ebft l\u1eadp b\u00e1o \u0111\u1ed9ng cho b\u1ea5t k\u1ef3 th\u00f4ng s\u1ed1 \u0111i\u1ec7n n\u00e0o<\/p>\n<p>&#8211; Truy\u1ec1n th\u00f4ng Modbus RTU v\u1edbi c\u1ed5ng truy\u1ec1n th\u00f4ng RS485<\/p>\n<p><strong>Th\u00f4ng s\u1ed1 k\u1ef9 thu\u1eadt<\/strong><\/p>\n<p>&#8211; Ngu\u1ed3n c\u1ea5p:<\/p>\n<p>+ \u0110i\u1ec7n \u00e1p: 85..300V AC\/DC<\/p>\n<p>+ T\u1ea7n s\u1ed1:\u00a045..65 Hz<\/p>\n<p>&#8211; Ng\u00f5 v\u00e0o \u0111o l\u01b0\u1eddng:<\/p>\n<p>+ \u0110i\u1ec7n \u00e1p:\u00a01..300 V RMS (L-N)<\/p>\n<p>+ D\u00f2ng \u0111i\u1ec7n:\u00a00.01..6 A RMS<\/p>\n<p>+ T\u1ea7n s\u1ed1:\u00a045..65 Hz<\/p>\n<p>&#8211; Ng\u00f5 ra relay:<\/p>\n<p>+ C\u00f3 14 ng\u00f5 ra relay<\/p>\n<p>+ D\u00f2ng chuy\u1ec3n m\u1ea1ch l\u1edbn nh\u1ea5t: 6A<\/p>\n<p>+ \u0110i\u1ec7n \u00e1p chuy\u1ec3n m\u1ea1ch l\u1edbn nh\u1ea5t: 250V AC<\/p>\n<p>+ C\u00f4ng su\u1ea5t chuy\u1ec3n m\u1ea1ch t\u1ed1i \u0111a 250 VA<\/p>\n<p>&#8211; C\u00f4ng su\u1ea5t ti\u00eau th\u1ee5: &lt; 10VA<\/p>\n","protected":false},"excerpt":{"rendered":"<p>Gi\u1edbi thi\u1ec7u v\u1ec1 B\u1ed9 \u0111i\u1ec1u khi\u1ec3n t\u1ee5 b\u00f9 Rapidus &#8211; B\u1ed9 \u0111i\u1ec1u khi\u1ec3n t\u1ee5 b\u00f9 \u0111\u01b0\u1ee3c s\u1eed d\u1ee5ng r\u1ed9ng r\u00e3i trong c\u00e1c h\u1ec7 th\u1ed1ng \u0111i\u1ec7n c\u00f4ng nghi\u1ec7p, c\u00e1c nh\u00e0 m\u00e1y s\u1ea3n xu\u1ea5t &#8211; Rapidus l\u00e0 m\u1ed9t relay \u0111i\u1ec1u khi\u1ec3n c\u00f4ng su\u1ea5t ph\u1ea3n kh\u00e1ng \u0111\u01b0\u1ee3c thi\u1ebft k\u1ebf \u0111\u1ec3 th\u1ef1c hi\u1ec7n qu\u00e1 tr\u00ecnh b\u00f9 c\u00f4ng su\u1ea5t ph\u1ea3n&#8230;<\/p>\n","protected":false},"featured_media":2701,"comment_status":"open","ping_status":"closed","template":"","meta":[],"product_cat":[178],"product_tag":[],"jetpack-related-posts":[{"id":2652,"url":"https:\/\/tp-electric.vn\/index.php\/san-pham\/bo-dieu-khien-tu-bu-rapidus\/","url_meta":{"origin":2699,"position":0},"title":"B\u1ed9 \u0111i\u1ec1u khi\u1ec3n t\u1ee5 b\u00f9 Rapidus","author":"","date":"03\/02\/2023","format":false,"excerpt":"Gi\u1edbi thi\u1ec7u v\u1ec1 B\u1ed9 \u0111i\u1ec1u khi\u1ec3n t\u1ee5 b\u00f9 Rapidus - B\u1ed9 \u0111i\u1ec1u khi\u1ec3n t\u1ee5 b\u00f9 \u0111\u01b0\u1ee3c s\u1eed d\u1ee5ng r\u1ed9ng r\u00e3i trong c\u00e1c h\u1ec7 th\u1ed1ng \u0111i\u1ec7n c\u00f4ng nghi\u1ec7p, c\u00e1c nh\u00e0 m\u00e1y s\u1ea3n xu\u1ea5t - Rapidus l\u00e0 m\u1ed9t relay \u0111i\u1ec1u khi\u1ec3n c\u00f4ng su\u1ea5t ph\u1ea3n kh\u00e1ng \u0111\u01b0\u1ee3c thi\u1ebft k\u1ebf \u0111\u1ec3 th\u1ef1c hi\u1ec7n qu\u00e1\u2026","rel":"","context":"Similar post","block_context":{"text":"Similar post","link":""},"img":{"alt_text":"","src":"https:\/\/i0.wp.com\/tp-electric.vn\/wp-content\/uploads\/2023\/02\/1-1.png?fit=469%2C468&ssl=1&resize=350%2C200","width":350,"height":200},"classes":[]},{"id":2777,"url":"https:\/\/tp-electric.vn\/index.php\/san-pham\/bien-tan-invt-gd350a-thong-minh-da-chuc-nang-the-he-moi\/","url_meta":{"origin":2699,"position":1},"title":"Bi\u1ebfn t\u1ea7n INVT GD350A \u2013 Th\u00f4ng minh \u0111a ch\u1ee9c n\u0103ng th\u1ebf h\u1ec7 m\u1edbi","author":"","date":"07\/02\/2023","format":false,"excerpt":"Bi\u1ebfn t\u1ea7n GD350A \u1ee9ng d\u1ee5ng b\u1ed9 x\u1eed l\u00fd hi\u1ec7n \u0111\u1ea1i nh\u1ea5t c\u1ee7a INVT v\u00e0 c\u00f4ng ngh\u1ec7 \u0111i\u1ec1u khi\u1ec3n vector h\u00e0ng \u0111\u1ea7u th\u1ebf gi\u1edbi gi\u00fap \u0111i\u1ec1u khi\u1ec3n ch\u00ednh x\u00e1c v\u00e0 linh ho\u1ea1t c\u1ea3 v\u00f2ng h\u1edf v\u00e0 v\u00f2ng k\u00edn. Nh\u1edd kh\u1ea3 n\u0103ng m\u1edf r\u1ed9ng kh\u00f4ng gi\u1edbi h\u1ea1n, GD350A c\u00f3 th\u1ec3 \u0111\u00e1p \u1ee9ng\u2026","rel":"","context":"Similar post","block_context":{"text":"Similar post","link":""},"img":{"alt_text":"","src":"https:\/\/i0.wp.com\/tp-electric.vn\/wp-content\/uploads\/2023\/02\/bien-tan-invt-gd350-h2611.png?fit=880%2C646&ssl=1&resize=350%2C200","width":350,"height":200,"srcset":"https:\/\/i0.wp.com\/tp-electric.vn\/wp-content\/uploads\/2023\/02\/bien-tan-invt-gd350-h2611.png?fit=880%2C646&ssl=1&resize=350%2C200 1x, https:\/\/i0.wp.com\/tp-electric.vn\/wp-content\/uploads\/2023\/02\/bien-tan-invt-gd350-h2611.png?fit=880%2C646&ssl=1&resize=700%2C400 2x"},"classes":[]},{"id":2832,"url":"https:\/\/tp-electric.vn\/index.php\/san-pham\/bien-tan-invt-gd300-01-cho-may-nen-khi\/","url_meta":{"origin":2699,"position":2},"title":"Bi\u1ebfn t\u1ea7n INVT GD300-01 cho m\u00e1y n\u00e9n kh\u00ed","author":"","date":"08\/02\/2023","format":false,"excerpt":"GD300-01 l\u00e0 d\u00f2ng bi\u1ebfn t\u1ea7n cao c\u1ea5p \u0111\u01b0\u1ee3c thi\u1ebft k\u1ebf d\u00e0nh ri\u00eang cho \u1ee9ng d\u1ee5ng \u0111i\u1ec1u khi\u1ec3n m\u00e1y n\u00e9n kh\u0131\u0301. V\u1edbi thi\u1ebft k\u1ebf c\u1ee9ng c\u00e1p, t\u00edch h\u1ee3p nhi\u1ec1u ch\u1ee9c n\u0103ng \u0111i\u1ec1u khi\u1ec3n chuy\u00ean bi\u00ea\u0323t v\u00e0 linh ho\u1ea1t, GD300-01 ph\u00f9 h\u1ee3p v\u1edbi t\u1ea5t c\u1ea3 m\u00f4i tr\u01b0\u1eddng l\u00e0m vi\u1ec7c v\u00e0 c\u00e1c lo\u1ea1i\u2026","rel":"","context":"Similar post","block_context":{"text":"Similar post","link":""},"img":{"alt_text":"","src":"https:\/\/i0.wp.com\/tp-electric.vn\/wp-content\/uploads\/2023\/02\/GD300-012.png?fit=880%2C646&ssl=1&resize=350%2C200","width":350,"height":200,"srcset":"https:\/\/i0.wp.com\/tp-electric.vn\/wp-content\/uploads\/2023\/02\/GD300-012.png?fit=880%2C646&ssl=1&resize=350%2C200 1x, https:\/\/i0.wp.com\/tp-electric.vn\/wp-content\/uploads\/2023\/02\/GD300-012.png?fit=880%2C646&ssl=1&resize=700%2C400 2x"},"classes":[]},{"id":3513,"url":"https:\/\/tp-electric.vn\/index.php\/san-pham\/gd300-bien-tan-vector-vong-ho-cao-cap\/","url_meta":{"origin":2699,"position":3},"title":"GD300 \u2013 Bi\u1ebfn t\u1ea7n vector v\u00f2ng h\u1edf cao c\u1ea5p","author":"","date":"15\/04\/2023","format":false,"excerpt":"Th\u01b0\u01a1ng hi\u1ec7u:\u00a0INVT B\u1ea3o h\u00e0nh:\u00a024 th\u00e1ng \u00a0","rel":"","context":"Similar post","block_context":{"text":"Similar post","link":""},"img":{"alt_text":"","src":"https:\/\/i0.wp.com\/tp-electric.vn\/wp-content\/uploads\/2023\/04\/Bien-tan-chuyen-dung-gd300-16-slide1-1.png?fit=880%2C646&ssl=1&resize=350%2C200","width":350,"height":200,"srcset":"https:\/\/i0.wp.com\/tp-electric.vn\/wp-content\/uploads\/2023\/04\/Bien-tan-chuyen-dung-gd300-16-slide1-1.png?fit=880%2C646&ssl=1&resize=350%2C200 1x, https:\/\/i0.wp.com\/tp-electric.vn\/wp-content\/uploads\/2023\/04\/Bien-tan-chuyen-dung-gd300-16-slide1-1.png?fit=880%2C646&ssl=1&resize=700%2C400 2x"},"classes":[]},{"id":3506,"url":"https:\/\/tp-electric.vn\/index.php\/san-pham\/domino-khoi-fit-den\/","url_meta":{"origin":2699,"position":4},"title":"DOMINO KH\u1ed0I FIT \u0110EN","author":"","date":"14\/04\/2023","format":false,"excerpt":"C\u1ea7u \u0111\u1ea5u d\u00e2y \u0111i\u1ec7n domino kh\u1ed1i fit \u0111en th\u01b0\u1eddng \u0111\u01b0\u1ee3c s\u1eed d\u1ee5ng trong \u0111\u1ea5u n\u1ed1i t\u1ee7 b\u1ea3ng \u0111i\u1ec7n c\u00f4ng nghi\u1ec7p, c\u00f3 th\u1ec3 \u0111\u1ea5u n\u1ed1i t\u1eeb 3P \u0111\u1ebfn 20P. \u00a0\u01afU \u0110I\u1ec2M: C\u1ea7u \u0111\u1ea5u \u0111i\u1ec7n domino kh\u1ed1i \u0111\u1eb7t ti\u00eau chu\u1ea9n IEC Ch\u1ea5t li\u1ec7u t\u1ed1t, chi\u1ee5 nhi\u1ec7t cao \u0110a d\u1ea1ng k\u00edch th\u01b0\u1edbc, cho\u2026","rel":"","context":"Similar post","block_context":{"text":"Similar post","link":""},"img":{"alt_text":"","src":"https:\/\/i0.wp.com\/tp-electric.vn\/wp-content\/uploads\/2023\/04\/DOMINO-FIT-DEN.png?fit=300%2C300&ssl=1&resize=350%2C200","width":350,"height":200},"classes":[]},{"id":3541,"url":"https:\/\/tp-electric.vn\/index.php\/san-pham\/weidmuller-7kw-1pha-we01-07\/","url_meta":{"origin":2699,"position":5},"title":"WEIDMULLER 7KW-1PHA (WE01-07)","author":"","date":"12\/06\/2023","format":false,"excerpt":"1. T\u00ecm hi\u1ec3u th\u01b0\u01a1ng hi\u1ec7u Weidmuller C\u00f4ng ty Weidmuller \u0111\u01b0\u1ee3c th\u00e0nh l\u1eadp t\u1eeb n\u0103m 1850. \u00a0 Weidmuller\u00a0\u2013\u00a0th\u01b0\u01a1ng hi\u1ec7u h\u00e0ng \u0111\u1ea7u \u0111\u1ebfn t\u1eeb\u00a0\u0110\u1ee9c, \u0111\u00e3 \u0111\u01b0\u1ee3c th\u1eeba nh\u1eadn v\u00e0 t\u00edn nhi\u1ec7m trong ng\u00e0nh c\u00f4ng nghi\u1ec7p to\u00e0n c\u1ea7u.\u00a0V\u1edbi h\u01a1n 160 n\u0103m kinh nghi\u1ec7m (t\u1eeb 1850),\u00a0Weidmuller \u0111\u00e3 tr\u1edf th\u00e0nh m\u1ed9t nh\u00e0 cung c\u1ea5p uy\u2026","rel":"","context":"Similar post","block_context":{"text":"Similar post","link":""},"img":{"alt_text":"","src":"https:\/\/i0.wp.com\/tp-electric.vn\/wp-content\/uploads\/2023\/06\/bo-sac-2.png?fit=664%2C664&ssl=1&resize=350%2C200","width":350,"height":200},"classes":[]}],"_links":{"self":[{"href":"https:\/\/tp-electric.vn\/index.php\/wp-json\/wp\/v2\/product\/2699"}],"collection":[{"href":"https:\/\/tp-electric.vn\/index.php\/wp-json\/wp\/v2\/product"}],"about":[{"href":"https:\/\/tp-electric.vn\/index.php\/wp-json\/wp\/v2\/types\/product"}],"replies":[{"embeddable":true,"href":"https:\/\/tp-electric.vn\/index.php\/wp-json\/wp\/v2\/comments?post=2699"}],"wp:featuredmedia":[{"embeddable":true,"href":"https:\/\/tp-electric.vn\/index.php\/wp-json\/wp\/v2\/media\/2701"}],"wp:attachment":[{"href":"https:\/\/tp-electric.vn\/index.php\/wp-json\/wp\/v2\/media?parent=2699"}],"wp:term":[{"taxonomy":"product_cat","embeddable":true,"href":"https:\/\/tp-electric.vn\/index.php\/wp-json\/wp\/v2\/product_cat?post=2699"},{"taxonomy":"product_tag","embeddable":true,"href":"https:\/\/tp-electric.vn\/index.php\/wp-json\/wp\/v2\/product_tag?post=2699"}],"curies":[{"name":"wp","href":"https:\/\/api.w.org\/{rel}","templated":true}]}}