{"id":2672,"date":"2023-02-03T15:42:43","date_gmt":"2023-02-03T08:42:43","guid":{"rendered":"https:\/\/tp-electric.vn\/?post_type=product&#038;p=2672"},"modified":"2024-12-12T15:10:08","modified_gmt":"2024-12-12T08:10:08","slug":"relay-bao-ve-dong-dien-cpr-16","status":"publish","type":"product","link":"https:\/\/tp-electric.vn\/index.php\/san-pham\/relay-bao-ve-dong-dien-cpr-16\/","title":{"rendered":"RELAY B\u1ea2O V\u1ec6 D\u00d2NG \u0110I\u1ec6N CPR-16"},"content":{"rendered":"<p>T\u1ed5ng quan s\u1ea3n ph\u1ea9m:<\/p>\n<p>&#8211;\u00a0\u00a0\u00a0\u00a0\u00a0\u00a0\u00a0\u00a0\u00a0 Chi\u1ec1u r\u1ed9ng: 36 mm<\/p>\n<p>&#8211;\u00a0\u00a0\u00a0\u00a0\u00a0\u00a0\u00a0\u00a0\u00a0 \u0110i\u1ec7n \u00e1p ho\u1ea1t \u0111\u1ed9ng 24-300 VAC\/DC<\/p>\n<p>&#8211;\u00a0\u00a0\u00a0\u00a0\u00a0\u00a0\u00a0\u00a0\u00a0 Th\u1eddi gian tr\u1ec5: 0.1-10s<\/p>\n<p>&#8211;\u00a0\u00a0\u00a0\u00a0\u00a0\u00a0\u00a0\u00a0\u00a0 LED th\u1ec3 hi\u1ec7n ch\u1ebf \u0111\u1ed9 ho\u1ea1t \u0111\u1ed9ng<\/p>\n<p>&#8211;\u00a0\u00a0\u00a0\u00a0\u00a0\u00a0\u00a0\u00a0\u00a0 Ki\u1ec3u ng\u00f5 ra 1 CO<\/p>\n<p>Ch\u1ee9c n\u0103ng:<\/p>\n<p>&#8211;\u00a0\u00a0\u00a0\u00a0\u00a0\u00a0\u00a0\u00a0\u00a0 \u0110i\u1ec1u ch\u1ec9nh qu\u00e1 d\u00f2ng b\u1ea3o v\u1ec7<\/p>\n<p>&#8211;\u00a0\u00a0\u00a0\u00a0\u00a0\u00a0\u00a0\u00a0\u00a0 Relay b\u1ea3o v\u1ec7 qu\u00e1 d\u00f2ng<\/p>\n<p>\u1ee8ng d\u1ee5ng: b\u1ea3o v\u1ec7 qu\u00e1 d\u00f2ng k\u1ebft h\u1ee3p v\u1edbi c\u00e1c lo\u1ea1i Smart MCB, \u1ee9ng d\u1ee5ng ph\u00e1t hi\u1ec7n v\u00e0 b\u1ea3o v\u1ec7 qu\u00e1<br \/>\nd\u00f2ng khi b\u0103ng t\u1ea3i b\u1ecb k\u1eb9t v.v\u2026.<\/p>\n<p>K\u00edch th\u01b0\u1edbc s\u1ea3n ph\u1ea9m:<\/p>\n<p><img decoding=\"async\" loading=\"lazy\" class=\"alignnone size-full wp-image-2673\" src=\"https:\/\/i0.wp.com\/tp-electric.vn\/wp-content\/uploads\/2023\/02\/12.png?resize=570%2C298&#038;ssl=1\" alt=\"\" width=\"570\" height=\"298\" data-recalc-dims=\"1\" \/><\/p>\n","protected":false},"excerpt":{"rendered":"<p>T\u1ed5ng quan s\u1ea3n ph\u1ea9m: &#8211;\u00a0\u00a0\u00a0\u00a0\u00a0\u00a0\u00a0\u00a0\u00a0 Chi\u1ec1u r\u1ed9ng: 36 mm &#8211;\u00a0\u00a0\u00a0\u00a0\u00a0\u00a0\u00a0\u00a0\u00a0 \u0110i\u1ec7n \u00e1p ho\u1ea1t \u0111\u1ed9ng 24-300 VAC\/DC &#8211;\u00a0\u00a0\u00a0\u00a0\u00a0\u00a0\u00a0\u00a0\u00a0 Th\u1eddi gian tr\u1ec5: 0.1-10s &#8211;\u00a0\u00a0\u00a0\u00a0\u00a0\u00a0\u00a0\u00a0\u00a0 LED th\u1ec3 hi\u1ec7n ch\u1ebf \u0111\u1ed9 ho\u1ea1t \u0111\u1ed9ng &#8211;\u00a0\u00a0\u00a0\u00a0\u00a0\u00a0\u00a0\u00a0\u00a0 Ki\u1ec3u ng\u00f5 ra 1 CO Ch\u1ee9c n\u0103ng: &#8211;\u00a0\u00a0\u00a0\u00a0\u00a0\u00a0\u00a0\u00a0\u00a0 \u0110i\u1ec1u ch\u1ec9nh qu\u00e1 d\u00f2ng b\u1ea3o v\u1ec7 &#8211;\u00a0\u00a0\u00a0\u00a0\u00a0\u00a0\u00a0\u00a0\u00a0 Relay b\u1ea3o v\u1ec7 qu\u00e1 d\u00f2ng \u1ee8ng d\u1ee5ng: b\u1ea3o v\u1ec7 qu\u00e1&#8230;<\/p>\n","protected":false},"featured_media":2753,"comment_status":"open","ping_status":"closed","template":"","meta":[],"product_cat":[169,170,172],"product_tag":[],"jetpack-related-posts":[{"id":2705,"url":"https:\/\/tp-electric.vn\/index.php\/san-pham\/mccb-3p-25ka-100a\/","url_meta":{"origin":2672,"position":0},"title":"MCCB 3P, 25KA, 100A","author":"","date":"07\/02\/2023","format":false,"excerpt":"Th\u00f4ng s\u1ed1 k\u1ef9 thu\u1eadt : S\u1ed1 c\u1ef1c: 3 c\u1ef1c D\u00f2ng c\u1eaft (Icu): 25kA D\u00f2ng \u0111\u1ecbnh m\u1ee9c (Idm): 100A","rel":"","context":"Similar post","block_context":{"text":"Similar post","link":""},"img":{"alt_text":"","src":"https:\/\/i0.wp.com\/tp-electric.vn\/wp-content\/uploads\/2023\/02\/MCCB-100A-1.png?fit=300%2C300&ssl=1&resize=350%2C200","width":350,"height":200},"classes":[]},{"id":2707,"url":"https:\/\/tp-electric.vn\/index.php\/san-pham\/mccb-3p-25ka-125a\/","url_meta":{"origin":2672,"position":1},"title":"MCCB 3P, 25KA, 125A","author":"","date":"07\/02\/2023","format":false,"excerpt":"Th\u00f4ng s\u1ed1 k\u1ef9 thu\u1eadt : S\u1ed1 c\u1ef1c: 3 c\u1ef1c D\u00f2ng c\u1eaft (Icu): 25kA D\u00f2ng \u0111\u1ecbnh m\u1ee9c (Idm): 125A","rel":"","context":"Similar post","block_context":{"text":"Similar post","link":""},"img":{"alt_text":"","src":"https:\/\/i0.wp.com\/tp-electric.vn\/wp-content\/uploads\/2023\/02\/mccb-125-1.png?fit=300%2C300&ssl=1&resize=350%2C200","width":350,"height":200},"classes":[]},{"id":2710,"url":"https:\/\/tp-electric.vn\/index.php\/san-pham\/mccb-3p-25ka-160a\/","url_meta":{"origin":2672,"position":2},"title":"MCCB 3P, 25KA, 160A","author":"","date":"07\/02\/2023","format":false,"excerpt":"Th\u00f4ng s\u1ed1 k\u1ef9 thu\u1eadt : S\u1ed1 c\u1ef1c: 3 c\u1ef1c D\u00f2ng c\u1eaft (Icu): 25kA D\u00f2ng \u0111\u1ecbnh m\u1ee9c (Idm): 160A","rel":"","context":"Similar post","block_context":{"text":"Similar post","link":""},"img":{"alt_text":"","src":"https:\/\/i0.wp.com\/tp-electric.vn\/wp-content\/uploads\/2023\/02\/mccb-160-1.png?fit=300%2C300&ssl=1&resize=350%2C200","width":350,"height":200},"classes":[]},{"id":2712,"url":"https:\/\/tp-electric.vn\/index.php\/san-pham\/mccb-3p-25ka-200a\/","url_meta":{"origin":2672,"position":3},"title":"MCCB 3P, 25kA, 200A","author":"","date":"07\/02\/2023","format":false,"excerpt":"Th\u00f4ng s\u1ed1 k\u1ef9 thu\u1eadt : S\u1ed1 c\u1ef1c: 3 c\u1ef1c D\u00f2ng c\u1eaft (Icu): 25kA D\u00f2ng \u0111\u1ecbnh m\u1ee9c (Idm): 200 A","rel":"","context":"Similar post","block_context":{"text":"Similar post","link":""},"img":{"alt_text":"","src":"https:\/\/i0.wp.com\/tp-electric.vn\/wp-content\/uploads\/2023\/02\/mccb-200-1.png?fit=300%2C300&ssl=1&resize=350%2C200","width":350,"height":200},"classes":[]},{"id":3502,"url":"https:\/\/tp-electric.vn\/index.php\/san-pham\/phich-cam-cong-nghiep\/","url_meta":{"origin":2672,"position":4},"title":"PH\u00cdCH C\u1eaeM C\u00d4NG NGHI\u1ec6P","author":"","date":"14\/04\/2023","format":false,"excerpt":"Ph\u00edch c\u1eafm di \u0111\u1ed9ng ch\u1ed1ng n\u01b0\u1edbc IP67 PK Schneider c\u00f3 thi\u1ebft k\u1ebf nh\u1ecf g\u1ecdn, tr\u1ecdng l\u01b0\u1ee3ng nh\u1eb9, \u0111\u1ed9 an to\u00e0n v\u00e0 kh\u1ea3 n\u0103ng c\u00e1ch \u0111i\u1ec7n cao. \u00a0\u01afU \u0110I\u1ec2M: Ch\u1ed1ng n\u01b0\u1edbc, b\u1ee5i b\u1ea9n \u0111\u1ea1t c\u1ea5p \u0111\u1ed9 IP67 S\u1ed1 c\u1ef1c t\u01b0\u01a1ng th\u00edch 2P+E, 3P+E, 4P+E Ch\u1ecbu m\u1ee9c d\u00f2ng \u0111i\u1ec7n 16A \u0111\u1ebfn 125A\u2026","rel":"","context":"Similar post","block_context":{"text":"Similar post","link":""},"img":{"alt_text":"","src":"https:\/\/i0.wp.com\/tp-electric.vn\/wp-content\/uploads\/2023\/04\/phich-cam-cong-nghiep.png?fit=300%2C300&ssl=1&resize=350%2C200","width":350,"height":200},"classes":[]},{"id":2947,"url":"https:\/\/tp-electric.vn\/index.php\/san-pham\/sf132-385-10050-aimcb-lpi-tu-cat-loc-set-1-pha-32a\/","url_meta":{"origin":2672,"position":5},"title":"SF132-385-100+50-AIMCB-LPI -T\u1ee7 c\u1eaft l\u1ecdc s\u00e9t 1P 32-40-63A","author":"","date":"13\/02\/2023","format":false,"excerpt":"\u2013 C\u00f3 d\u1ea3i \u0111i\u1ec7n \u00e1p ho\u1ea1t \u0111\u1ed9ng 220\u00f7277Vac; \u2013 S\u1eed d\u1ee5ng c\u00f4ng ngh\u1ec7 SSTB150 \u0111\u1ec3 b\u1ea3o v\u1ec7 \u0111i\u1ec7n \u00e1p xoay chi\u1ec1u 1 pha ho\u1eb7c 3 pha; \u2013 Thi\u1ebft b\u1ecb c\u1eaft l\u1ecdc s\u00e9t lan truy\u1ec1n LPI \u0111\u01b0\u1eddng ngu\u1ed3n h\u1ea1 \u00e1p. B\u1ea3o v\u1ec7 c\u00e1c thi\u1ebft b\u1ecb nh\u1ea1y c\u1ea3m v\u1edbi 03 m\u1ee9c b\u1ea3o\u2026","rel":"","context":"Similar post","block_context":{"text":"Similar post","link":""},"img":{"alt_text":"","src":"https:\/\/i0.wp.com\/tp-electric.vn\/wp-content\/uploads\/2023\/02\/LPI-chong-set-2.jpg?fit=587%2C569&ssl=1&resize=350%2C200","width":350,"height":200},"classes":[]}],"_links":{"self":[{"href":"https:\/\/tp-electric.vn\/index.php\/wp-json\/wp\/v2\/product\/2672"}],"collection":[{"href":"https:\/\/tp-electric.vn\/index.php\/wp-json\/wp\/v2\/product"}],"about":[{"href":"https:\/\/tp-electric.vn\/index.php\/wp-json\/wp\/v2\/types\/product"}],"replies":[{"embeddable":true,"href":"https:\/\/tp-electric.vn\/index.php\/wp-json\/wp\/v2\/comments?post=2672"}],"wp:featuredmedia":[{"embeddable":true,"href":"https:\/\/tp-electric.vn\/index.php\/wp-json\/wp\/v2\/media\/2753"}],"wp:attachment":[{"href":"https:\/\/tp-electric.vn\/index.php\/wp-json\/wp\/v2\/media?parent=2672"}],"wp:term":[{"taxonomy":"product_cat","embeddable":true,"href":"https:\/\/tp-electric.vn\/index.php\/wp-json\/wp\/v2\/product_cat?post=2672"},{"taxonomy":"product_tag","embeddable":true,"href":"https:\/\/tp-electric.vn\/index.php\/wp-json\/wp\/v2\/product_tag?post=2672"}],"curies":[{"name":"wp","href":"https:\/\/api.w.org\/{rel}","templated":true}]}}