{"id":2665,"date":"2023-02-03T15:34:56","date_gmt":"2023-02-03T08:34:56","guid":{"rendered":"https:\/\/tp-electric.vn\/?post_type=product&#038;p=2665"},"modified":"2024-12-12T15:10:08","modified_gmt":"2024-12-12T08:10:08","slug":"timer-t1-100s","status":"publish","type":"product","link":"https:\/\/tp-electric.vn\/index.php\/san-pham\/timer-t1-100s\/","title":{"rendered":"TIMER T1-100s"},"content":{"rendered":"<p>H\u00e3ng s\u1ea3n xu\u1ea5t: KLEMSAN<\/p>\n<p>Xu\u1ea5t x\u1ee9: Th\u1ed5 Nh\u0129 K\u1ef3<\/p>\n<p>\u0110\u1ea1t ti\u00eau chu\u1ea9n Ch\u00e2u \u00c2u<\/p>\n<p>T\u1ed5ng quan s\u1ea3n ph\u1ea9m:<\/p>\n<p>&#8211;\u00a0Chi\u1ec1u r\u1ed9ng: 17.5 mm<\/p>\n<p>&#8211;\u00a0\u0110\u00e8n LED th\u1ec3 hi\u1ec7n ch\u1ebf\u0111\u1ed9 ho\u1ea1t \u0111\u1ed9ng.<\/p>\n<p>&#8211;\u00a0D\u1ea3i \u0111i\u1ec7n \u00e1p c\u1ea5p: 24\u2026300 VAC\/DC<\/p>\n<p>&#8211;\u00a0Gi\u1ea3i ph\u00e1p t\u1ed1t nh\u1ea5t cho c\u00e1c \u1ee9ng d\u1ee5ng c\u00f3 \u0111\u1ed9 ch\u00ednh x\u00e1c.<\/p>\n<p>&#8211;\u00a0Ch\u1ebf \u0111\u1ed9 ch\u1ea1y: On delay<\/p>\n<p>&#8211;\u00a0D\u1ea3i th\u1eddi gian: 100s<\/p>\n<p>&#8211;\u00a0Ki\u1ec3u ng\u00f5 ra: Relay 1 CO<\/p>\n<p>&#8211;\u00a0D\u00f2ng chuy\u1ec3n m\u1ea1ch l\u1edbn nh\u1ea5t 10A<\/p>\n<p>&#8211; \u0110\u1ed9 b\u1ec1n c\u01a1 kh\u00ed cao.<\/p>\n<p>&#8211; V\u1ecf b\u1eb1ng nh\u1ef1a, t\u1ef1 d\u1eadp l\u1eeda.<\/p>\n<p>\u1ee8ng d\u1ee5ng: \u0111i\u1ec1u khi\u1ec3n b\u0103ng t\u1ea3i, \u0111i\u1ec1u khi\u1ec3n m\u00e1y m\u00f3c t\u1eeb xa v\u00e0 m\u1ed9t s\u1ed1 \u1ee9ng d\u1ee5ng th\u00f4ng d\u1ee5ng kh\u00e1c.<\/p>\n<p><img decoding=\"async\" loading=\"lazy\" class=\"alignnone size-full wp-image-2666\" src=\"https:\/\/i0.wp.com\/tp-electric.vn\/wp-content\/uploads\/2023\/02\/8.png?resize=580%2C314&#038;ssl=1\" alt=\"\" width=\"580\" height=\"314\" data-recalc-dims=\"1\" \/><\/p>\n","protected":false},"excerpt":{"rendered":"<p>H\u00e3ng s\u1ea3n xu\u1ea5t: KLEMSAN Xu\u1ea5t x\u1ee9: Th\u1ed5 Nh\u0129 K\u1ef3 \u0110\u1ea1t ti\u00eau chu\u1ea9n Ch\u00e2u \u00c2u T\u1ed5ng quan s\u1ea3n ph\u1ea9m: &#8211;\u00a0Chi\u1ec1u r\u1ed9ng: 17.5 mm &#8211;\u00a0\u0110\u00e8n LED th\u1ec3 hi\u1ec7n ch\u1ebf\u0111\u1ed9 ho\u1ea1t \u0111\u1ed9ng. &#8211;\u00a0D\u1ea3i \u0111i\u1ec7n \u00e1p c\u1ea5p: 24\u2026300 VAC\/DC &#8211;\u00a0Gi\u1ea3i ph\u00e1p t\u1ed1t nh\u1ea5t cho c\u00e1c \u1ee9ng d\u1ee5ng c\u00f3 \u0111\u1ed9 ch\u00ednh x\u00e1c. &#8211;\u00a0Ch\u1ebf \u0111\u1ed9 ch\u1ea1y: On delay &#8211;\u00a0D\u1ea3i th\u1eddi gian:&#8230;<\/p>\n","protected":false},"featured_media":2667,"comment_status":"open","ping_status":"closed","template":"","meta":[],"product_cat":[171],"product_tag":[],"jetpack-related-posts":[{"id":2660,"url":"https:\/\/tp-electric.vn\/index.php\/san-pham\/timer-t1-60s\/","url_meta":{"origin":2665,"position":0},"title":"TIMER T1-60s","author":"","date":"03\/02\/2023","format":false,"excerpt":"H\u00e3ng s\u1ea3n xu\u1ea5t: KLEMSAN Xu\u1ea5t x\u1ee9: Th\u1ed5 Nh\u0129 K\u1ef3 \u0110\u1ea1t ti\u00eau chu\u1ea9n Ch\u00e2u \u00c2u T\u1ed5ng quan s\u1ea3n ph\u1ea9m: -\u00a0Chi\u1ec1u r\u1ed9ng: 17.5 mm -\u00a0 \u0110\u00e8n LED th\u1ec3 hi\u1ec7n ch\u1ebf\u0111\u1ed9 ho\u1ea1t \u0111\u1ed9ng. -\u00a0D\u1ea3i \u0111i\u1ec7n \u00e1p c\u1ea5p: 24\u2026300 VAC\/DC -\u00a0Gi\u1ea3i ph\u00e1p t\u1ed1t nh\u1ea5t cho c\u00e1c \u1ee9ng d\u1ee5ng c\u00f3 \u0111\u1ed9 ch\u00ednh x\u00e1c. -\u00a0Ch\u1ebf \u0111\u1ed9\u2026","rel":"","context":"Similar post","block_context":{"text":"Similar post","link":""},"img":{"alt_text":"","src":"https:\/\/i0.wp.com\/tp-electric.vn\/wp-content\/uploads\/2023\/02\/4.png?fit=559%2C799&ssl=1&resize=350%2C200","width":350,"height":200},"classes":[]},{"id":3513,"url":"https:\/\/tp-electric.vn\/index.php\/san-pham\/gd300-bien-tan-vector-vong-ho-cao-cap\/","url_meta":{"origin":2665,"position":1},"title":"GD300 \u2013 Bi\u1ebfn t\u1ea7n vector v\u00f2ng h\u1edf cao c\u1ea5p","author":"","date":"15\/04\/2023","format":false,"excerpt":"Th\u01b0\u01a1ng hi\u1ec7u:\u00a0INVT B\u1ea3o h\u00e0nh:\u00a024 th\u00e1ng \u00a0","rel":"","context":"Similar post","block_context":{"text":"Similar post","link":""},"img":{"alt_text":"","src":"https:\/\/i0.wp.com\/tp-electric.vn\/wp-content\/uploads\/2023\/04\/Bien-tan-chuyen-dung-gd300-16-slide1-1.png?fit=880%2C646&ssl=1&resize=350%2C200","width":350,"height":200,"srcset":"https:\/\/i0.wp.com\/tp-electric.vn\/wp-content\/uploads\/2023\/04\/Bien-tan-chuyen-dung-gd300-16-slide1-1.png?fit=880%2C646&ssl=1&resize=350%2C200 1x, https:\/\/i0.wp.com\/tp-electric.vn\/wp-content\/uploads\/2023\/04\/Bien-tan-chuyen-dung-gd300-16-slide1-1.png?fit=880%2C646&ssl=1&resize=700%2C400 2x"},"classes":[]},{"id":2777,"url":"https:\/\/tp-electric.vn\/index.php\/san-pham\/bien-tan-invt-gd350a-thong-minh-da-chuc-nang-the-he-moi\/","url_meta":{"origin":2665,"position":2},"title":"Bi\u1ebfn t\u1ea7n INVT GD350A \u2013 Th\u00f4ng minh \u0111a ch\u1ee9c n\u0103ng th\u1ebf h\u1ec7 m\u1edbi","author":"","date":"07\/02\/2023","format":false,"excerpt":"Bi\u1ebfn t\u1ea7n GD350A \u1ee9ng d\u1ee5ng b\u1ed9 x\u1eed l\u00fd hi\u1ec7n \u0111\u1ea1i nh\u1ea5t c\u1ee7a INVT v\u00e0 c\u00f4ng ngh\u1ec7 \u0111i\u1ec1u khi\u1ec3n vector h\u00e0ng \u0111\u1ea7u th\u1ebf gi\u1edbi gi\u00fap \u0111i\u1ec1u khi\u1ec3n ch\u00ednh x\u00e1c v\u00e0 linh ho\u1ea1t c\u1ea3 v\u00f2ng h\u1edf v\u00e0 v\u00f2ng k\u00edn. Nh\u1edd kh\u1ea3 n\u0103ng m\u1edf r\u1ed9ng kh\u00f4ng gi\u1edbi h\u1ea1n, GD350A c\u00f3 th\u1ec3 \u0111\u00e1p \u1ee9ng\u2026","rel":"","context":"Similar post","block_context":{"text":"Similar post","link":""},"img":{"alt_text":"","src":"https:\/\/i0.wp.com\/tp-electric.vn\/wp-content\/uploads\/2023\/02\/bien-tan-invt-gd350-h2611.png?fit=880%2C646&ssl=1&resize=350%2C200","width":350,"height":200,"srcset":"https:\/\/i0.wp.com\/tp-electric.vn\/wp-content\/uploads\/2023\/02\/bien-tan-invt-gd350-h2611.png?fit=880%2C646&ssl=1&resize=350%2C200 1x, https:\/\/i0.wp.com\/tp-electric.vn\/wp-content\/uploads\/2023\/02\/bien-tan-invt-gd350-h2611.png?fit=880%2C646&ssl=1&resize=700%2C400 2x"},"classes":[]},{"id":2820,"url":"https:\/\/tp-electric.vn\/index.php\/san-pham\/bien-tan-invt-gd200a-s24-vao-1-pha-220v-ra-3-pha-380v\/","url_meta":{"origin":2665,"position":3},"title":"Bi\u1ebfn t\u1ea7n INVT GD200A-S24 v\u00e0o 1 pha 220V ra 3 pha 380V","author":"","date":"08\/02\/2023","format":false,"excerpt":"GD200A-S24\u00a0la\u0300 do\u0300ng bi\u00ea\u0301n t\u00e2\u0300n chuy\u00ean du\u0300ng cho ca\u0301c \u01b0\u0301ng du\u0323ng \u0111i\u00ea\u0300u khi\u00ea\u0309n \u0111\u00f4\u0323ng c\u01a1 3 pha 380V \u01a1\u0309 nh\u01b0\u0303ng n\u01a1i chi\u0309 co\u0301 \u0111i\u00ea\u0323n l\u01b0\u01a1\u0301i 1 pha 220V. V\u00e2\u0323n ha\u0300nh \u0111\u01a1n gia\u0309n, b\u00ea\u0300n bi\u0309, hoa\u0323t \u0111\u00f4\u0323ng \u00f4\u0309n \u0111i\u0323nh ngay ca\u0309 nh\u01b0\u0303ng n\u01a1i ngu\u00f4\u0300n \u0111i\u00ea\u0323n bi\u0323 su\u0323t a\u0301p, ch\u00e2\u0323p ch\u01a1\u0300n. BI\u1ebeN T\u1ea6N\u2026","rel":"","context":"Similar post","block_context":{"text":"Similar post","link":""},"img":{"alt_text":"","src":"https:\/\/i0.wp.com\/tp-electric.vn\/wp-content\/uploads\/2023\/02\/bien-tan-1-pha-ra-3-pha-gd200a-s24-h4166.png?fit=880%2C647&ssl=1&resize=350%2C200","width":350,"height":200,"srcset":"https:\/\/i0.wp.com\/tp-electric.vn\/wp-content\/uploads\/2023\/02\/bien-tan-1-pha-ra-3-pha-gd200a-s24-h4166.png?fit=880%2C647&ssl=1&resize=350%2C200 1x, https:\/\/i0.wp.com\/tp-electric.vn\/wp-content\/uploads\/2023\/02\/bien-tan-1-pha-ra-3-pha-gd200a-s24-h4166.png?fit=880%2C647&ssl=1&resize=700%2C400 2x"},"classes":[]},{"id":3498,"url":"https:\/\/tp-electric.vn\/index.php\/san-pham\/cong-tac-xoay-3-vi-tri\/","url_meta":{"origin":2665,"position":4},"title":"C\u00d4NG T\u1eaeC XOAY 3 V\u1eca TR\u00cd","author":"","date":"14\/04\/2023","format":false,"excerpt":"C\u00f4ng t\u1eafc xoay 3 v\u1ecb tr\u00ed s\u1ebd c\u00f3 nhi\u1ec1u \u01b0u \u0111i\u1ec3m v\u01b0\u1ee3t tr\u1ed9i k\u00edch th\u01b0\u1edbc nh\u1ecf g\u1ecdn, c\u1ea5u t\u1ea1o \u0111\u01a1n gi\u1ea3n, \u0111\u01b0\u1eddng k\u00ednh D22, D25 ph\u1ed5 bi\u1ebfn, d\u1ec5 d\u00e0ng l\u1eafp \u0111\u1eb7t. \u00a0\u01afU \u0110I\u1ec2M: C\u00f4ng t\u1eafc xoay 3 v\u1ecb tr\u00ed Schneider, Hangyong, Idec ... \u0110\u01b0\u1eddng k\u00ednh D16, D22, D25, c\u00f3 tay\u2026","rel":"","context":"Similar post","block_context":{"text":"Similar post","link":""},"img":{"alt_text":"","src":"https:\/\/i0.wp.com\/tp-electric.vn\/wp-content\/uploads\/2023\/04\/3vt.png?fit=300%2C300&ssl=1&resize=350%2C200","width":350,"height":200},"classes":[]},{"id":2760,"url":"https:\/\/tp-electric.vn\/index.php\/san-pham\/bien-tan-abb-acs150-03e-08a8-4-4kw-5hp-3-pha-380v\/","url_meta":{"origin":2665,"position":5},"title":"Bi\u1ebfn t\u1ea7n INVT GD270 \u2013 Chuy\u00ean d\u1ee5ng th\u00f4ng minh cho c\u00e1c \u1ee9ng d\u1ee5ng b\u01a1m qu\u1ea1t v\u00e0 HVAC","author":"","date":"07\/02\/2023","format":false,"excerpt":"Bi\u1ebfn t\u1ea7n GD270 \u0111\u01b0\u1ee3c ph\u00e1t tri\u1ec3n c\u00e1c t\u00ednh n\u0103ng n\u00e2ng cao v\u00e0 t\u1ed1i \u01b0u cho c\u00e1c \u1ee9ng d\u1ee5ng s\u1eed d\u1ee5ng b\u01a1m qu\u1ea1t nh\u01b0: h\u1ec7 th\u1ed1ng t\u01b0\u1edbi ti\u00eau, h\u1ec7 th\u1ed1ng x\u1eed l\u00fd n\u01b0\u1edbc th\u1ea3i, HVAC\u2026 Bi\u1ebfn t\u1ea7n GD270 n\u1ed5i b\u1eadt v\u1edbi d\u1ea3i c\u00f4ng su\u1ea5t r\u1ed9ng, m\u1ee9c \u0111\u1ed9 b\u1ea3o v\u1ec7 \u0111a d\u1ea1ng,\u2026","rel":"","context":"Similar post","block_context":{"text":"Similar post","link":""},"img":{"alt_text":"","src":"https:\/\/i0.wp.com\/tp-electric.vn\/wp-content\/uploads\/2023\/02\/bien-tan-invt-gd270-h1212.png?fit=800%2C600&ssl=1&resize=350%2C200","width":350,"height":200,"srcset":"https:\/\/i0.wp.com\/tp-electric.vn\/wp-content\/uploads\/2023\/02\/bien-tan-invt-gd270-h1212.png?fit=800%2C600&ssl=1&resize=350%2C200 1x, https:\/\/i0.wp.com\/tp-electric.vn\/wp-content\/uploads\/2023\/02\/bien-tan-invt-gd270-h1212.png?fit=800%2C600&ssl=1&resize=700%2C400 2x"},"classes":[]}],"_links":{"self":[{"href":"https:\/\/tp-electric.vn\/index.php\/wp-json\/wp\/v2\/product\/2665"}],"collection":[{"href":"https:\/\/tp-electric.vn\/index.php\/wp-json\/wp\/v2\/product"}],"about":[{"href":"https:\/\/tp-electric.vn\/index.php\/wp-json\/wp\/v2\/types\/product"}],"replies":[{"embeddable":true,"href":"https:\/\/tp-electric.vn\/index.php\/wp-json\/wp\/v2\/comments?post=2665"}],"wp:featuredmedia":[{"embeddable":true,"href":"https:\/\/tp-electric.vn\/index.php\/wp-json\/wp\/v2\/media\/2667"}],"wp:attachment":[{"href":"https:\/\/tp-electric.vn\/index.php\/wp-json\/wp\/v2\/media?parent=2665"}],"wp:term":[{"taxonomy":"product_cat","embeddable":true,"href":"https:\/\/tp-electric.vn\/index.php\/wp-json\/wp\/v2\/product_cat?post=2665"},{"taxonomy":"product_tag","embeddable":true,"href":"https:\/\/tp-electric.vn\/index.php\/wp-json\/wp\/v2\/product_tag?post=2665"}],"curies":[{"name":"wp","href":"https:\/\/api.w.org\/{rel}","templated":true}]}}