{"id":2662,"date":"2023-02-03T15:33:04","date_gmt":"2023-02-03T08:33:04","guid":{"rendered":"https:\/\/tp-electric.vn\/?post_type=product&#038;p=2662"},"modified":"2024-12-12T15:10:08","modified_gmt":"2024-12-12T08:10:08","slug":"timer-sd1","status":"publish","type":"product","link":"https:\/\/tp-electric.vn\/index.php\/san-pham\/timer-sd1\/","title":{"rendered":"TIMER SD1"},"content":{"rendered":"<p style=\"font-weight: 400;\">H\u00e3ng s\u1ea3n xu\u1ea5t: KLEMSAN<\/p>\n<p style=\"font-weight: 400;\">Xu\u1ea5t x\u1ee9: Th\u1ed5 Nh\u0129 K\u1ef3<\/p>\n<p style=\"font-weight: 400;\">\u0110\u1ea1t ti\u00eau chu\u1ea9n Ch\u00e2u \u00c2u<\/p>\n<p style=\"font-weight: 400;\">T\u1ed5ng quan s\u1ea3n ph\u1ea9m:<\/p>\n<p style=\"font-weight: 400;\">&#8211;\u00a0Chi\u1ec1u r\u1ed9ng 17.5 mm<\/p>\n<p style=\"font-weight: 400;\">&#8211;\u00a0\u0110\u00e8n LED th\u1ec3 hi\u1ec7n ch\u1ebf\u0111\u1ed9 ho\u1ea1t \u0111\u1ed9ng<\/p>\n<p style=\"font-weight: 400;\">&#8211;\u00a0D\u00e3i \u0111i\u1ec7n \u00e1p c\u1ea5p 150..500 VAC\/DC<\/p>\n<p style=\"font-weight: 400;\">&#8211;\u00a0Gi\u1ea3i ph\u00e1p t\u1ed1t nh\u1ea5t cho c\u00e1c \u1ee9ng d\u1ee5ng c\u00f3 \u0111\u1ed9 ch\u00ednh x\u00e1c cao<\/p>\n<p style=\"font-weight: 400;\">&#8211;\u00a0Th\u1eddi gian ch\u1ea1y sao 1..30 s, Ch\u1ea1y tam gi\u00e1c 20..500ms<\/p>\n<p style=\"font-weight: 400;\">&#8211;\u00a0Ki\u1ec3u ng\u00f5 ra 2 C\/O<\/p>\n<p style=\"font-weight: 400;\">&#8211;\u00a0D\u00f2ng chuy\u1ec3n m\u1ea1ch l\u1edbn nh\u1ea5t 10A<\/p>\n<p style=\"font-weight: 400;\">K\u00edch th\u01b0\u1edbc c\u1ee7a TIMER SD1<\/p>\n<p><img decoding=\"async\" loading=\"lazy\" class=\"alignnone size-full wp-image-2663\" src=\"https:\/\/i0.wp.com\/tp-electric.vn\/wp-content\/uploads\/2023\/02\/6.png?resize=580%2C314&#038;ssl=1\" alt=\"\" width=\"580\" height=\"314\" data-recalc-dims=\"1\" \/><\/p>\n","protected":false},"excerpt":{"rendered":"<p>H\u00e3ng s\u1ea3n xu\u1ea5t: KLEMSAN Xu\u1ea5t x\u1ee9: Th\u1ed5 Nh\u0129 K\u1ef3 \u0110\u1ea1t ti\u00eau chu\u1ea9n Ch\u00e2u \u00c2u T\u1ed5ng quan s\u1ea3n ph\u1ea9m: &#8211;\u00a0Chi\u1ec1u r\u1ed9ng 17.5 mm &#8211;\u00a0\u0110\u00e8n LED th\u1ec3 hi\u1ec7n ch\u1ebf\u0111\u1ed9 ho\u1ea1t \u0111\u1ed9ng &#8211;\u00a0D\u00e3i \u0111i\u1ec7n \u00e1p c\u1ea5p 150..500 VAC\/DC &#8211;\u00a0Gi\u1ea3i ph\u00e1p t\u1ed1t nh\u1ea5t cho c\u00e1c \u1ee9ng d\u1ee5ng c\u00f3 \u0111\u1ed9 ch\u00ednh x\u00e1c cao &#8211;\u00a0Th\u1eddi gian ch\u1ea1y sao 1..30 s, Ch\u1ea1y&#8230;<\/p>\n","protected":false},"featured_media":2753,"comment_status":"open","ping_status":"closed","template":"","meta":[],"product_cat":[171],"product_tag":[],"jetpack-related-posts":[{"id":2668,"url":"https:\/\/tp-electric.vn\/index.php\/san-pham\/timer-t1-m5\/","url_meta":{"origin":2662,"position":0},"title":"TIMER T1-M5","author":"","date":"03\/02\/2023","format":false,"excerpt":"H\u00e3ng s\u1ea3n xu\u1ea5t: KLEMSAN Xu\u1ea5t x\u1ee9: Th\u1ed5 Nh\u0129 K\u1ef3 \u0110\u1ea1t ti\u00eau chu\u1ea9n Ch\u00e2u \u00c2u T\u1ed5ng quan s\u1ea3n ph\u1ea9m: -\u00a0Chi\u1ec1u r\u1ed9ng 17.5 mm -\u00a0\u0110\u00e8n LED th\u1ec3 hi\u1ec7n ch\u1ebf\u0111\u1ed9 ho\u1ea1t \u0111\u1ed9ng -\u00a0D\u00e3i \u0111i\u1ec7n \u00e1p c\u1ea5p 24..300 VAC\/DC -\u00a0Gi\u1ea3i ph\u00e1p t\u1ed1t nh\u1ea5t cho c\u00e1c \u1ee9ng d\u1ee5ng c\u00f3 \u0111\u1ed9 ch\u00ednh x\u00e1c cao -\u00a0Ch\u1ebf \u0111\u1ed9\u2026","rel":"","context":"Similar post","block_context":{"text":"Similar post","link":""},"img":{"alt_text":"","src":"https:\/\/i0.wp.com\/tp-electric.vn\/wp-content\/uploads\/2023\/02\/11.png?fit=495%2C773&ssl=1&resize=350%2C200","width":350,"height":200},"classes":[]},{"id":2660,"url":"https:\/\/tp-electric.vn\/index.php\/san-pham\/timer-t1-60s\/","url_meta":{"origin":2662,"position":1},"title":"TIMER T1-60s","author":"","date":"03\/02\/2023","format":false,"excerpt":"H\u00e3ng s\u1ea3n xu\u1ea5t: KLEMSAN Xu\u1ea5t x\u1ee9: Th\u1ed5 Nh\u0129 K\u1ef3 \u0110\u1ea1t ti\u00eau chu\u1ea9n Ch\u00e2u \u00c2u T\u1ed5ng quan s\u1ea3n ph\u1ea9m: -\u00a0Chi\u1ec1u r\u1ed9ng: 17.5 mm -\u00a0 \u0110\u00e8n LED th\u1ec3 hi\u1ec7n ch\u1ebf\u0111\u1ed9 ho\u1ea1t \u0111\u1ed9ng. -\u00a0D\u1ea3i \u0111i\u1ec7n \u00e1p c\u1ea5p: 24\u2026300 VAC\/DC -\u00a0Gi\u1ea3i ph\u00e1p t\u1ed1t nh\u1ea5t cho c\u00e1c \u1ee9ng d\u1ee5ng c\u00f3 \u0111\u1ed9 ch\u00ednh x\u00e1c. -\u00a0Ch\u1ebf \u0111\u1ed9\u2026","rel":"","context":"Similar post","block_context":{"text":"Similar post","link":""},"img":{"alt_text":"","src":"https:\/\/i0.wp.com\/tp-electric.vn\/wp-content\/uploads\/2023\/02\/4.png?fit=559%2C799&ssl=1&resize=350%2C200","width":350,"height":200},"classes":[]},{"id":2665,"url":"https:\/\/tp-electric.vn\/index.php\/san-pham\/timer-t1-100s\/","url_meta":{"origin":2662,"position":2},"title":"TIMER T1-100s","author":"","date":"03\/02\/2023","format":false,"excerpt":"H\u00e3ng s\u1ea3n xu\u1ea5t: KLEMSAN Xu\u1ea5t x\u1ee9: Th\u1ed5 Nh\u0129 K\u1ef3 \u0110\u1ea1t ti\u00eau chu\u1ea9n Ch\u00e2u \u00c2u T\u1ed5ng quan s\u1ea3n ph\u1ea9m: -\u00a0Chi\u1ec1u r\u1ed9ng: 17.5 mm -\u00a0\u0110\u00e8n LED th\u1ec3 hi\u1ec7n ch\u1ebf\u0111\u1ed9 ho\u1ea1t \u0111\u1ed9ng. -\u00a0D\u1ea3i \u0111i\u1ec7n \u00e1p c\u1ea5p: 24\u2026300 VAC\/DC -\u00a0Gi\u1ea3i ph\u00e1p t\u1ed1t nh\u1ea5t cho c\u00e1c \u1ee9ng d\u1ee5ng c\u00f3 \u0111\u1ed9 ch\u00ednh x\u00e1c. -\u00a0Ch\u1ebf \u0111\u1ed9 ch\u1ea1y:\u2026","rel":"","context":"Similar post","block_context":{"text":"Similar post","link":""},"img":{"alt_text":"","src":"https:\/\/i0.wp.com\/tp-electric.vn\/wp-content\/uploads\/2023\/02\/9.png?fit=513%2C779&ssl=1&resize=350%2C200","width":350,"height":200},"classes":[]},{"id":3170,"url":"https:\/\/tp-electric.vn\/index.php\/san-pham\/dat-set-chong-chay-nitto-neoseal-b1\/","url_meta":{"origin":2662,"position":3},"title":"\u0110\u1ea4T S\u00c9T CH\u1ed0NG CH\u00c1Y NITTO NEOSEAL B1","author":"","date":"14\/02\/2023","format":false,"excerpt":"Nh\u00e0 s\u1ea3n xu\u1ea5t:\u00a0Nitto D\u00f2ng s\u1ea3n ph\u1ea9m: \u0110\u1ea5t s\u00e9t ch\u1ed1ng ch\u00e1y \u0110\u1ea5t s\u00e9t ch\u1ed1ng ch\u00e1y Nitto Neoseal B1 l\u00e0 lo\u1ea1i \u0111\u1ea5t s\u00e9t c\u00f3 t\u00e1c d\u1ee5ng ng\u0103n ch\u00e1y. Gi\u00fap b\u1ea3o v\u1ec7 hi\u1ec7u qu\u1ea3 t\u1ea1i c\u00e1c khu v\u1ef1c d\u1ec5 b\u1ecb ch\u00e1y Product Description 1.Gi\u1edbi thi\u1ec7u v\u1ec1\u00a0\u0110\u1ea5t s\u00e9t ch\u1ed1ng ch\u00e1y Nitto Neoseal B1 \u0110\u1ea5t\u2026","rel":"","context":"Similar post","block_context":{"text":"Similar post","link":""},"img":{"alt_text":"","src":"https:\/\/i0.wp.com\/tp-electric.vn\/wp-content\/uploads\/2023\/02\/Dat-set-B1.png?fit=464%2C376&ssl=1&resize=350%2C200","width":350,"height":200},"classes":[]},{"id":3115,"url":"https:\/\/tp-electric.vn\/index.php\/san-pham\/vua-chong-chay-charcoat-fm\/","url_meta":{"origin":2662,"position":4},"title":"V\u1eeeA CH\u1ed0NG CH\u00c1Y CHARCOAT FM","author":"","date":"14\/02\/2023","format":false,"excerpt":"Lo\u1ea1i s\u1ea3n ph\u1ea9m:V\u1eefa tr\u1ed9n s\u1eb5n T\u1ef7 l\u1ec7 tr\u1ed9n:2:1 M\u00e0u s\u1eafc:Tr\u1eafng ng\u00e0 Tr\u1ecdng l\u01b0\u1ee3ng:15 Kg\/bao (20 l\u00edt) Tr\u1ecdng l\u01b0\u1ee3ng ri\u00eang:900Kg\/m3 Th\u1eddi gian \u0111\u00f4ng c\u1ee9ng:d\u01b0\u1edbi 1 gi\u1edd Th\u1eddi gian \u0111\u00f4ng c\u1ee9ng ho\u00e0n to\u00e0n:T\u1ed1i \u0111a l\u00ean t\u1edbi 30 ng\u00e0y H\u1ea1n s\u1eed d\u1ee5ng:3 n\u0103m k\u1ec3 t\u1eeb ng\u00e0y s\u1ea3n xu\u1ea5t Product Description V\u1eefa ch\u1ed1ng ch\u00e1y\u2026","rel":"","context":"Similar post","block_context":{"text":"Similar post","link":""},"img":{"alt_text":"","src":"https:\/\/i0.wp.com\/tp-electric.vn\/wp-content\/uploads\/2023\/02\/CharCoat-FM-Mortar-front-923x1024-1.png?fit=923%2C1024&ssl=1&resize=350%2C200","width":350,"height":200,"srcset":"https:\/\/i0.wp.com\/tp-electric.vn\/wp-content\/uploads\/2023\/02\/CharCoat-FM-Mortar-front-923x1024-1.png?fit=923%2C1024&ssl=1&resize=350%2C200 1x, https:\/\/i0.wp.com\/tp-electric.vn\/wp-content\/uploads\/2023\/02\/CharCoat-FM-Mortar-front-923x1024-1.png?fit=923%2C1024&ssl=1&resize=700%2C400 2x"},"classes":[]},{"id":3128,"url":"https:\/\/tp-electric.vn\/index.php\/san-pham\/keo-silicon-chong-chay-charcoat-es\/","url_meta":{"origin":2662,"position":5},"title":"KEO SILICON CH\u1ed0NG CH\u00c1Y CHARCOAT ES","author":"","date":"14\/02\/2023","format":false,"excerpt":"H\u00e3ng s\u1ea3n xu\u1ea5t:Charcoat Xu\u1ea5t x\u1ee9:M\u1ef9 Kh\u1ea3 n\u0103ng ch\u1ed1ng ch\u00e1y:Tr\u00ean 4 gi\u1edd ki\u1ec3m \u0111\u1ecbnh Kh\u1ea3 n\u0103ng \u0111\u00e0n h\u1ed3i:7.5% H\u1ea1n s\u1eed d\u1ee5ng:18 th\u00e1ng Product Description Keo silicon ch\u1ed1ng ch\u00e1y CharCoat\u00a0Elastomeric Sealant (ES)\u00a0\u00a0\u0111\u01b0\u1ee3c nghi\u00ean c\u1ee9u \u0111\u1ec3 ng\u0103n ch\u1eb7n s\u1ef1 lan r\u1ed9ng c\u1ee7a l\u1eeda, kh\u00f3i v\u00e0 l\u1eeda qua c\u00e1c khe h\u1edf tr\u00ean t\u01b0\u1eddng v\u00e0\u2026","rel":"","context":"Similar post","block_context":{"text":"Similar post","link":""},"img":{"alt_text":"","src":"https:\/\/i0.wp.com\/tp-electric.vn\/wp-content\/uploads\/2023\/02\/CharCoat-ES-Back.png?fit=489%2C538&ssl=1&resize=350%2C200","width":350,"height":200},"classes":[]}],"_links":{"self":[{"href":"https:\/\/tp-electric.vn\/index.php\/wp-json\/wp\/v2\/product\/2662"}],"collection":[{"href":"https:\/\/tp-electric.vn\/index.php\/wp-json\/wp\/v2\/product"}],"about":[{"href":"https:\/\/tp-electric.vn\/index.php\/wp-json\/wp\/v2\/types\/product"}],"replies":[{"embeddable":true,"href":"https:\/\/tp-electric.vn\/index.php\/wp-json\/wp\/v2\/comments?post=2662"}],"wp:featuredmedia":[{"embeddable":true,"href":"https:\/\/tp-electric.vn\/index.php\/wp-json\/wp\/v2\/media\/2753"}],"wp:attachment":[{"href":"https:\/\/tp-electric.vn\/index.php\/wp-json\/wp\/v2\/media?parent=2662"}],"wp:term":[{"taxonomy":"product_cat","embeddable":true,"href":"https:\/\/tp-electric.vn\/index.php\/wp-json\/wp\/v2\/product_cat?post=2662"},{"taxonomy":"product_tag","embeddable":true,"href":"https:\/\/tp-electric.vn\/index.php\/wp-json\/wp\/v2\/product_tag?post=2662"}],"curies":[{"name":"wp","href":"https:\/\/api.w.org\/{rel}","templated":true}]}}