{"id":2656,"date":"2023-02-07T09:19:48","date_gmt":"2023-02-07T02:19:48","guid":{"rendered":"https:\/\/tp-electric.vn\/?post_type=product&#038;p=2656"},"modified":"2024-12-12T15:10:08","modified_gmt":"2024-12-12T08:10:08","slug":"dong-ho-do-dien-van-nang","status":"publish","type":"product","link":"https:\/\/tp-electric.vn\/index.php\/san-pham\/dong-ho-do-dien-van-nang\/","title":{"rendered":"\u0110\u1ed3ng h\u1ed3 \u0111o \u0111i\u1ec7n v\u1ea1n n\u0103ng"},"content":{"rendered":"<p><strong>Gi\u1edbi thi\u1ec7u v\u1ec1 \u0111\u1ed3ng h\u1ed3 \u0111o \u0111i\u1ec7n v\u1ea1n n\u0103ng ECRAS<\/strong><\/p>\n<p>&#8211; ECRAS l\u00e0 \u0111\u1ed3ng h\u1ed3 \u0111o \u0111i\u1ec7n \u0111\u01b0\u1ee3c thi\u1ebft k\u1ebf nh\u01b0 m\u1ed9t thi\u1ebft b\u1ecb \u0111o \u0111a n\u0103ng v\u1edbi \u0111\u1ed9 ch\u00ednh x\u00e1c cao, d\u00f9ng \u0111\u1ec3 \u0111o t\u1ea5t c\u1ea3 c\u00e1c th\u00f4ng s\u1ed1 \u0111\u1ea1i l\u01b0\u1ee3ng \u0111i\u1ec7n<\/p>\n<p>&#8211; Hi\u1ec3n th\u1ecb gi\u00e1 tr\u1ecb min, max \u0111\u1ed1i v\u1edbi d\u00f2ng \u0111i\u1ec7n, \u0111i\u1ec7n \u00e1p ( L-L, L-N ), h\u1ec7 s\u1ed1 cos phi, c\u00f4ng su\u1ea5t ti\u00eau th\u1ee5, c\u00f4ng su\u1ea5t ph\u1ea3n kh\u00e1ng, c\u00f4ng su\u1ea5t bi\u1ec3u ki\u1ebfn<\/p>\n<p>&#8211; Hi\u1ec3n th\u1ecb gi\u00e1 tr\u1ecb ph\u1ee5 t\u1ea3i \u0111\u1ed1i v\u1edbi d\u00f2ng \u0111i\u1ec7n, c\u00f4ng su\u1ea5t ti\u00eau th\u1ee5, c\u00f4ng su\u1ea5t ph\u1ea3n kh\u00e1ng, c\u00f4ng su\u1ea5t bi\u1ec3u ki\u1ebfn<\/p>\n<p>&#8211; Cung c\u1ea5p m\u1eadt kh\u1ea9u 4 ch\u1eef s\u1ed1 v\u00e0 ki\u1ec3m so\u00e1t truy c\u1eadp ng\u01b0\u1eddi d\u00f9ng<\/p>\n<p>&#8211; 2 ng\u00f5 ra relay c\u1ea3nh b\u00e1o c\u00f3 th\u1ec3 l\u1eadp tr\u00ecnh \u0111\u01b0\u1ee3c ( T\u00f9y ch\u1ecdn )<\/p>\n<p><strong>Th\u00f4ng s\u1ed1 k\u1ef9 thu\u1eadt<\/strong><\/p>\n<p>&#8211; Ngu\u1ed3n c\u1ea5p:<\/p>\n<p>+ \u0110i\u1ec7n \u00e1p:\u00a085&#8230;300V AC\/DC<\/p>\n<p>+ T\u1ea7n s\u1ed1:\u00a045&#8230;65 Hz<\/p>\n<p>&#8211; Ng\u00f5 v\u00e0o \u0111o l\u01b0\u1eddng:<\/p>\n<p>+ \u0110i\u1ec7n \u00e1p:\u00a010&#8230;300 V RMS (L-N)<\/p>\n<p>+ D\u00f2ng \u0111i\u1ec7n:\u00a00.05&#8230;5.5 A RMS<\/p>\n<p>+ T\u1ea7n s\u1ed1:\u00a045&#8230;65 Hz<\/p>\n<p>&#8211; \u0110i\u1ec7n n\u0103ng ti\u00eau th\u1ee5<\/p>\n","protected":false},"excerpt":{"rendered":"<p><img decoding=\"async\" loading=\"lazy\" class=\"alignnone size-full wp-image-2689\" src=\"https:\/\/tp-electric.vn\/wp-content\/uploads\/2023\/02\/14.png\" alt=\"\" width=\"443\" height=\"432\" \/><\/p>\n","protected":false},"featured_media":2689,"comment_status":"open","ping_status":"closed","template":"","meta":[],"product_cat":[174],"product_tag":[],"jetpack-related-posts":[{"id":2652,"url":"https:\/\/tp-electric.vn\/index.php\/san-pham\/bo-dieu-khien-tu-bu-rapidus\/","url_meta":{"origin":2656,"position":0},"title":"B\u1ed9 \u0111i\u1ec1u khi\u1ec3n t\u1ee5 b\u00f9 Rapidus","author":"","date":"03\/02\/2023","format":false,"excerpt":"Gi\u1edbi thi\u1ec7u v\u1ec1 B\u1ed9 \u0111i\u1ec1u khi\u1ec3n t\u1ee5 b\u00f9 Rapidus - B\u1ed9 \u0111i\u1ec1u khi\u1ec3n t\u1ee5 b\u00f9 \u0111\u01b0\u1ee3c s\u1eed d\u1ee5ng r\u1ed9ng r\u00e3i trong c\u00e1c h\u1ec7 th\u1ed1ng \u0111i\u1ec7n c\u00f4ng nghi\u1ec7p, c\u00e1c nh\u00e0 m\u00e1y s\u1ea3n xu\u1ea5t - Rapidus l\u00e0 m\u1ed9t relay \u0111i\u1ec1u khi\u1ec3n c\u00f4ng su\u1ea5t ph\u1ea3n kh\u00e1ng \u0111\u01b0\u1ee3c thi\u1ebft k\u1ebf \u0111\u1ec3 th\u1ef1c hi\u1ec7n qu\u00e1\u2026","rel":"","context":"Similar post","block_context":{"text":"Similar post","link":""},"img":{"alt_text":"","src":"https:\/\/i0.wp.com\/tp-electric.vn\/wp-content\/uploads\/2023\/02\/1-1.png?fit=469%2C468&ssl=1&resize=350%2C200","width":350,"height":200},"classes":[]},{"id":2699,"url":"https:\/\/tp-electric.vn\/index.php\/san-pham\/bo-dieu-khien-tu-bu-rapidus-2\/","url_meta":{"origin":2656,"position":1},"title":"B\u1ed9 \u0111i\u1ec1u khi\u1ec3n t\u1ee5 b\u00f9 Rapidus","author":"","date":"07\/02\/2023","format":false,"excerpt":"Gi\u1edbi thi\u1ec7u v\u1ec1 B\u1ed9 \u0111i\u1ec1u khi\u1ec3n t\u1ee5 b\u00f9 Rapidus - B\u1ed9 \u0111i\u1ec1u khi\u1ec3n t\u1ee5 b\u00f9 \u0111\u01b0\u1ee3c s\u1eed d\u1ee5ng r\u1ed9ng r\u00e3i trong c\u00e1c h\u1ec7 th\u1ed1ng \u0111i\u1ec7n c\u00f4ng nghi\u1ec7p, c\u00e1c nh\u00e0 m\u00e1y s\u1ea3n xu\u1ea5t - Rapidus l\u00e0 m\u1ed9t relay \u0111i\u1ec1u khi\u1ec3n c\u00f4ng su\u1ea5t ph\u1ea3n kh\u00e1ng \u0111\u01b0\u1ee3c thi\u1ebft k\u1ebf \u0111\u1ec3 th\u1ef1c hi\u1ec7n qu\u00e1\u2026","rel":"","context":"Similar post","block_context":{"text":"Similar post","link":""},"img":{"alt_text":"","src":"https:\/\/i0.wp.com\/tp-electric.vn\/wp-content\/uploads\/2023\/02\/16.png?fit=447%2C450&ssl=1&resize=350%2C200","width":350,"height":200},"classes":[]},{"id":2697,"url":"https:\/\/tp-electric.vn\/index.php\/san-pham\/2697\/","url_meta":{"origin":2656,"position":2},"title":"Gi\u1edbi thi\u1ec7u v\u1ec1 B\u1ed9 ph\u00e2n\u2026","author":"","date":"07\/02\/2023","format":false,"excerpt":"Gi\u1edbi thi\u1ec7u v\u1ec1 B\u1ed9 ph\u00e2n t\u00edch n\u0103ng l\u01b0\u1ee3ng -\u00a0KLEA l\u00e0 m\u1ed9t thi\u1ebft b\u1ecb \u0111o l\u01b0\u1eddng \u0111a ch\u1ee9c n\u0103ng v\u1edbi \u0111\u1ed9 ch\u00ednh x\u00e1c cao, ph\u00f9 h\u1ee3p v\u1edbi c\u00e1c \u1ee9ng d\u1ee5ng \u0111o l\u01b0\u1eddng, l\u01b0u tr\u1eef v\u00e0 gi\u00e1m s\u00e1t t\u1ea5t c\u1ea3 c\u00e1c gi\u00e1 tr\u1ecb \u0111\u1ea1i l\u01b0\u1ee3ng \u0111i\u1ec7n - M\u00e0n h\u00ecnh hi\u1ec3n th\u1ecb LCD,\u2026","rel":"","context":"Similar post","block_context":{"text":"Similar post","link":""},"img":{"alt_text":"","src":"https:\/\/i0.wp.com\/tp-electric.vn\/wp-content\/uploads\/2023\/02\/15.png?fit=460%2C444&ssl=1&resize=350%2C200","width":350,"height":200},"classes":[]},{"id":2650,"url":"https:\/\/tp-electric.vn\/index.php\/san-pham\/bo-phan-tich-nang-luong-klea\/","url_meta":{"origin":2656,"position":3},"title":"B\u1ed9 ph\u00e2n t\u00edch n\u0103ng l\u01b0\u1ee3ng Klea","author":"","date":"03\/02\/2023","format":false,"excerpt":"Gi\u1edbi thi\u1ec7u v\u1ec1 B\u1ed9 ph\u00e2n t\u00edch n\u0103ng l\u01b0\u1ee3ng -\u00a0KLEA l\u00e0 m\u1ed9t thi\u1ebft b\u1ecb \u0111o l\u01b0\u1eddng \u0111a ch\u1ee9c n\u0103ng v\u1edbi \u0111\u1ed9 ch\u00ednh x\u00e1c cao, ph\u00f9 h\u1ee3p v\u1edbi c\u00e1c \u1ee9ng d\u1ee5ng \u0111o l\u01b0\u1eddng, l\u01b0u tr\u1eef v\u00e0 gi\u00e1m s\u00e1t t\u1ea5t c\u1ea3 c\u00e1c gi\u00e1 tr\u1ecb \u0111\u1ea1i l\u01b0\u1ee3ng \u0111i\u1ec7n - M\u00e0n h\u00ecnh hi\u1ec3n th\u1ecb LCD,\u2026","rel":"","context":"Similar post","block_context":{"text":"Similar post","link":""},"img":{"alt_text":"","src":"https:\/\/i0.wp.com\/tp-electric.vn\/wp-content\/uploads\/2023\/02\/2.bmp?resize=350%2C200&ssl=1","width":350,"height":200},"classes":[]},{"id":3541,"url":"https:\/\/tp-electric.vn\/index.php\/san-pham\/weidmuller-7kw-1pha-we01-07\/","url_meta":{"origin":2656,"position":4},"title":"WEIDMULLER 7KW-1PHA (WE01-07)","author":"","date":"12\/06\/2023","format":false,"excerpt":"1. T\u00ecm hi\u1ec3u th\u01b0\u01a1ng hi\u1ec7u Weidmuller C\u00f4ng ty Weidmuller \u0111\u01b0\u1ee3c th\u00e0nh l\u1eadp t\u1eeb n\u0103m 1850. \u00a0 Weidmuller\u00a0\u2013\u00a0th\u01b0\u01a1ng hi\u1ec7u h\u00e0ng \u0111\u1ea7u \u0111\u1ebfn t\u1eeb\u00a0\u0110\u1ee9c, \u0111\u00e3 \u0111\u01b0\u1ee3c th\u1eeba nh\u1eadn v\u00e0 t\u00edn nhi\u1ec7m trong ng\u00e0nh c\u00f4ng nghi\u1ec7p to\u00e0n c\u1ea7u.\u00a0V\u1edbi h\u01a1n 160 n\u0103m kinh nghi\u1ec7m (t\u1eeb 1850),\u00a0Weidmuller \u0111\u00e3 tr\u1edf th\u00e0nh m\u1ed9t nh\u00e0 cung c\u1ea5p uy\u2026","rel":"","context":"Similar post","block_context":{"text":"Similar post","link":""},"img":{"alt_text":"","src":"https:\/\/i0.wp.com\/tp-electric.vn\/wp-content\/uploads\/2023\/06\/bo-sac-2.png?fit=664%2C664&ssl=1&resize=350%2C200","width":350,"height":200},"classes":[]},{"id":3496,"url":"https:\/\/tp-electric.vn\/index.php\/san-pham\/cong-tac-xoay-4-vi-tri\/","url_meta":{"origin":2656,"position":5},"title":"C\u00d4NG T\u1eaeC XOAY 4 V\u1eca TR\u00cd","author":"","date":"14\/04\/2023","format":false,"excerpt":"C\u00f4ng t\u1eafc xoay 4 v\u1ecb tr\u00ed \u0111\u01b0\u1ee3c thi\u1ebft k\u1ebf v\u1edbi 3 n\u00fat m\u1edf v\u00e0 1 n\u00fat t\u1eaft thi\u1ebft b\u1ecb \u0111i\u1ec7n \u0111\u01b0\u1ee3c \u1ee9ng d\u1ee5ng ph\u1ed5 bi\u1ebfn trong h\u1ec7 th\u1ed1ng \u0111i\u1ec7n c\u00f4ng nghi\u1ec7p. \u00a0\u01afU \u0110I\u1ec2M: \u0110\u1ed9 b\u1ec1n c\u01a1 h\u1ecdc cao C\u1ea5p \u0111\u1ed9 b\u1ea3o v\u1ec7 IP22, IP65 K\u1ebft c\u1ea5u \u0111\u01a1n gi\u1ea3n, d\u1ec5 l\u1eafp\u2026","rel":"","context":"Similar post","block_context":{"text":"Similar post","link":""},"img":{"alt_text":"","src":"https:\/\/i0.wp.com\/tp-electric.vn\/wp-content\/uploads\/2023\/04\/4vt.png?fit=300%2C300&ssl=1&resize=350%2C200","width":350,"height":200},"classes":[]}],"_links":{"self":[{"href":"https:\/\/tp-electric.vn\/index.php\/wp-json\/wp\/v2\/product\/2656"}],"collection":[{"href":"https:\/\/tp-electric.vn\/index.php\/wp-json\/wp\/v2\/product"}],"about":[{"href":"https:\/\/tp-electric.vn\/index.php\/wp-json\/wp\/v2\/types\/product"}],"replies":[{"embeddable":true,"href":"https:\/\/tp-electric.vn\/index.php\/wp-json\/wp\/v2\/comments?post=2656"}],"wp:featuredmedia":[{"embeddable":true,"href":"https:\/\/tp-electric.vn\/index.php\/wp-json\/wp\/v2\/media\/2689"}],"wp:attachment":[{"href":"https:\/\/tp-electric.vn\/index.php\/wp-json\/wp\/v2\/media?parent=2656"}],"wp:term":[{"taxonomy":"product_cat","embeddable":true,"href":"https:\/\/tp-electric.vn\/index.php\/wp-json\/wp\/v2\/product_cat?post=2656"},{"taxonomy":"product_tag","embeddable":true,"href":"https:\/\/tp-electric.vn\/index.php\/wp-json\/wp\/v2\/product_tag?post=2656"}],"curies":[{"name":"wp","href":"https:\/\/api.w.org\/{rel}","templated":true}]}}