{"id":2650,"date":"2023-02-03T14:54:57","date_gmt":"2023-02-03T07:54:57","guid":{"rendered":"https:\/\/tp-electric.vn\/?post_type=product&#038;p=2650"},"modified":"2024-12-12T15:10:08","modified_gmt":"2024-12-12T08:10:08","slug":"bo-phan-tich-nang-luong-klea","status":"publish","type":"product","link":"https:\/\/tp-electric.vn\/index.php\/san-pham\/bo-phan-tich-nang-luong-klea\/","title":{"rendered":"B\u1ed9 ph\u00e2n t\u00edch n\u0103ng l\u01b0\u1ee3ng Klea"},"content":{"rendered":"<p><strong>Gi\u1edbi thi\u1ec7u v\u1ec1 B\u1ed9 ph\u00e2n t\u00edch n\u0103ng l\u01b0\u1ee3ng<\/strong><\/p>\n<p>&#8211;\u00a0KLEA l\u00e0 m\u1ed9t thi\u1ebft b\u1ecb \u0111o l\u01b0\u1eddng \u0111a ch\u1ee9c n\u0103ng v\u1edbi \u0111\u1ed9 ch\u00ednh x\u00e1c cao, ph\u00f9 h\u1ee3p v\u1edbi c\u00e1c \u1ee9ng d\u1ee5ng \u0111o l\u01b0\u1eddng, l\u01b0u tr\u1eef v\u00e0 gi\u00e1m s\u00e1t t\u1ea5t c\u1ea3 c\u00e1c gi\u00e1 tr\u1ecb \u0111\u1ea1i l\u01b0\u1ee3ng \u0111i\u1ec7n<\/p>\n<p>&#8211; M\u00e0n h\u00ecnh hi\u1ec3n th\u1ecb LCD, h\u1ed7 tr\u1ee3 ng\u00f4n ng\u1eef English \/ Turkey \/ Russian<\/p>\n<p>&#8211; C\u00f3 th\u1ec3 \u0111\u1eb7t password b\u1ea3o v\u1ec7<\/p>\n<p>&#8211; B\u1ed9 nh\u1edb trong l\u00ean \u0111\u1ebfn 1 MB<\/p>\n<p>&#8211; Hi\u1ec3n th\u1ecb s\u01a1 \u0111\u1ed3 pha<\/p>\n<p>&#8211; T\u00edn hi\u1ec7u d\u1ea1ng s\u00f3ng<\/p>\n<p>&#8211; \u00a0Truy\u1ec1n th\u00f4ng Modbus RTU v\u1edbi c\u1ed5ng truy\u1ec1n th\u00f4ng RS485<\/p>\n<p><strong>Th\u00f4ng s\u1ed1 k\u1ef9 thu\u1eadt<\/strong><\/p>\n<p>&#8211; Ngu\u1ed3n c\u1ea5p:<\/p>\n<p>+ \u0110i\u1ec7n \u00e1p: 85..300V AC\/DC<\/p>\n<p>+ T\u1ea7n s\u1ed1: 45..65 Hz<\/p>\n<p>&#8211; Ng\u00f5 v\u00e0o \u0111o l\u01b0\u1eddng:<\/p>\n<p>+ \u0110i\u1ec7n \u00e1p: 1..300V RMS ( L-N )<\/p>\n<p>+ D\u00f2ng \u0111i\u1ec7n: 0.01..6A RMS<\/p>\n<p>+ T\u1ea7n s\u1ed1: 45..65 Hz<\/p>\n<p>&#8211; Ng\u00f5 v\u00e0o\/ra s\u1ed1:<\/p>\n<p>+ 2 ng\u00f5, 5..30V DC, 50mA<\/p>\n<p>+ B\u1ea3o v\u1ec7: 3750VRMS, c\u00e1ch \u0111i\u1ec7n<\/p>\n<p>&#8211; Ng\u00f5 ra analog:<\/p>\n<p>+ 2 ho\u1eb7c 4 ng\u00f5 v\u00e0o t\u00f9y ch\u1ecdn<\/p>\n<p>+ 0-5V, 0-10V, -5-5V, -10-10V, 0-20mA, 4-20mA<\/p>\n<p>&#8211; C\u00f4ng su\u1ea5t ti\u00eau th\u1ee5 &lt; 3VA<\/p>\n","protected":false},"excerpt":{"rendered":"<p>Gi\u1edbi thi\u1ec7u v\u1ec1 B\u1ed9 ph\u00e2n t\u00edch n\u0103ng l\u01b0\u1ee3ng &#8211;\u00a0KLEA l\u00e0 m\u1ed9t thi\u1ebft b\u1ecb \u0111o l\u01b0\u1eddng \u0111a ch\u1ee9c n\u0103ng v\u1edbi \u0111\u1ed9 ch\u00ednh x\u00e1c cao, ph\u00f9 h\u1ee3p v\u1edbi c\u00e1c \u1ee9ng d\u1ee5ng \u0111o l\u01b0\u1eddng, l\u01b0u tr\u1eef v\u00e0 gi\u00e1m s\u00e1t t\u1ea5t c\u1ea3 c\u00e1c gi\u00e1 tr\u1ecb \u0111\u1ea1i l\u01b0\u1ee3ng \u0111i\u1ec7n &#8211; M\u00e0n h\u00ecnh hi\u1ec3n th\u1ecb LCD, h\u1ed7 tr\u1ee3 ng\u00f4n ng\u1eef English&#8230;<\/p>\n","protected":false},"featured_media":2655,"comment_status":"open","ping_status":"closed","template":"","meta":[],"product_cat":[169,170],"product_tag":[],"jetpack-related-posts":[{"id":2697,"url":"https:\/\/tp-electric.vn\/index.php\/san-pham\/2697\/","url_meta":{"origin":2650,"position":0},"title":"Gi\u1edbi thi\u1ec7u v\u1ec1 B\u1ed9 ph\u00e2n\u2026","author":"","date":"07\/02\/2023","format":false,"excerpt":"Gi\u1edbi thi\u1ec7u v\u1ec1 B\u1ed9 ph\u00e2n t\u00edch n\u0103ng l\u01b0\u1ee3ng -\u00a0KLEA l\u00e0 m\u1ed9t thi\u1ebft b\u1ecb \u0111o l\u01b0\u1eddng \u0111a ch\u1ee9c n\u0103ng v\u1edbi \u0111\u1ed9 ch\u00ednh x\u00e1c cao, ph\u00f9 h\u1ee3p v\u1edbi c\u00e1c \u1ee9ng d\u1ee5ng \u0111o l\u01b0\u1eddng, l\u01b0u tr\u1eef v\u00e0 gi\u00e1m s\u00e1t t\u1ea5t c\u1ea3 c\u00e1c gi\u00e1 tr\u1ecb \u0111\u1ea1i l\u01b0\u1ee3ng \u0111i\u1ec7n - M\u00e0n h\u00ecnh hi\u1ec3n th\u1ecb LCD,\u2026","rel":"","context":"Similar post","block_context":{"text":"Similar post","link":""},"img":{"alt_text":"","src":"https:\/\/i0.wp.com\/tp-electric.vn\/wp-content\/uploads\/2023\/02\/15.png?fit=460%2C444&ssl=1&resize=350%2C200","width":350,"height":200},"classes":[]},{"id":2699,"url":"https:\/\/tp-electric.vn\/index.php\/san-pham\/bo-dieu-khien-tu-bu-rapidus-2\/","url_meta":{"origin":2650,"position":1},"title":"B\u1ed9 \u0111i\u1ec1u khi\u1ec3n t\u1ee5 b\u00f9 Rapidus","author":"","date":"07\/02\/2023","format":false,"excerpt":"Gi\u1edbi thi\u1ec7u v\u1ec1 B\u1ed9 \u0111i\u1ec1u khi\u1ec3n t\u1ee5 b\u00f9 Rapidus - B\u1ed9 \u0111i\u1ec1u khi\u1ec3n t\u1ee5 b\u00f9 \u0111\u01b0\u1ee3c s\u1eed d\u1ee5ng r\u1ed9ng r\u00e3i trong c\u00e1c h\u1ec7 th\u1ed1ng \u0111i\u1ec7n c\u00f4ng nghi\u1ec7p, c\u00e1c nh\u00e0 m\u00e1y s\u1ea3n xu\u1ea5t - Rapidus l\u00e0 m\u1ed9t relay \u0111i\u1ec1u khi\u1ec3n c\u00f4ng su\u1ea5t ph\u1ea3n kh\u00e1ng \u0111\u01b0\u1ee3c thi\u1ebft k\u1ebf \u0111\u1ec3 th\u1ef1c hi\u1ec7n qu\u00e1\u2026","rel":"","context":"Similar post","block_context":{"text":"Similar post","link":""},"img":{"alt_text":"","src":"https:\/\/i0.wp.com\/tp-electric.vn\/wp-content\/uploads\/2023\/02\/16.png?fit=447%2C450&ssl=1&resize=350%2C200","width":350,"height":200},"classes":[]},{"id":2652,"url":"https:\/\/tp-electric.vn\/index.php\/san-pham\/bo-dieu-khien-tu-bu-rapidus\/","url_meta":{"origin":2650,"position":2},"title":"B\u1ed9 \u0111i\u1ec1u khi\u1ec3n t\u1ee5 b\u00f9 Rapidus","author":"","date":"03\/02\/2023","format":false,"excerpt":"Gi\u1edbi thi\u1ec7u v\u1ec1 B\u1ed9 \u0111i\u1ec1u khi\u1ec3n t\u1ee5 b\u00f9 Rapidus - B\u1ed9 \u0111i\u1ec1u khi\u1ec3n t\u1ee5 b\u00f9 \u0111\u01b0\u1ee3c s\u1eed d\u1ee5ng r\u1ed9ng r\u00e3i trong c\u00e1c h\u1ec7 th\u1ed1ng \u0111i\u1ec7n c\u00f4ng nghi\u1ec7p, c\u00e1c nh\u00e0 m\u00e1y s\u1ea3n xu\u1ea5t - Rapidus l\u00e0 m\u1ed9t relay \u0111i\u1ec1u khi\u1ec3n c\u00f4ng su\u1ea5t ph\u1ea3n kh\u00e1ng \u0111\u01b0\u1ee3c thi\u1ebft k\u1ebf \u0111\u1ec3 th\u1ef1c hi\u1ec7n qu\u00e1\u2026","rel":"","context":"Similar post","block_context":{"text":"Similar post","link":""},"img":{"alt_text":"","src":"https:\/\/i0.wp.com\/tp-electric.vn\/wp-content\/uploads\/2023\/02\/1-1.png?fit=469%2C468&ssl=1&resize=350%2C200","width":350,"height":200},"classes":[]},{"id":2656,"url":"https:\/\/tp-electric.vn\/index.php\/san-pham\/dong-ho-do-dien-van-nang\/","url_meta":{"origin":2650,"position":3},"title":"\u0110\u1ed3ng h\u1ed3 \u0111o \u0111i\u1ec7n v\u1ea1n n\u0103ng","author":"","date":"07\/02\/2023","format":false,"excerpt":"","rel":"","context":"Similar post","block_context":{"text":"Similar post","link":""},"img":{"alt_text":"","src":"https:\/\/i0.wp.com\/tp-electric.vn\/wp-content\/uploads\/2023\/02\/14.png?fit=443%2C432&ssl=1&resize=350%2C200","width":350,"height":200},"classes":[]},{"id":3541,"url":"https:\/\/tp-electric.vn\/index.php\/san-pham\/weidmuller-7kw-1pha-we01-07\/","url_meta":{"origin":2650,"position":4},"title":"WEIDMULLER 7KW-1PHA (WE01-07)","author":"","date":"12\/06\/2023","format":false,"excerpt":"1. T\u00ecm hi\u1ec3u th\u01b0\u01a1ng hi\u1ec7u Weidmuller C\u00f4ng ty Weidmuller \u0111\u01b0\u1ee3c th\u00e0nh l\u1eadp t\u1eeb n\u0103m 1850. \u00a0 Weidmuller\u00a0\u2013\u00a0th\u01b0\u01a1ng hi\u1ec7u h\u00e0ng \u0111\u1ea7u \u0111\u1ebfn t\u1eeb\u00a0\u0110\u1ee9c, \u0111\u00e3 \u0111\u01b0\u1ee3c th\u1eeba nh\u1eadn v\u00e0 t\u00edn nhi\u1ec7m trong ng\u00e0nh c\u00f4ng nghi\u1ec7p to\u00e0n c\u1ea7u.\u00a0V\u1edbi h\u01a1n 160 n\u0103m kinh nghi\u1ec7m (t\u1eeb 1850),\u00a0Weidmuller \u0111\u00e3 tr\u1edf th\u00e0nh m\u1ed9t nh\u00e0 cung c\u1ea5p uy\u2026","rel":"","context":"Similar post","block_context":{"text":"Similar post","link":""},"img":{"alt_text":"","src":"https:\/\/i0.wp.com\/tp-electric.vn\/wp-content\/uploads\/2023\/06\/bo-sac-2.png?fit=664%2C664&ssl=1&resize=350%2C200","width":350,"height":200},"classes":[]},{"id":4751,"url":"https:\/\/tp-electric.vn\/index.php\/san-pham\/thiet-bi-chong-set-lan-truyen-etek-eku5-t2-40pv-3m-1000\/","url_meta":{"origin":2650,"position":5},"title":"Thi\u1ebft b\u1ecb ch\u1ed1ng s\u00e9t lan truy\u1ec1n ETEK EKU5-T2-40PV-3M-1000","author":"Admin","date":"11\/12\/2024","format":false,"excerpt":"Th\u00f4ng s\u1ed1 k\u1ef9 thu\u1eadt: \u0110i\u1ec7n \u00e1p \u0111\u1ecbnh m\u1ee9c (VDC): 1000 \u0110i\u1ec7n \u00e1p ho\u1ea1t \u0111\u1ed9ng li\u00ean t\u1ee5c (VDC): 1.100V M\u1ee9c \u0111\u1ed9 b\u1ea3o v\u1ec7 \u0111i\u1ec7n \u00e1p: 3.6 D\u00f2ng x\u1ea3 danh ngh\u0129a In (8\/20\u03bcs): 20KA D\u00f2ng x\u1ea3 t\u1ed1i \u0111a Imax (8\/20\u03bcs): 40KA Th\u1eddi gian ph\u1ea3n \u1ee9ng: \uff1c25ns Chi\u1ec1u r\u1ed9ng\/C\u1ef1c: 18mm V\u1eadt li\u1ec7u v\u1ecf:\u2026","rel":"","context":"Similar post","block_context":{"text":"Similar post","link":""},"img":{"alt_text":"","src":"https:\/\/i0.wp.com\/tp-electric.vn\/wp-content\/uploads\/2024\/12\/eku4-40z-dc-spd-for-pv-system.jpg?fit=800%2C800&ssl=1&resize=350%2C200","width":350,"height":200,"srcset":"https:\/\/i0.wp.com\/tp-electric.vn\/wp-content\/uploads\/2024\/12\/eku4-40z-dc-spd-for-pv-system.jpg?fit=800%2C800&ssl=1&resize=350%2C200 1x, https:\/\/i0.wp.com\/tp-electric.vn\/wp-content\/uploads\/2024\/12\/eku4-40z-dc-spd-for-pv-system.jpg?fit=800%2C800&ssl=1&resize=700%2C400 2x"},"classes":[]}],"_links":{"self":[{"href":"https:\/\/tp-electric.vn\/index.php\/wp-json\/wp\/v2\/product\/2650"}],"collection":[{"href":"https:\/\/tp-electric.vn\/index.php\/wp-json\/wp\/v2\/product"}],"about":[{"href":"https:\/\/tp-electric.vn\/index.php\/wp-json\/wp\/v2\/types\/product"}],"replies":[{"embeddable":true,"href":"https:\/\/tp-electric.vn\/index.php\/wp-json\/wp\/v2\/comments?post=2650"}],"wp:featuredmedia":[{"embeddable":true,"href":"https:\/\/tp-electric.vn\/index.php\/wp-json\/wp\/v2\/media\/2655"}],"wp:attachment":[{"href":"https:\/\/tp-electric.vn\/index.php\/wp-json\/wp\/v2\/media?parent=2650"}],"wp:term":[{"taxonomy":"product_cat","embeddable":true,"href":"https:\/\/tp-electric.vn\/index.php\/wp-json\/wp\/v2\/product_cat?post=2650"},{"taxonomy":"product_tag","embeddable":true,"href":"https:\/\/tp-electric.vn\/index.php\/wp-json\/wp\/v2\/product_tag?post=2650"}],"curies":[{"name":"wp","href":"https:\/\/api.w.org\/{rel}","templated":true}]}}