{"id":3779,"date":"2024-04-11T21:13:08","date_gmt":"2024-04-11T14:13:08","guid":{"rendered":"https:\/\/tp-electric.vn\/?page_id=3779"},"modified":"2024-04-11T21:13:08","modified_gmt":"2024-04-11T14:13:08","slug":"dieu-khoan-su-dung","status":"publish","type":"page","link":"https:\/\/tp-electric.vn\/index.php\/dieu-khoan-su-dung\/","title":{"rendered":"\u0110i\u1ec1u kho\u1ea3n s\u1eed d\u1ee5ng"},"content":{"rendered":"<p>\u0110\u00e2y l\u00e0 \u0111i\u1ec1u kho\u1ea3n quan tr\u1ecdng n\u00ean khuy\u1ebfn kh\u00edch kh\u00e1ch h\u00e0ng xem qua tr\u01b0\u1edbc khi \u0111\u1eb7t h\u00e0ng. C\u00e1c n\u1ed9i dung c\u00f3 trong \u0111i\u1ec1u kho\u1ea3n s\u1eed d\u1ee5ng nh\u01b0 sau:<\/p>\n<p>Trang web n\u00e0y thu\u1ed9c quy\u1ec1n qu\u1ea3n l\u00fd c\u1ee7a Thu\u1eadn Phong Energy. Xin vui l\u00f2ng \u0111\u1ecdc k\u1ef9 c\u00e1c \u0111i\u1ec1u ki\u1ec7n v\u00e0 \u0111i\u1ec1u kho\u1ea3n d\u01b0\u1edbi \u0111\u00e2y. Khi b\u1ea1n truy c\u1eadp v\u00e0o trang web c\u1ee7a ch\u00fang t\u00f4i c\u00f3 ngh\u0129a l\u00e0 b\u1ea1n \u0111\u1ed3ng \u00fd v\u1edbi c\u00e1c \u0111i\u1ec1u kho\u1ea3n n\u00e0y.<\/p>\n<h3>S\u1eed d\u1ee5ng h\u1ee3p ph\u00e1p<\/h3>\n<p>B\u1ea1n ph\u1ea3i ch\u1ea5p nh\u1eadn r\u1eb1ng B\u1ea1n s\u1ebd kh\u00f4ng \u0111\u01b0\u1ee3c ph\u00e9p c\u00f3 b\u1ea5t c\u1ee9 h\u00e0nh vi n\u00e0o c\u00f3 th\u1ec3 hi\u1ec3u r\u1eb1ng B\u1ea1n \u0111\u00e3, \u0111ang ho\u1eb7c s\u1ebd t\u1ed5 ch\u1ee9c kinh doanh d\u01b0\u1edbi b\u1ea5t k\u1ef3 h\u00ecnh th\u1ee9c bao g\u1ed3m nh\u01b0ng kh\u00f4ng gi\u1edbi h\u1ea1n nh\u01b0 \u0111\u1ec1 ngh\u1ecb ho\u1eb7c ch\u00e0o h\u00e0ng, b\u00e1n h\u00e0ng, cho thu\u00ea, c\u1ea5p ph\u00e9p, tr\u01b0ng b\u00e0y, giao h\u00e0ng, qu\u1ea3ng c\u00e1o v\u00e0 khuy\u1ebfn m\u00e3i tr\u1ef1c ti\u1ebfp ho\u1eb7c gi\u00e1n ti\u1ebfp b\u1ea5t k\u1ef3 s\u1ea3n ph\u1ea9m, d\u1ecbch v\u1ee5, d\u1eef li\u1ec7u, th\u00f4ng tin, h\u00ecnh \u1ea3nh c\u00f3 n\u1ed9i dung vi ph\u1ea1m ph\u00e1p lu\u1eadt hi\u1ec7n h\u00e0nh v\u00e0 thu\u1ea7n phong m\u1ef9 t\u1ee5c Vi\u1ec7t Nam. B\u1ea1n kh\u00f4ng \u0111\u01b0\u1ee3c ch\u00e0o b\u00e1n, ho\u1eb7c b\u00e1n ho\u1eb7c ph\u00e2n ph\u1ed1i b\u1ea5t k\u1ef3 ph\u1ea7n n\u00e0o c\u1ee7a trang web n\u00e0y ho\u1eb7c n\u1ed9i dung trang web tr\u00ean b\u1ea5t k\u1ef3 ph\u01b0\u01a1ng ti\u1ec7n n\u00e0o. B\u1ea1n kh\u00f4ng \u0111\u01b0\u1ee3c s\u1eed d\u1ee5ng b\u1ea5t k\u1ef3 ph\u1ea7n n\u00e0o c\u1ee7a trang web n\u00e0y nh\u01b0 m\u1ed9t ph\u1ea7n c\u1ee7a trang web kh\u00e1c, d\u00f9 l\u00e0 d\u01b0\u1edbi h\u00ecnh th\u1ee9c li\u00ean k\u1ebft tr\u00ean Internet, tr\u1eeb khi b\u1ea1n \u0111\u01b0\u1ee3c Thu\u1eadn Phong Energy cho ph\u00e9p b\u1eb1ng v\u0103n b\u1ea3n.<\/p>\n<h3>S\u1ef1 tu\u00e2n th\u1ee7<\/h3>\n<p>Thu\u1eadn Phong Energy c\u00f3 quy\u1ec1n h\u1ee3p ph\u00e1p y\u00eau c\u1ea7u B\u1ea1n tu\u00e2n th\u1ee7 nh\u1eefng \u0110i\u1ec1u kho\u1ea3n s\u1eed d\u1ee5ng, Ch\u00ednh s\u00e1ch b\u1ea3o m\u1eadt ho\u1eb7c Th\u1ecfa thu\u1eadn s\u1eed d\u1ee5ng t\u01b0\u01a1ng \u1ee9ng khi s\u1eed d\u1ee5ng D\u1ecbch v\u1ee5. N\u1ebfu x\u00e1c \u0111\u1ecbnh \u0111\u01b0\u1ee3c B\u1ea1n vi ph\u1ea1m nh\u1eefng \u0111i\u1ec1u kho\u1ea3n v\u00e0 \u0111i\u1ec1u ki\u1ec7n n\u00e0y, Thu\u1eadn Phong Energy c\u00f3 th\u1ec3 \u0111\u01a1n ph\u01b0\u01a1ng ch\u1ea5m d\u1ee9t ho\u1eb7c \u0111\u00ecnh ch\u1ec9 ngay l\u1eadp t\u1ee9c vi\u1ec7c: (1) S\u1eed d\u1ee5ng D\u1ecbch v\u1ee5; (2) Th\u1ecfa thu\u1eadn s\u1eed d\u1ee5ng D\u1ecbch v\u1ee5; (3) Truy c\u1eadp Website n\u00e0y. Thu\u1eadn Phong Energy c\u0169ng c\u00f3 quy\u1ec1n th\u00f4ng b\u00e1o c\u00e1c ho\u1ea1t \u0111\u1ed9ng n\u00e0y b\u1ecb nghi ng\u1edd vi ph\u1ea1m quy \u0111\u1ecbnh v\u1edbi c\u01a1 quan ch\u1ee9c tr\u00e1ch ho\u1eb7c b\u00ean th\u1ee9 ba. Thu\u1eadn Phong Energy c\u0169ng c\u00f3 th\u1ec3 h\u1ee3p t\u00e1c v\u1edbi v\u1edbi c\u01a1 quan ph\u00e1p lu\u1eadt \u0111\u1ec3 h\u1ed7 tr\u1ee3 \u0111i\u1ec1u tra v\u00e0 truy t\u1ed1 c\u00e1c ho\u1ea1t \u0111\u1ed9ng vi ph\u1ea1m ph\u00e1p theo quy \u0111\u1ecbnh.<\/p>\n<h3>Quy\u1ec1n s\u1edf h\u1eefu tr\u00ed tu\u1ec7<\/h3>\n<p>T\u1ea5t c\u1ea3 h\u00ecnh \u1ea3nh, bi\u1ec3u t\u01b0\u1ee3ng, v\u00e0 t\u1ea5t c\u1ea3 c\u00e1c n\u1ed9i dung kh\u00e1c (g\u1ecdi t\u1eaft l\u00e0 N\u1ed9i dung) t\u1ea1i Website n\u00e0y thu\u1ed9c s\u1edf h\u1eefu c\u1ee7a Thu\u1eadn Phong Energy v\u00e0 c\u00e1c t\u1ed5 ch\u1ee9c\/c\u00f4ng ty kh\u00e1c \u0111\u00e3 \u0111\u01b0\u1ee3c Thu\u1eadn Phong Energy cho ph\u00e9p. Thu\u1eadn Phong Energy cho ph\u00e9p B\u1ea1n xem, t\u1ea3i v\u1ec1 v\u00e0 in n\u1ed9i dung khi:<\/p>\n<p>+ B\u1ea1n ch\u1ec9 s\u1eed d\u1ee5ng cho m\u1ee5c \u0111\u00edch c\u00e1 nh\u00e2n ch\u1ee9 kh\u00f4ng ph\u1ea3i cho m\u1ee5c \u0111\u00edch th\u01b0\u01a1ng m\u1ea1i.<\/p>\n<p>+ B\u1ea1n kh\u00f4ng sao ch\u00e9p, xu\u1ea5t b\u1ea3n ho\u1eb7c s\u1eed d\u1ee5ng l\u1ea1i n\u1ed9i dung.<\/p>\n<p>+ B\u1ea1n kh\u00f4ng ch\u1ec9nh s\u1eeda n\u1ed9i dung.<\/p>\n<p>+ B\u1ea1n kh\u00f4ng di chuy\u1ec3n b\u1ea5t k\u1ef3 b\u1ea3n quy\u1ec1n, th\u01b0\u01a1ng hi\u1ec7u v\u00e0 c\u00e1c n\u1ed9i dung \u0111\u1ed9c quy\u1ec1n kh\u00e1c tr\u00ean Website.<\/p>\n","protected":false},"excerpt":{"rendered":"<p>\u0110\u00e2y l\u00e0 \u0111i\u1ec1u kho\u1ea3n quan tr\u1ecdng n\u00ean khuy\u1ebfn kh\u00edch kh\u00e1ch h\u00e0ng xem qua tr\u01b0\u1edbc khi \u0111\u1eb7t h\u00e0ng. C\u00e1c n\u1ed9i dung c\u00f3 trong \u0111i\u1ec1u kho\u1ea3n s\u1eed d\u1ee5ng nh\u01b0 sau: Trang web n\u00e0y thu\u1ed9c quy\u1ec1n qu\u1ea3n l\u00fd c\u1ee7a Thu\u1eadn Phong Energy. Xin vui l\u00f2ng \u0111\u1ecdc k\u1ef9 c\u00e1c \u0111i\u1ec1u ki\u1ec7n v\u00e0 \u0111i\u1ec1u kho\u1ea3n d\u01b0\u1edbi \u0111\u00e2y. Khi b\u1ea1n truy&#8230;<\/p>\n","protected":false},"author":4,"featured_media":0,"parent":0,"menu_order":0,"comment_status":"closed","ping_status":"closed","template":"","meta":[],"jetpack-related-posts":[{"id":3781,"url":"https:\/\/tp-electric.vn\/index.php\/chinh-sach-bao-mat-thong-tin-ca-nhan-rieng-tu\/","url_meta":{"origin":3779,"position":0},"title":"Ch\u00ednh s\u00e1ch b\u1ea3o m\u1eadt th\u00f4ng tin c\u00e1 nh\u00e2n &#038; ri\u00eang t\u01b0:","author":"Admin","date":"11\/04\/2024","format":false,"excerpt":"Ch\u00ednh s\u00e1ch n\u00e0y gi\u00fap kh\u00e1ch h\u00e0ng c\u1ea3m th\u1ea5y y\u00ean t\u00e2m khi mua h\u00e0ng m\u00e0 kh\u00f4ng b\u1ecb r\u00f2 r\u1ec9 th\u00f4ng tin cho b\u00ean th\u1ee9 3 l\u00e0m \u1ea3nh h\u01b0\u1edfng \u0111\u1ebfn cu\u1ed9c s\u1ed1ng c\u0169ng nh\u01b0 ti\u1ec1n b\u1ea1c c\u1ee7a kh\u00e1ch h\u00e0ng. N\u1ed9i dung c\u1ea7n c\u00f3 trong ch\u00ednh s\u00e1ch n\u00e0y nh\u01b0 sau: I. D\u1eef li\u1ec7u\u2026","rel":"","context":"Similar post","block_context":{"text":"Similar post","link":""},"img":{"alt_text":"","src":"","width":0,"height":0},"classes":[]},{"id":3770,"url":"https:\/\/tp-electric.vn\/index.php\/chinh-sach-thanh-toan\/","url_meta":{"origin":3779,"position":1},"title":"Ch\u00ednh s\u00e1ch thanh to\u00e1n","author":"Admin","date":"11\/04\/2024","format":false,"excerpt":"Nh\u1eb1m mang \u0111\u1ebfn cho Qu\u00fd kh\u00e1ch nh\u1eefng tr\u1ea3i nghi\u1ec7m mua s\u1eafm tr\u1ef1c tuy\u1ebfn tuy\u1ec7t v\u1eddi nh\u1ea5t t\u1ea1i Thu\u1eadn Phong Energy, ch\u00fang t\u00f4i \u0111\u01b0a ra nhi\u1ec1u ph\u01b0\u01a1ng th\u1ee9c thanh to\u00e1n \u0111\u1ec3 Qu\u00fd kh\u00e1ch d\u1ec5 d\u00e0ng l\u1ef1a ch\u1ecdn ph\u00f9 h\u1ee3p nh\u1ea5t: 1. Mua h\u00e0ng v\u00e0 thanh to\u00e1n tr\u1ef1c ti\u1ebfp t\u1ea1i c\u1eeda h\u00e0ng:\u2026","rel":"","context":"Similar post","block_context":{"text":"Similar post","link":""},"img":{"alt_text":"","src":"","width":0,"height":0},"classes":[]},{"id":3777,"url":"https:\/\/tp-electric.vn\/index.php\/chinh-sach-van-chuyen-bao-hanh\/","url_meta":{"origin":3779,"position":2},"title":"Ch\u00ednh s\u00e1ch v\u1eadn chuy\u1ec3n b\u1ea3o h\u00e0nh","author":"Admin","date":"11\/04\/2024","format":false,"excerpt":"\u0110I\u1ec0U KI\u1ec6N B\u1ea2O H\u00c0NH S\u1ea3n ph\u1ea9m \u0111\u01b0\u1ee3c b\u1ea3o h\u00e0nh mi\u1ec5n ph\u00ed n\u1ebfu \u0111\u1ea3m b\u1ea3o t\u1ea5t c\u1ea3 c\u00e1c \u0111i\u1ec1u ki\u1ec7n sau: S\u1ea3n ph\u1ea9m thu\u1ed9c danh m\u1ee5c \u0111\u01b0\u1ee3c b\u1ea3o h\u00e0nh t\u1eeb Nh\u00e0 s\u1ea3n xu\u1ea5t ho\u1eb7c Nh\u00e0 ph\u00e2n ph\u1ed1i. S\u1ea3n ph\u1ea9m b\u1ecb l\u1ed7i k\u1ef9 thu\u1eadt do Nh\u00e0 s\u1ea3n xu\u1ea5t. Th\u1eddi h\u1ea1n b\u1ea3o h\u00e0nh\u2026","rel":"","context":"Similar post","block_context":{"text":"Similar post","link":""},"img":{"alt_text":"","src":"","width":0,"height":0},"classes":[]},{"id":3775,"url":"https:\/\/tp-electric.vn\/index.php\/chinh-sach-doi-tra\/","url_meta":{"origin":3779,"position":3},"title":"Ch\u00ednh s\u00e1ch \u0111\u1ed5i tr\u1ea3","author":"Admin","date":"11\/04\/2024","format":false,"excerpt":"TR\u01af\u1edcNG H\u1ee2P 1 S\u1ea3n ph\u1ea9m \u0111\u01b0\u1ee3c b\u1ea3o h\u00e0nh mi\u1ec5n ph\u00ed n\u1ebfu \u0111\u1ea3m b\u1ea3o t\u1ea5t c\u1ea3 c\u00e1c \u0111i\u1ec1u ki\u1ec7n sau: \u00d4 s\u1ea3n ph\u1ea9m thu\u1ed9c danh m\u1ee5c \u0111\u01b0\u1ee3c b\u1ea3o h\u00e0nh t\u1eeb Nh\u00e0 s\u1ea3n xu\u1ea5t ho\u1eb7c Nh\u00e0 ph\u00e2n ph\u1ed1i S\u1ea3n ph\u1ea9m b\u1ecb l\u1ed7i k\u1ef9 thu\u1eadt do Nh\u00e0 s\u1ea3n xu\u1ea5t Th\u1eddi h\u1ea1n b\u1ea3o h\u00e0nh\u2026","rel":"","context":"Similar post","block_context":{"text":"Similar post","link":""},"img":{"alt_text":"","src":"","width":0,"height":0},"classes":[]},{"id":3768,"url":"https:\/\/tp-electric.vn\/index.php\/huong-dan-mua-hang\/","url_meta":{"origin":3779,"position":4},"title":"H\u01b0\u1edbng d\u1eabn mua h\u00e0ng","author":"Admin","date":"11\/04\/2024","format":false,"excerpt":"Thu\u1eadn Phong Energy K\u00ednh Ch\u00e0o Qu\u00fd Kh\u00e1ch! Ch\u00e2n th\u00e0nh c\u1ea3m \u01a1n qu\u00fd kh\u00e1ch \u0111\u00e3 tin t\u01b0\u1edfng v\u00e0 s\u1eed d\u1ee5ng s\u1ea3n ph\u1ea9m c\u1ee7a ch\u00fang t\u00f4i. D\u01b0\u1edbi \u0111\u00e2y l\u00e0 4 c\u00e1ch m\u00e0 b\u1ea1n c\u00f3 th\u1ec3 l\u1ef1a ch\u1ecdn \u0111\u1ec3 mua h\u00e0ng nh\u01b0 sau: C\u00e1ch 1: Li\u00ean h\u1ec7 qua \u0111i\u1ec7n tho\u1ea1i Qu\u00fd kh\u00e1ch c\u00f3\u2026","rel":"","context":"Similar post","block_context":{"text":"Similar post","link":""},"img":{"alt_text":"","src":"","width":0,"height":0},"classes":[]},{"id":3793,"url":"https:\/\/tp-electric.vn\/index.php\/chinh-sach-kiem-hang\/","url_meta":{"origin":3779,"position":5},"title":"Ch\u00ednh s\u00e1ch ki\u1ec3m h\u00e0ng","author":"Admin","date":"16\/05\/2024","format":false,"excerpt":"Th\u1eddi \u0111i\u1ec3m ki\u1ec3m h\u00e0ng. Thu\u1eadn Phong Energy ch\u1ea5p nh\u1eadn cho kh\u00e1ch h\u00e0ng \u0111\u1ed3ng ki\u1ec3m v\u1edbi nh\u00e2n vi\u00ean giao h\u00e0ng t\u1ea1i th\u1eddi \u0111i\u1ec3m nh\u1eadn h\u00e0ng. Kh\u00f4ng h\u1ed7 tr\u1ee3 th\u1eed h\u00e0ng. Sau khi nh\u1eadn h\u00e0ng, kh\u00e1ch h\u00e0ng ki\u1ec3m l\u1ea1i ph\u00e1t hi\u1ec7n sai, c\u00f3 th\u1ec3 li\u00ean l\u1ea1c v\u1edbi b\u1ed9 ph\u1eadn ch\u0103m s\u00f3c kh\u00e1ch\u2026","rel":"","context":"Similar post","block_context":{"text":"Similar post","link":""},"img":{"alt_text":"","src":"","width":0,"height":0},"classes":[]}],"_links":{"self":[{"href":"https:\/\/tp-electric.vn\/index.php\/wp-json\/wp\/v2\/pages\/3779"}],"collection":[{"href":"https:\/\/tp-electric.vn\/index.php\/wp-json\/wp\/v2\/pages"}],"about":[{"href":"https:\/\/tp-electric.vn\/index.php\/wp-json\/wp\/v2\/types\/page"}],"author":[{"embeddable":true,"href":"https:\/\/tp-electric.vn\/index.php\/wp-json\/wp\/v2\/users\/4"}],"replies":[{"embeddable":true,"href":"https:\/\/tp-electric.vn\/index.php\/wp-json\/wp\/v2\/comments?post=3779"}],"version-history":[{"count":1,"href":"https:\/\/tp-electric.vn\/index.php\/wp-json\/wp\/v2\/pages\/3779\/revisions"}],"predecessor-version":[{"id":3780,"href":"https:\/\/tp-electric.vn\/index.php\/wp-json\/wp\/v2\/pages\/3779\/revisions\/3780"}],"wp:attachment":[{"href":"https:\/\/tp-electric.vn\/index.php\/wp-json\/wp\/v2\/media?parent=3779"}],"curies":[{"name":"wp","href":"https:\/\/api.w.org\/{rel}","templated":true}]}}