{"id":3777,"date":"2024-04-11T21:12:02","date_gmt":"2024-04-11T14:12:02","guid":{"rendered":"https:\/\/tp-electric.vn\/?page_id=3777"},"modified":"2024-07-22T16:08:40","modified_gmt":"2024-07-22T09:08:40","slug":"chinh-sach-van-chuyen-bao-hanh","status":"publish","type":"page","link":"https:\/\/tp-electric.vn\/index.php\/chinh-sach-van-chuyen-bao-hanh\/","title":{"rendered":"Ch\u00ednh s\u00e1ch v\u1eadn chuy\u1ec3n b\u1ea3o h\u00e0nh"},"content":{"rendered":"<h3>\u0110I\u1ec0U KI\u1ec6N B\u1ea2O H\u00c0NH<\/h3>\n<p>S\u1ea3n ph\u1ea9m \u0111\u01b0\u1ee3c b\u1ea3o h\u00e0nh mi\u1ec5n ph\u00ed n\u1ebfu \u0111\u1ea3m b\u1ea3o t\u1ea5t c\u1ea3 c\u00e1c \u0111i\u1ec1u ki\u1ec7n sau:<\/p>\n<ul>\n<li>S\u1ea3n ph\u1ea9m thu\u1ed9c danh m\u1ee5c \u0111\u01b0\u1ee3c b\u1ea3o h\u00e0nh t\u1eeb Nh\u00e0 s\u1ea3n xu\u1ea5t ho\u1eb7c Nh\u00e0 ph\u00e2n ph\u1ed1i.<\/li>\n<li>S\u1ea3n ph\u1ea9m b\u1ecb l\u1ed7i k\u1ef9 thu\u1eadt do Nh\u00e0 s\u1ea3n xu\u1ea5t.<\/li>\n<li>Th\u1eddi h\u1ea1n b\u1ea3o h\u00e0nh tr\u00ean phi\u1ebfu b\u1ea3o h\u00e0nh v\u1eabn c\u00f2n hi\u1ec7u l\u1ef1c (n\u1ebfu c\u00f3) ho\u1eb7c phi\u1ebfu xu\u1ea5t h\u00e0ng (h\u00f3a \u0111\u01a1n ho\u1eb7c ch\u1ee9ng t\u1eeb).<\/li>\n<li>Phi\u1ebfu xu\u1ea5t h\u00e0ng (h\u00f3a \u0111\u01a1n ho\u1eb7c ch\u1ee9ng t\u1eeb) c\u00f2n nguy\u00ean v\u1eb9n, kh\u00f4ng ch\u1eafp v\u00e1, kh\u00f4ng b\u1ecb g\u1ea1ch x\u00f3a hay s\u1eeda ch\u1eefa, b\u00f4i b\u1ea9n.<\/li>\n<li>Phi\u1ebfu xu\u1ea5t h\u00e0ng (h\u00f3a \u0111\u01a1n ho\u1eb7c ch\u1ee9ng t\u1eeb) \u0111\u1ea7y \u0111\u1ee7 th\u00f4ng tin: t\u00ean s\u1ea3n ph\u1ea9m, m\u00e3 s\u1ea3n ph\u1ea9m, ng\u00e0y xu\u1ea5t h\u00e0ng, t\u00ean kh\u00e1ch h\u00e0ng s\u1eed d\u1ee5ng, \u0111\u1ecba ch\u1ec9.<\/li>\n<li>Tem b\u1ea3o h\u00e0nh v\u00e0 tem ni\u00eam phong (n\u1ebfu c\u00f3) c\u1ee7a Nh\u00e0 s\u1ea3n xu\u1ea5t tr\u00ean s\u1ea3n ph\u1ea9m c\u00f2n nguy\u00ean v\u1eb9n.<\/li>\n<\/ul>\n<h3>TH\u1edcI H\u1ea0N B\u1ea2O H\u00c0NH<\/h3>\n<p>Th\u1eddi h\u1ea1n b\u1ea3o h\u00e0nh \u0111\u01b0\u1ee3c t\u00ednh k\u1ec3 t\u1eeb ng\u00e0y mua h\u00e0ng ho\u1eb7c k\u1ec3 t\u1eeb ng\u00e0y s\u1ea3n xu\u1ea5t t\u00f9y thu\u1ed9c t\u1eebng lo\u1ea1i s\u1ea3n ph\u1ea9m \u0111\u01b0\u1ee3c n\u00eau r\u00f5 khi kh\u00e1ch h\u00e0ng mua v\u00e0 nh\u1eadn s\u1ea3n ph\u1ea9m t\u1eeb Thu\u1eadn Phong Energy.<\/p>\n<p>\u0110\u1ed1i v\u1edbi Kh\u00e1ch h\u00e0ng th\u01b0\u01a1ng m\u1ea1i, th\u1eddi h\u1ea1n b\u1ea3o h\u00e0nh \u0111\u01b0\u1ee3c t\u00ednh t\u1eeb th\u1eddi \u0111i\u1ec3m h\u00e0ng h\u00f3a \u0111\u01b0\u1ee3c b\u00e0n giao cho ng\u01b0\u1eddi s\u1eed d\u1ee5ng (c\u00f3 h\u00f3a \u0111\u01a1n, ch\u1ee9ng t\u1eeb ch\u1ee9ng minh ngu\u1ed3n h\u00e0ng).<\/p>\n<h3>PH\u01af\u01a0NG TH\u1ee8C B\u1ea2O H\u00c0NH<\/h3>\n<p>\u0110\u1ecba \u0111i\u1ec3m b\u1ea3o h\u00e0nh: Qu\u00fd kh\u00e1ch vui l\u00f2ng li\u00ean h\u1ec7 tr\u1ef1c ti\u1ebfp v\u1edbi b\u1ed9 ph\u1eadn ch\u0103m s\u00f3c kh\u00e1ch h\u00e0ng c\u1ee7a Thu\u1eadn Phong Energy (hotline: 0896 564 567)<br \/>\nB\u1ed9 ph\u1eadn h\u1ed7 tr\u1ee3 ch\u0103m s\u00f3c kh\u00e1ch h\u00e0ng c\u1ee7a Thu\u1eadn Phong Energy s\u1ebd h\u1ed7 tr\u1ee3 v\u00e0 h\u01b0\u1edbng d\u1eabn Qu\u00fd kh\u00e1ch h\u00e0ng ph\u01b0\u01a1ng th\u1ee9c tham gia v\u00e0o h\u1ec7 th\u1ed1ng b\u1ea3o h\u00e0nh s\u1ea3n ph\u1ea9m c\u1ee7a Thu\u1eadn Phong Energy.<\/p>\n<p>M\u1ecdi th\u00f4ng tin li\u00ean h\u1ec7 c\u1ee7a Thu\u1eadn Phong Energy \u0111\u01b0\u1ee3c in tr\u00ean H\u00f3a \u0111\u01a1n, ch\u1ee9ng t\u1eeb ho\u1eb7c phi\u1ebfu xu\u1ea5t kho.<\/p>\n<h3><span style=\"font-weight: 400;\">TH\u1edcI GIAN TH\u1ef0C HI\u1ec6N<\/span><\/h3>\n<p><span style=\"font-weight: 400;\">Trong m\u1ecdi tr\u01b0\u1eddng h\u1ee3p, th\u1eddi gian th\u1ef1c hi\u1ec7n b\u1ea3o h\u00e0nh s\u1ea3n ph\u1ea9m ph\u1ee5 thu\u1ed9c v\u00e0o m\u1ee9c \u0111\u1ed9 h\u01b0 h\u1ea1i c\u1ee7a s\u1ea3n ph\u1ea9m\/thi\u1ebft b\u1ecb ho\u1eb7c m\u1ee9c \u0111\u1ed9 s\u1eb5n c\u00f3 c\u1ee7a thi\u1ebft b\u1ecb\/s\u1ea3n ph\u1ea9m thay th\u1ebf c\u1ee7a ch\u00fang t\u00f4i.<\/span><\/p>\n<p><span style=\"font-weight: 400;\">Kh\u00e1ch h\u00e0ng s\u1ebd nh\u1eadn \u0111\u01b0\u1ee3c th\u00f4ng b\u00e1o c\u1ee5 th\u1ec3 t\u1eeb Thu\u1eadn Phong Energy v\u00e0o th\u1eddi \u0111i\u1ec3m ch\u00fang t\u00f4i nh\u1eadn s\u1ea3n ph\u1ea9m \u0111\u1ec3 b\u1ea3o h\u00e0nh.<\/span><\/p>\n<p><span style=\"font-weight: 400;\">Trong tr\u01b0\u1eddng h\u1ee3p qu\u00fd kh\u00e1ch t\u1ef1 \u0111em s\u1ea3n ph\u1ea9m \u0111\u1ebfn Trung T\u00e2m S\u1eeda Ch\u1eefa kh\u00f4ng \u0111\u01b0\u1ee3c s\u1ef1 \u1ee7y quy\u1ec1n c\u1ee7a Thu\u1eadn Phong Energy ho\u1eb7c tr\u01b0\u1eddng h\u1ee3p kh\u00e1ch h\u00e0ng t\u1ef1 \u00fd th\u00e1o l\u1eafp (s\u1eeda ch\u1eefa) m\u00e0 ch\u01b0a \u0111\u01b0\u1ee3c s\u1ef1 \u0111\u1ed3ng \u00fd c\u1ee7a Thu\u1eadn Phong Energy th\u00ec s\u1ea3n ph\u1ea9m\/thi\u1ebft b\u1ecb \u0111\u00f3 s\u1ebd kh\u00f4ng nh\u1eadn \u0111\u01b0\u1ee3c ch\u00ednh s\u00e1ch b\u1ea3o h\u00e0nh n\u1eefa.<\/span><\/p>\n<h3><span style=\"font-weight: 400;\">\u0110\u01a0N V\u1eca V\u1eacN CHUY\u1ec2N V\u00c0 GIAO NH\u1eacN<\/span><\/h3>\n<p><span style=\"font-weight: 400;\">B\u00ean v\u1eadn chuy\u1ec3n \u0111\u01b0\u1ee3c hi\u1ec3u l\u00e0 c\u00e1c \u0111\u01a1n v\u1ecb v\u1eadn chuy\u1ec3n trung gian h\u1ee3p t\u00e1c v\u1edbi Thu\u1eadn Phong v\u1eadn chuy\u1ec3n h\u00e0nh h\u00f3a t\u1edbi kh\u00e1ch h\u00e0ng nh\u01b0: Viettel post, CHN, J&amp;T.<\/span><\/p>\n<p><span style=\"font-weight: 400;\">Th\u1eddi gian \u01b0\u1edbc t\u00ednh giao h\u00e0ng t\u1eeb 2-4 ng\u00e0y \u0111\u1ed1i v\u1edbi khu v\u1ef1c ph\u00eda B\u1eafc v\u00e0 t\u1eeb 3-5 ng\u00e0y \u0111\u1ed1i v\u1edbi c\u00e1c kh\u00e1ch h\u00e0ng khu v\u1ef1c ph\u00eda Trung v\u00e0 Nam.<\/span><\/p>\n<p><strong>Ph\u00e2n \u0111\u1ecbnh tr\u00e1ch nhi\u1ec7m c\u1ee7a th\u01b0\u01a1ng nh\u00e2n v\u00e0 t\u1ed5 ch\u1ee9c cung \u1ee9ng d\u1ecbch v\u1ee5 logistics v\u1ec1 cung c\u1ea5p ch\u1ee9ng t\u1eeb h\u00e0ng h\u00f3a<\/strong><\/p>\n<ol>\n<li><span style=\"font-weight: 400;\"> Tr\u00e1ch nhi\u1ec7m c\u1ee7a Thu\u1eadn Phong Energy:<\/span><\/li>\n<\/ol>\n<p><span style=\"font-weight: 400;\">Cung c\u1ea5p ch\u1ee9ng t\u1eeb \u0111\u1ea7y \u0111\u1ee7: Thu\u1eadn Phong Energyc\u00f3 tr\u00e1ch nhi\u1ec7m cung c\u1ea5p \u0111\u1ea7y \u0111\u1ee7 c\u00e1c ch\u1ee9ng t\u1eeb li\u00ean quan \u0111\u1ebfn h\u00e0ng h\u00f3a, bao g\u1ed3m h\u00f3a \u0111\u01a1n, phi\u1ebfu xu\u1ea5t kho, v\u00e0 c\u00e1c gi\u1ea5y t\u1edd c\u1ea7n thi\u1ebft kh\u00e1c theo quy \u0111\u1ecbnh c\u1ee7a ph\u00e1p lu\u1eadt.<\/span><\/p>\n<p><span style=\"font-weight: 400;\">X\u00e1c nh\u1eadn \u0111\u01a1n h\u00e0ng: Sau khi nh\u1eadn \u0111\u01b0\u1ee3c \u0111\u01a1n \u0111\u1eb7t h\u00e0ng t\u1eeb kh\u00e1ch h\u00e0ng, Thu\u1eadn Phong Energy s\u1ebd x\u00e1c nh\u1eadn v\u00e0 ti\u1ebfn h\u00e0nh x\u1eed l\u00fd \u0111\u01a1n h\u00e0ng. Th\u00f4ng tin v\u1ec1 \u0111\u01a1n h\u00e0ng s\u1ebd \u0111\u01b0\u1ee3c g\u1eedi \u0111\u1ebfn kh\u00e1ch h\u00e0ng qua email ho\u1eb7c tin nh\u1eafn SMS.<\/span><\/p>\n<p><span style=\"font-weight: 400;\">H\u1ed7 tr\u1ee3 th\u00f4ng tin: Thu\u1eadn Phong Energy s\u1ebd h\u1ed7 tr\u1ee3 kh\u00e1ch h\u00e0ng v\u1ec1 m\u1ecdi th\u00f4ng tin li\u00ean quan \u0111\u1ebfn ch\u1ee9ng t\u1eeb h\u00e0ng h\u00f3a v\u00e0 qu\u00e1 tr\u00ecnh giao nh\u1eadn. Kh\u00e1ch h\u00e0ng c\u00f3 th\u1ec3 li\u00ean h\u1ec7 v\u1edbi \u0111\u1ed9i ng\u0169 ch\u0103m s\u00f3c kh\u00e1ch h\u00e0ng c\u1ee7a ch\u00fang t\u00f4i \u0111\u1ec3 \u0111\u01b0\u1ee3c gi\u1ea3i \u0111\u00e1p.<\/span><\/p>\n<ol start=\"2\">\n<li><span style=\"font-weight: 400;\"> Tr\u00e1ch nhi\u1ec7m c\u1ee7a t\u1ed5 ch\u1ee9c cung \u1ee9ng d\u1ecbch v\u1ee5 logistics:<\/span><\/li>\n<\/ol>\n<p><span style=\"font-weight: 400;\">Nh\u1eadn v\u00e0 giao h\u00e0ng \u0111\u00fang h\u1eb9n: \u0110\u01a1n v\u1ecb v\u1eadn chuy\u1ec3n c\u00f3 tr\u00e1ch nhi\u1ec7m nh\u1eadn h\u00e0ng t\u1eeb Thu\u1eadn Phong Energy v\u00e0 giao h\u00e0ng \u0111\u1ebfn \u0111\u1ecba ch\u1ec9 c\u1ee7a kh\u00e1ch h\u00e0ng trong th\u1eddi gian \u0111\u00e3 cam k\u1ebft.<\/span><\/p>\n<p><span style=\"font-weight: 400;\">Cung c\u1ea5p ch\u1ee9ng t\u1eeb v\u1eadn chuy\u1ec3n: \u0110\u01a1n v\u1ecb v\u1eadn chuy\u1ec3n s\u1ebd cung c\u1ea5p c\u00e1c ch\u1ee9ng t\u1eeb v\u1eadn chuy\u1ec3n c\u1ea7n thi\u1ebft nh\u01b0 phi\u1ebfu giao h\u00e0ng, bi\u00ean b\u1ea3n b\u00e0n giao, v\u00e0 c\u00e1c gi\u1ea5y t\u1edd li\u00ean quan kh\u00e1c khi giao h\u00e0ng cho kh\u00e1ch h\u00e0ng.<\/span><\/p>\n<p><span style=\"font-weight: 400;\">Ki\u1ec3m tra v\u00e0 b\u1ea3o qu\u1ea3n h\u00e0ng h\u00f3a: \u0110\u01a1n v\u1ecb v\u1eadn chuy\u1ec3n ph\u1ea3i ki\u1ec3m tra v\u00e0 \u0111\u1ea3m b\u1ea3o h\u00e0ng h\u00f3a kh\u00f4ng b\u1ecb h\u01b0 h\u1ecfng, m\u1ea5t m\u00e1t trong qu\u00e1 tr\u00ecnh v\u1eadn chuy\u1ec3n. N\u1ebfu c\u00f3 b\u1ea5t k\u1ef3 s\u1ef1 c\u1ed1 n\u00e0o x\u1ea3y ra, \u0111\u01a1n v\u1ecb v\u1eadn chuy\u1ec3n c\u1ea7n th\u00f4ng b\u00e1o ngay cho Thu\u1eadn Phong Energy \u0111\u1ec3 c\u00f9ng gi\u1ea3i quy\u1ebft.<\/span><\/p>\n<ol start=\"3\">\n<li><span style=\"font-weight: 400;\"> Quy tr\u00ecnh giao nh\u1eadn v\u00e0 cung c\u1ea5p ch\u1ee9ng t\u1eeb:<\/span><\/li>\n<\/ol>\n<p><span style=\"font-weight: 400;\">Tr\u01b0\u1edbc khi giao h\u00e0ng: Thu\u1eadn Phong Energy s\u1ebd chu\u1ea9n b\u1ecb \u0111\u1ea7y \u0111\u1ee7 c\u00e1c ch\u1ee9ng t\u1eeb li\u00ean quan v\u00e0 chuy\u1ec3n giao cho \u0111\u01a1n v\u1ecb v\u1eadn chuy\u1ec3n c\u00f9ng v\u1edbi h\u00e0ng h\u00f3a.<\/span><\/p>\n<p><span style=\"font-weight: 400;\">Trong qu\u00e1 tr\u00ecnh giao h\u00e0ng: \u0110\u01a1n v\u1ecb v\u1eadn chuy\u1ec3n s\u1ebd li\u00ean h\u1ec7 v\u1edbi kh\u00e1ch h\u00e0ng \u0111\u1ec3 x\u00e1c nh\u1eadn th\u1eddi gian giao h\u00e0ng v\u00e0 \u0111\u1ea3m b\u1ea3o giao h\u00e0ng \u0111\u00fang h\u1eb9n. Khi giao h\u00e0ng, \u0111\u01a1n v\u1ecb v\u1eadn chuy\u1ec3n s\u1ebd b\u00e0n giao ch\u1ee9ng t\u1eeb v\u00e0 h\u00e0ng h\u00f3a cho kh\u00e1ch h\u00e0ng.<\/span><\/p>\n<p><span style=\"font-weight: 400;\">Sau khi giao h\u00e0ng: Kh\u00e1ch h\u00e0ng ki\u1ec3m tra h\u00e0ng h\u00f3a v\u00e0 c\u00e1c ch\u1ee9ng t\u1eeb li\u00ean quan. N\u1ebfu c\u00f3 b\u1ea5t k\u1ef3 v\u1ea5n \u0111\u1ec1 g\u00ec, kh\u00e1ch h\u00e0ng c\u1ea7n th\u00f4ng b\u00e1o ngay cho Thu\u1eadn Phong Energy v\u00e0 \u0111\u01a1n v\u1ecb v\u1eadn chuy\u1ec3n \u0111\u1ec3 \u0111\u01b0\u1ee3c h\u1ed7 tr\u1ee3 k\u1ecbp th\u1eddi.<\/span><\/p>\n<p><span style=\"font-weight: 400;\">L\u01b0u \u00fd: Trong tr\u01b0\u1eddng h\u1ee3p ph\u00e1t sinh ch\u1eadm tr\u1ec5 trong vi\u1ec7c giao h\u00e0ng ho\u1eb7c cung \u1ee9ng d\u1ecbch v\u1ee5, Thu\u1eadn Phong Energy s\u1ebd c\u00f3 th\u00f4ng tin k\u1ecbp th\u1eddi cho kh\u00e1ch h\u00e0ng v\u00e0 t\u1ea1o c\u01a1 h\u1ed9i \u0111\u1ec3 kh\u00e1ch h\u00e0ng c\u00f3 th\u1ec3 h\u1ee7y h\u1ee3p \u0111\u1ed3ng n\u1ebfu mu\u1ed1n.<\/span><\/p>\n","protected":false},"excerpt":{"rendered":"<p>\u0110I\u1ec0U KI\u1ec6N B\u1ea2O H\u00c0NH S\u1ea3n ph\u1ea9m \u0111\u01b0\u1ee3c b\u1ea3o h\u00e0nh mi\u1ec5n ph\u00ed n\u1ebfu \u0111\u1ea3m b\u1ea3o t\u1ea5t c\u1ea3 c\u00e1c \u0111i\u1ec1u ki\u1ec7n sau: S\u1ea3n ph\u1ea9m thu\u1ed9c danh m\u1ee5c \u0111\u01b0\u1ee3c b\u1ea3o h\u00e0nh t\u1eeb Nh\u00e0 s\u1ea3n xu\u1ea5t ho\u1eb7c Nh\u00e0 ph\u00e2n ph\u1ed1i. S\u1ea3n ph\u1ea9m b\u1ecb l\u1ed7i k\u1ef9 thu\u1eadt do Nh\u00e0 s\u1ea3n xu\u1ea5t. Th\u1eddi h\u1ea1n b\u1ea3o h\u00e0nh tr\u00ean phi\u1ebfu b\u1ea3o h\u00e0nh v\u1eabn&#8230;<\/p>\n","protected":false},"author":4,"featured_media":0,"parent":0,"menu_order":0,"comment_status":"closed","ping_status":"closed","template":"","meta":[],"jetpack-related-posts":[{"id":3775,"url":"https:\/\/tp-electric.vn\/index.php\/chinh-sach-doi-tra\/","url_meta":{"origin":3777,"position":0},"title":"Ch\u00ednh s\u00e1ch \u0111\u1ed5i tr\u1ea3","author":"Admin","date":"11\/04\/2024","format":false,"excerpt":"TR\u01af\u1edcNG H\u1ee2P 1 S\u1ea3n ph\u1ea9m \u0111\u01b0\u1ee3c b\u1ea3o h\u00e0nh mi\u1ec5n ph\u00ed n\u1ebfu \u0111\u1ea3m b\u1ea3o t\u1ea5t c\u1ea3 c\u00e1c \u0111i\u1ec1u ki\u1ec7n sau: \u00d4 s\u1ea3n ph\u1ea9m thu\u1ed9c danh m\u1ee5c \u0111\u01b0\u1ee3c b\u1ea3o h\u00e0nh t\u1eeb Nh\u00e0 s\u1ea3n xu\u1ea5t ho\u1eb7c Nh\u00e0 ph\u00e2n ph\u1ed1i S\u1ea3n ph\u1ea9m b\u1ecb l\u1ed7i k\u1ef9 thu\u1eadt do Nh\u00e0 s\u1ea3n xu\u1ea5t Th\u1eddi h\u1ea1n b\u1ea3o h\u00e0nh\u2026","rel":"","context":"Similar post","block_context":{"text":"Similar post","link":""},"img":{"alt_text":"","src":"","width":0,"height":0},"classes":[]},{"id":3770,"url":"https:\/\/tp-electric.vn\/index.php\/chinh-sach-thanh-toan\/","url_meta":{"origin":3777,"position":1},"title":"Ch\u00ednh s\u00e1ch thanh to\u00e1n","author":"Admin","date":"11\/04\/2024","format":false,"excerpt":"Nh\u1eb1m mang \u0111\u1ebfn cho Qu\u00fd kh\u00e1ch nh\u1eefng tr\u1ea3i nghi\u1ec7m mua s\u1eafm tr\u1ef1c tuy\u1ebfn tuy\u1ec7t v\u1eddi nh\u1ea5t t\u1ea1i Thu\u1eadn Phong Energy, ch\u00fang t\u00f4i \u0111\u01b0a ra nhi\u1ec1u ph\u01b0\u01a1ng th\u1ee9c thanh to\u00e1n \u0111\u1ec3 Qu\u00fd kh\u00e1ch d\u1ec5 d\u00e0ng l\u1ef1a ch\u1ecdn ph\u00f9 h\u1ee3p nh\u1ea5t: 1. Mua h\u00e0ng v\u00e0 thanh to\u00e1n tr\u1ef1c ti\u1ebfp t\u1ea1i c\u1eeda h\u00e0ng:\u2026","rel":"","context":"Similar post","block_context":{"text":"Similar post","link":""},"img":{"alt_text":"","src":"","width":0,"height":0},"classes":[]},{"id":3793,"url":"https:\/\/tp-electric.vn\/index.php\/chinh-sach-kiem-hang\/","url_meta":{"origin":3777,"position":2},"title":"Ch\u00ednh s\u00e1ch ki\u1ec3m h\u00e0ng","author":"Admin","date":"16\/05\/2024","format":false,"excerpt":"Th\u1eddi \u0111i\u1ec3m ki\u1ec3m h\u00e0ng. Thu\u1eadn Phong Energy ch\u1ea5p nh\u1eadn cho kh\u00e1ch h\u00e0ng \u0111\u1ed3ng ki\u1ec3m v\u1edbi nh\u00e2n vi\u00ean giao h\u00e0ng t\u1ea1i th\u1eddi \u0111i\u1ec3m nh\u1eadn h\u00e0ng. Kh\u00f4ng h\u1ed7 tr\u1ee3 th\u1eed h\u00e0ng. Sau khi nh\u1eadn h\u00e0ng, kh\u00e1ch h\u00e0ng ki\u1ec3m l\u1ea1i ph\u00e1t hi\u1ec7n sai, c\u00f3 th\u1ec3 li\u00ean l\u1ea1c v\u1edbi b\u1ed9 ph\u1eadn ch\u0103m s\u00f3c kh\u00e1ch\u2026","rel":"","context":"Similar post","block_context":{"text":"Similar post","link":""},"img":{"alt_text":"","src":"","width":0,"height":0},"classes":[]},{"id":3768,"url":"https:\/\/tp-electric.vn\/index.php\/huong-dan-mua-hang\/","url_meta":{"origin":3777,"position":3},"title":"H\u01b0\u1edbng d\u1eabn mua h\u00e0ng","author":"Admin","date":"11\/04\/2024","format":false,"excerpt":"Thu\u1eadn Phong Energy K\u00ednh Ch\u00e0o Qu\u00fd Kh\u00e1ch! Ch\u00e2n th\u00e0nh c\u1ea3m \u01a1n qu\u00fd kh\u00e1ch \u0111\u00e3 tin t\u01b0\u1edfng v\u00e0 s\u1eed d\u1ee5ng s\u1ea3n ph\u1ea9m c\u1ee7a ch\u00fang t\u00f4i. D\u01b0\u1edbi \u0111\u00e2y l\u00e0 4 c\u00e1ch m\u00e0 b\u1ea1n c\u00f3 th\u1ec3 l\u1ef1a ch\u1ecdn \u0111\u1ec3 mua h\u00e0ng nh\u01b0 sau: C\u00e1ch 1: Li\u00ean h\u1ec7 qua \u0111i\u1ec7n tho\u1ea1i Qu\u00fd kh\u00e1ch c\u00f3\u2026","rel":"","context":"Similar post","block_context":{"text":"Similar post","link":""},"img":{"alt_text":"","src":"","width":0,"height":0},"classes":[]},{"id":3781,"url":"https:\/\/tp-electric.vn\/index.php\/chinh-sach-bao-mat-thong-tin-ca-nhan-rieng-tu\/","url_meta":{"origin":3777,"position":4},"title":"Ch\u00ednh s\u00e1ch b\u1ea3o m\u1eadt th\u00f4ng tin c\u00e1 nh\u00e2n &#038; ri\u00eang t\u01b0:","author":"Admin","date":"11\/04\/2024","format":false,"excerpt":"Ch\u00ednh s\u00e1ch n\u00e0y gi\u00fap kh\u00e1ch h\u00e0ng c\u1ea3m th\u1ea5y y\u00ean t\u00e2m khi mua h\u00e0ng m\u00e0 kh\u00f4ng b\u1ecb r\u00f2 r\u1ec9 th\u00f4ng tin cho b\u00ean th\u1ee9 3 l\u00e0m \u1ea3nh h\u01b0\u1edfng \u0111\u1ebfn cu\u1ed9c s\u1ed1ng c\u0169ng nh\u01b0 ti\u1ec1n b\u1ea1c c\u1ee7a kh\u00e1ch h\u00e0ng. N\u1ed9i dung c\u1ea7n c\u00f3 trong ch\u00ednh s\u00e1ch n\u00e0y nh\u01b0 sau: I. D\u1eef li\u1ec7u\u2026","rel":"","context":"Similar post","block_context":{"text":"Similar post","link":""},"img":{"alt_text":"","src":"","width":0,"height":0},"classes":[]},{"id":3779,"url":"https:\/\/tp-electric.vn\/index.php\/dieu-khoan-su-dung\/","url_meta":{"origin":3777,"position":5},"title":"\u0110i\u1ec1u kho\u1ea3n s\u1eed d\u1ee5ng","author":"Admin","date":"11\/04\/2024","format":false,"excerpt":"\u0110\u00e2y l\u00e0 \u0111i\u1ec1u kho\u1ea3n quan tr\u1ecdng n\u00ean khuy\u1ebfn kh\u00edch kh\u00e1ch h\u00e0ng xem qua tr\u01b0\u1edbc khi \u0111\u1eb7t h\u00e0ng. C\u00e1c n\u1ed9i dung c\u00f3 trong \u0111i\u1ec1u kho\u1ea3n s\u1eed d\u1ee5ng nh\u01b0 sau: Trang web n\u00e0y thu\u1ed9c quy\u1ec1n qu\u1ea3n l\u00fd c\u1ee7a Thu\u1eadn Phong Energy. Xin vui l\u00f2ng \u0111\u1ecdc k\u1ef9 c\u00e1c \u0111i\u1ec1u ki\u1ec7n v\u00e0 \u0111i\u1ec1u kho\u1ea3n\u2026","rel":"","context":"Similar post","block_context":{"text":"Similar post","link":""},"img":{"alt_text":"","src":"","width":0,"height":0},"classes":[]}],"_links":{"self":[{"href":"https:\/\/tp-electric.vn\/index.php\/wp-json\/wp\/v2\/pages\/3777"}],"collection":[{"href":"https:\/\/tp-electric.vn\/index.php\/wp-json\/wp\/v2\/pages"}],"about":[{"href":"https:\/\/tp-electric.vn\/index.php\/wp-json\/wp\/v2\/types\/page"}],"author":[{"embeddable":true,"href":"https:\/\/tp-electric.vn\/index.php\/wp-json\/wp\/v2\/users\/4"}],"replies":[{"embeddable":true,"href":"https:\/\/tp-electric.vn\/index.php\/wp-json\/wp\/v2\/comments?post=3777"}],"version-history":[{"count":4,"href":"https:\/\/tp-electric.vn\/index.php\/wp-json\/wp\/v2\/pages\/3777\/revisions"}],"predecessor-version":[{"id":3808,"href":"https:\/\/tp-electric.vn\/index.php\/wp-json\/wp\/v2\/pages\/3777\/revisions\/3808"}],"wp:attachment":[{"href":"https:\/\/tp-electric.vn\/index.php\/wp-json\/wp\/v2\/media?parent=3777"}],"curies":[{"name":"wp","href":"https:\/\/api.w.org\/{rel}","templated":true}]}}