{"id":3775,"date":"2024-04-11T21:10:11","date_gmt":"2024-04-11T14:10:11","guid":{"rendered":"https:\/\/tp-electric.vn\/?page_id=3775"},"modified":"2024-07-22T16:07:08","modified_gmt":"2024-07-22T09:07:08","slug":"chinh-sach-doi-tra","status":"publish","type":"page","link":"https:\/\/tp-electric.vn\/index.php\/chinh-sach-doi-tra\/","title":{"rendered":"Ch\u00ednh s\u00e1ch \u0111\u1ed5i tr\u1ea3"},"content":{"rendered":"<h3><span style=\"font-weight: 400;\">TR\u01af\u1edcNG H\u1ee2P 1<\/span><\/h3>\n<p><span style=\"font-weight: 400;\">S\u1ea3n ph\u1ea9m \u0111\u01b0\u1ee3c b\u1ea3o h\u00e0nh mi\u1ec5n ph\u00ed n\u1ebfu \u0111\u1ea3m b\u1ea3o t\u1ea5t c\u1ea3 c\u00e1c \u0111i\u1ec1u ki\u1ec7n sau:<\/span><\/p>\n<ol>\n<li style=\"font-weight: 400;\" aria-level=\"1\"><span style=\"font-weight: 400;\">\u00d4 s\u1ea3n ph\u1ea9m thu\u1ed9c danh m\u1ee5c \u0111\u01b0\u1ee3c b\u1ea3o h\u00e0nh t\u1eeb Nh\u00e0 s\u1ea3n xu\u1ea5t ho\u1eb7c Nh\u00e0 ph\u00e2n ph\u1ed1i<\/span><\/li>\n<li style=\"font-weight: 400;\" aria-level=\"1\"><span style=\"font-weight: 400;\">S\u1ea3n ph\u1ea9m b\u1ecb l\u1ed7i k\u1ef9 thu\u1eadt do Nh\u00e0 s\u1ea3n xu\u1ea5t<\/span><\/li>\n<li style=\"font-weight: 400;\" aria-level=\"1\"><span style=\"font-weight: 400;\">Th\u1eddi h\u1ea1n b\u1ea3o h\u00e0nh tr\u00ean phi\u1ebfu b\u1ea3o h\u00e0nh v\u1eabn c\u00f2n hi\u1ec7u l\u1ef1c (n\u1ebfu c\u00f3) ho\u1eb7c phi\u1ebfu xu\u1ea5t h\u00e0ng (h\u00f3a \u0111\u01a1n ho\u1eb7c ch\u1ee9ng t\u1eeb)<\/span><\/li>\n<li style=\"font-weight: 400;\" aria-level=\"1\"><span style=\"font-weight: 400;\">Phi\u1ebfu xu\u1ea5t h\u00e0ng (h\u00f3a \u0111\u01a1n ho\u1eb7c ch\u1ee9ng t\u1eeb) c\u00f2n nguy\u00ean v\u1eb9n, kh\u00f4ng ch\u1eafp v\u00e1, kh\u00f4ng b\u1ecb g\u1ea1ch x\u00f3a hay s\u1eeda ch\u1eefa, b\u00f4i b\u1ea9n<\/span><\/li>\n<li style=\"font-weight: 400;\" aria-level=\"1\"><span style=\"font-weight: 400;\">Phi\u1ebfu xu\u1ea5t h\u00e0ng (h\u00f3a \u0111\u01a1n ho\u1eb7c ch\u1ee9ng t\u1eeb) \u0111\u1ea7y \u0111\u1ee7 th\u00f4ng tin: t\u00ean s\u1ea3n ph\u1ea9m, m\u00e3 s\u1ea3n ph\u1ea9m, ng\u00e0y xu\u1ea5t h\u00e0ng, t\u00ean kh\u00e1ch h\u00e0ng s\u1eed d\u1ee5ng, \u0111\u1ecba ch\u1ec9\u00a0<\/span><\/li>\n<li style=\"font-weight: 400;\" aria-level=\"1\"><span style=\"font-weight: 400;\">Tem b\u1ea3o h\u00e0nh v\u00e0 tem ni\u00eam phong (n\u1ebfu c\u00f3) c\u1ee7a Nh\u00e0 s\u1ea3n xu\u1ea5t tr\u00ean s\u1ea3n ph\u1ea9m c\u00f2n nguy\u00ean v\u1eb9n<\/span><\/li>\n<\/ol>\n<h3><span style=\"font-weight: 400;\">TR\u01af\u1edcNG H\u1ee2P 2<\/span><\/h3>\n<p><span style=\"font-weight: 400;\">S\u1ea3n ph\u1ea9m kh\u00f4ng \u0111\u01b0\u1ee3c b\u1ea3o h\u00e0nh ho\u1eb7c s\u1ebd ph\u00e1t sinh ph\u00ed b\u1ea3o h\u00e0nh n\u1ebfu r\u01a1i v\u00e0o m\u1ed9t trong c\u00e1c tr\u01b0\u1eddng h\u1ee3p sau:<\/span><\/p>\n<ol>\n<li style=\"font-weight: 400;\" aria-level=\"1\"><span style=\"font-weight: 400;\">S\u1ea3n ph\u1ea9m kh\u00f4ng thu\u1ed9c danh m\u1ee5c \u0111\u01b0\u1ee3c b\u1ea3o h\u00e0nh t\u1eeb Nh\u00e0 s\u1ea3n xu\u1ea5t ho\u1eb7c nh\u00e0 ph\u00e2n ph\u1ed1i<\/span><\/li>\n<li style=\"font-weight: 400;\" aria-level=\"1\"><span style=\"font-weight: 400;\">S\u1ea3n ph\u1ea9m kh\u00f4ng th\u1ecfa m\u00e3n m\u1ed9t trong nh\u1eefng \u0111i\u1ec1u ki\u1ec7n b\u1ea3o h\u00e0nh \u1edf tr\u01b0\u1eddng h\u1ee3p 1<\/span><\/li>\n<li style=\"font-weight: 400;\" aria-level=\"1\"><span style=\"font-weight: 400;\">S\u1ed1 model s\u1ea3n ph\u1ea9m v\u00e0 th\u00f4ng tin do kh\u00e1ch h\u00e0ng cung c\u1ea5p kh\u00f4ng kh\u1edbp v\u1edbi th\u00f4ng tin \u0111\u00e3 khai khi kh\u00e1ch h\u00e0ng mua s\u1ea3n ph\u1ea9m<\/span><\/li>\n<li style=\"font-weight: 400;\" aria-level=\"1\"><span style=\"font-weight: 400;\">Kh\u00e1ch h\u00e0ng t\u1ef1 \u00fd can thi\u1ec7p s\u1eeda ch\u1eefa s\u1ea3n ph\u1ea9m ho\u1eb7c s\u1eeda ch\u1eefa t\u1ea1i nh\u1eefng trung t\u00e2m s\u1eeda ch\u1eefa kh\u00f4ng \u0111\u01b0\u1ee3c s\u1ef1 \u1ee7y nhi\u1ec7m c\u1ee7a Thu\u1eadn Phong<\/span><\/li>\n<li style=\"font-weight: 400;\" aria-level=\"1\"><span style=\"font-weight: 400;\">S\u1ea3n ph\u1ea9m b\u1ecb h\u01b0 h\u1ecfng do l\u1ed7i ng\u01b0\u1eddi s\u1eed d\u1ee5ng v\u00e0 l\u1ed7i h\u01b0 h\u1ecfng kh\u00f4ng n\u1eb1m trong ph\u1ea1m vi b\u1ea3o h\u00e0nh c\u1ee7a Nh\u00e0 s\u1ea3n xu\u1ea5t<\/span><\/li>\n<li style=\"font-weight: 400;\" aria-level=\"1\"><span style=\"font-weight: 400;\">V\u1edbi tr\u01b0\u1eddng h\u1ee3p ph\u00e1t sinh ph\u00ed b\u1ea3o h\u00e0nh, nh\u00e2n vi\u00ean ch\u0103m s\u00f3c kh\u00e1ch h\u00e0ng c\u1ee7a Thu\u1eadn Phong s\u1ebd t\u01b0 v\u1ea5n \u0111\u1ea7y \u0111\u1ee7 th\u00f4ng tin cho kh\u00e1ch h\u00e0ng tr\u01b0\u1edbc khi ti\u1ebfn h\u00e0nh c\u00e1c th\u1ee7 t\u1ee5c b\u1ea3o h\u00e0nh.<\/span><\/li>\n<\/ol>\n<h3>\u0110I\u1ec0U KI\u1ec6N \u0110\u1ed4I TR\u1ea2<\/h3>\n<p>Th\u1eddi gian \u0111\u1ed5i tr\u1ea3: trong v\u00f2ng 01 ng\u00e0y k\u1ec3 t\u1eeb khi nh\u1eadn \u0111\u01b0\u1ee3c h\u00e0ng v\u00e0 ph\u1ea3i li\u00ean h\u1ec7 g\u1ecdi ngay cho ch\u00fang t\u00f4i theo s\u1ed1 \u0111i\u1ec7n tho\u1ea1i tr\u00ean \u0111\u1ec3 \u0111\u01b0\u1ee3c x\u00e1c nh\u1eadn \u0111\u1ed5i tr\u1ea3 h\u00e0ng.<\/p>\n<p>S\u1ea3n ph\u1ea9m mu\u1ed1n \u0111\u1ed5i ho\u1eb7c tr\u1ea3 ph\u1ea3i l\u00e0:<\/p>\n<ul>\n<li>S\u1ea3n ph\u1ea9m g\u1eedi l\u1ea1i ph\u1ea3i c\u00f2n nguy\u00ean \u0111ai nguy\u00ean ki\u1ec7n.<\/li>\n<li>Phi\u1ebfu b\u1ea3o h\u00e0nh (n\u1ebfu c\u00f3) v\u00e0 tem c\u1ee7a c\u00f4ng ty tr\u00ean s\u1ea3n ph\u1ea9m c\u00f2n nguy\u00ean v\u1eb9n.<\/li>\n<li>S\u1ea3n ph\u1ea9m \u0111\u1ed5i\/ tr\u1ea3 ph\u1ea3i c\u00f2n \u0111\u1ea7y \u0111\u1ee7 h\u1ed9p, gi\u1ea5y H\u01b0\u1edbng d\u1eabn s\u1eed d\u1ee5ng v\u00e0 ch\u01b0a qua s\u1eed d\u1ee5ng.<\/li>\n<\/ul>\n<p>Qu\u00fd kh\u00e1ch ch\u1ecbu chi ph\u00ed v\u1eadn chuy\u1ec3n, \u0111\u00f3ng g\u00f3i, thu h\u1ed9 ti\u1ec1n, chi ph\u00ed li\u00ean l\u1ea1c t\u1ed1i \u0111a t\u01b0\u01a1ng \u0111\u01b0\u01a1ng 20% gi\u00e1 tr\u1ecb \u0111\u01a1n h\u00e0ng<\/p>\n<h3>QUY TR\u00ccNH \u0110\u1ed4I TR\u1ea2<\/h3>\n<p>Sau khi nh\u1eadn \u0111\u01b0\u1ee3c h\u00e0ng. Y\u00eau c\u1ea7u qu\u00fd v\u1ecb ki\u1ec3m tra k\u1ef9 1 l\u1ea7n tr\u01b0\u1edbc khi nh\u1eadn h\u00e0ng. N\u1ebfu c\u00f3 v\u1ea5n \u0111\u1ec1 xin vui l\u00f2ng li\u00ean h\u1ec7 Trung t\u00e2m h\u1ed7 tr\u1ee3 kh\u00e1ch h\u00e0ng c\u1ee7a Thu\u1eadn Phong Energy t\u1ea1i th\u1eddi \u0111i\u1ec3m nh\u00e2n vi\u00ean giao h\u00e0ng c\u00f2n \u1edf \u0111\u00f3.<\/p>\n<p>Tr\u01b0\u1eddng h\u1ee3p sau khi nh\u00e2n vi\u00ean giao h\u00e0ng \u0111\u00e3 \u0111i. N\u1ebfu mu\u1ed1n \u0111\u1ed5i tr\u1ea3 h\u00e0ng c\u00f3 th\u1ec3 li\u00ean h\u1ec7 v\u1edbi ch\u00fang t\u00f4i \u0111\u1ec3 \u0111\u01b0\u1ee3c x\u1eed l\u00fd v\u00e0 h\u1eb9n l\u1ecbch \u0111\u1ed5i tr\u1ea3 h\u00e0ng. Trung t\u00e2m h\u1ed7 tr\u1ee3 kh\u00e1ch h\u00e0ng s\u1ebd th\u00f4ng b\u00e1o l\u1ecbch h\u1eb9n nh\u1eadn h\u00e0ng tr\u1ea3.<\/p>\n<h3>\u0110\u1ecaA \u0110I\u1ec2M B\u1ea2O H\u00c0NH<\/h3>\n<p>Khi Qu\u00fd kh\u00e1ch c\u00f3 nhu c\u1ea7u b\u1ea3o h\u00e0nh, s\u1eeda ch\u1eefa ho\u1eb7c c\u00e1c d\u1ecbch v\u1ee5 h\u1ed7 tr\u1ee3 k\u1ef9 thu\u1eadt kh\u00e1c, vui l\u00f2ng li\u00ean h\u1ec7 Thu\u1eadn Phong Energy theo \u0111\u1ecba ch\u1ec9 ho\u1eb7c s\u1ed1 \u0111i\u1ec7n tho\u1ea1i sau \u0111\u00e2y:<\/p>\n<p>C\u00d4NG TY TNHH TH\u01af\u01a0NG M\u1ea0I D\u1ecaCH V\u1ee4 C\u01a0 \u0110I\u1ec6N THU\u1eacN PHONG<\/p>\n<p>\u0110\u1ecba ch\u1ec9: 30 Nguy\u1ec5n H\u1eefu D\u1eadt, Nam L\u00fd, \u0110\u1ed3ng H\u1edbi, Qu\u1ea3ng B\u00ecnh, Vi\u1ec7t Nam<\/p>\n<p>Email: info@tp-electric.vn<\/p>\n<p>Website: https:\/\/tpenergy.com.vn\/<\/p>\n<p>Hotline: 0869.564.567<\/p>\n<p>Hy v\u1ecdng v\u1edbi nh\u1eefng th\u00f4ng tin chi ti\u1ebft v\u1ec1 ch\u00ednh s\u00e1ch \u0111\u1ed5i tr\u1ea3 h\u00e0ng v\u00e0 d\u1ecbch v\u1ee5 h\u1ed7 tr\u1ee3 k\u1ef9 thu\u1eadt c\u1ee7a Thu\u1eadn Phong Energy tr\u00ean \u0111\u00e2y c\u00f3 th\u1ec3 gi\u00fap Qu\u00fd kh\u00e1ch y\u00ean t\u00e2m h\u01a1n trong qu\u00e1 tr\u00ecnh s\u1eed d\u1ee5ng s\u1ea3n ph\u1ea9m.<\/p>\n<p>Xin ch\u00e2n th\u00e0nh c\u1ea3m \u01a1n Qu\u00fd kh\u00e1ch!<\/p>\n","protected":false},"excerpt":{"rendered":"<p>TR\u01af\u1edcNG H\u1ee2P 1 S\u1ea3n ph\u1ea9m \u0111\u01b0\u1ee3c b\u1ea3o h\u00e0nh mi\u1ec5n ph\u00ed n\u1ebfu \u0111\u1ea3m b\u1ea3o t\u1ea5t c\u1ea3 c\u00e1c \u0111i\u1ec1u ki\u1ec7n sau: \u00d4 s\u1ea3n ph\u1ea9m thu\u1ed9c danh m\u1ee5c \u0111\u01b0\u1ee3c b\u1ea3o h\u00e0nh t\u1eeb Nh\u00e0 s\u1ea3n xu\u1ea5t ho\u1eb7c Nh\u00e0 ph\u00e2n ph\u1ed1i S\u1ea3n ph\u1ea9m b\u1ecb l\u1ed7i k\u1ef9 thu\u1eadt do Nh\u00e0 s\u1ea3n xu\u1ea5t Th\u1eddi h\u1ea1n b\u1ea3o h\u00e0nh tr\u00ean phi\u1ebfu b\u1ea3o h\u00e0nh v\u1eabn&#8230;<\/p>\n","protected":false},"author":4,"featured_media":0,"parent":0,"menu_order":0,"comment_status":"closed","ping_status":"closed","template":"","meta":[],"jetpack-related-posts":[{"id":3777,"url":"https:\/\/tp-electric.vn\/index.php\/chinh-sach-van-chuyen-bao-hanh\/","url_meta":{"origin":3775,"position":0},"title":"Ch\u00ednh s\u00e1ch v\u1eadn chuy\u1ec3n b\u1ea3o h\u00e0nh","author":"Admin","date":"11\/04\/2024","format":false,"excerpt":"\u0110I\u1ec0U KI\u1ec6N B\u1ea2O H\u00c0NH S\u1ea3n ph\u1ea9m \u0111\u01b0\u1ee3c b\u1ea3o h\u00e0nh mi\u1ec5n ph\u00ed n\u1ebfu \u0111\u1ea3m b\u1ea3o t\u1ea5t c\u1ea3 c\u00e1c \u0111i\u1ec1u ki\u1ec7n sau: S\u1ea3n ph\u1ea9m thu\u1ed9c danh m\u1ee5c \u0111\u01b0\u1ee3c b\u1ea3o h\u00e0nh t\u1eeb Nh\u00e0 s\u1ea3n xu\u1ea5t ho\u1eb7c Nh\u00e0 ph\u00e2n ph\u1ed1i. S\u1ea3n ph\u1ea9m b\u1ecb l\u1ed7i k\u1ef9 thu\u1eadt do Nh\u00e0 s\u1ea3n xu\u1ea5t. Th\u1eddi h\u1ea1n b\u1ea3o h\u00e0nh\u2026","rel":"","context":"Similar post","block_context":{"text":"Similar post","link":""},"img":{"alt_text":"","src":"","width":0,"height":0},"classes":[]},{"id":3793,"url":"https:\/\/tp-electric.vn\/index.php\/chinh-sach-kiem-hang\/","url_meta":{"origin":3775,"position":1},"title":"Ch\u00ednh s\u00e1ch ki\u1ec3m h\u00e0ng","author":"Admin","date":"16\/05\/2024","format":false,"excerpt":"Th\u1eddi \u0111i\u1ec3m ki\u1ec3m h\u00e0ng. Thu\u1eadn Phong Energy ch\u1ea5p nh\u1eadn cho kh\u00e1ch h\u00e0ng \u0111\u1ed3ng ki\u1ec3m v\u1edbi nh\u00e2n vi\u00ean giao h\u00e0ng t\u1ea1i th\u1eddi \u0111i\u1ec3m nh\u1eadn h\u00e0ng. Kh\u00f4ng h\u1ed7 tr\u1ee3 th\u1eed h\u00e0ng. Sau khi nh\u1eadn h\u00e0ng, kh\u00e1ch h\u00e0ng ki\u1ec3m l\u1ea1i ph\u00e1t hi\u1ec7n sai, c\u00f3 th\u1ec3 li\u00ean l\u1ea1c v\u1edbi b\u1ed9 ph\u1eadn ch\u0103m s\u00f3c kh\u00e1ch\u2026","rel":"","context":"Similar post","block_context":{"text":"Similar post","link":""},"img":{"alt_text":"","src":"","width":0,"height":0},"classes":[]},{"id":3770,"url":"https:\/\/tp-electric.vn\/index.php\/chinh-sach-thanh-toan\/","url_meta":{"origin":3775,"position":2},"title":"Ch\u00ednh s\u00e1ch thanh to\u00e1n","author":"Admin","date":"11\/04\/2024","format":false,"excerpt":"Nh\u1eb1m mang \u0111\u1ebfn cho Qu\u00fd kh\u00e1ch nh\u1eefng tr\u1ea3i nghi\u1ec7m mua s\u1eafm tr\u1ef1c tuy\u1ebfn tuy\u1ec7t v\u1eddi nh\u1ea5t t\u1ea1i Thu\u1eadn Phong Energy, ch\u00fang t\u00f4i \u0111\u01b0a ra nhi\u1ec1u ph\u01b0\u01a1ng th\u1ee9c thanh to\u00e1n \u0111\u1ec3 Qu\u00fd kh\u00e1ch d\u1ec5 d\u00e0ng l\u1ef1a ch\u1ecdn ph\u00f9 h\u1ee3p nh\u1ea5t: 1. Mua h\u00e0ng v\u00e0 thanh to\u00e1n tr\u1ef1c ti\u1ebfp t\u1ea1i c\u1eeda h\u00e0ng:\u2026","rel":"","context":"Similar post","block_context":{"text":"Similar post","link":""},"img":{"alt_text":"","src":"","width":0,"height":0},"classes":[]},{"id":3781,"url":"https:\/\/tp-electric.vn\/index.php\/chinh-sach-bao-mat-thong-tin-ca-nhan-rieng-tu\/","url_meta":{"origin":3775,"position":3},"title":"Ch\u00ednh s\u00e1ch b\u1ea3o m\u1eadt th\u00f4ng tin c\u00e1 nh\u00e2n &#038; ri\u00eang t\u01b0:","author":"Admin","date":"11\/04\/2024","format":false,"excerpt":"Ch\u00ednh s\u00e1ch n\u00e0y gi\u00fap kh\u00e1ch h\u00e0ng c\u1ea3m th\u1ea5y y\u00ean t\u00e2m khi mua h\u00e0ng m\u00e0 kh\u00f4ng b\u1ecb r\u00f2 r\u1ec9 th\u00f4ng tin cho b\u00ean th\u1ee9 3 l\u00e0m \u1ea3nh h\u01b0\u1edfng \u0111\u1ebfn cu\u1ed9c s\u1ed1ng c\u0169ng nh\u01b0 ti\u1ec1n b\u1ea1c c\u1ee7a kh\u00e1ch h\u00e0ng. N\u1ed9i dung c\u1ea7n c\u00f3 trong ch\u00ednh s\u00e1ch n\u00e0y nh\u01b0 sau: I. D\u1eef li\u1ec7u\u2026","rel":"","context":"Similar post","block_context":{"text":"Similar post","link":""},"img":{"alt_text":"","src":"","width":0,"height":0},"classes":[]},{"id":3779,"url":"https:\/\/tp-electric.vn\/index.php\/dieu-khoan-su-dung\/","url_meta":{"origin":3775,"position":4},"title":"\u0110i\u1ec1u kho\u1ea3n s\u1eed d\u1ee5ng","author":"Admin","date":"11\/04\/2024","format":false,"excerpt":"\u0110\u00e2y l\u00e0 \u0111i\u1ec1u kho\u1ea3n quan tr\u1ecdng n\u00ean khuy\u1ebfn kh\u00edch kh\u00e1ch h\u00e0ng xem qua tr\u01b0\u1edbc khi \u0111\u1eb7t h\u00e0ng. C\u00e1c n\u1ed9i dung c\u00f3 trong \u0111i\u1ec1u kho\u1ea3n s\u1eed d\u1ee5ng nh\u01b0 sau: Trang web n\u00e0y thu\u1ed9c quy\u1ec1n qu\u1ea3n l\u00fd c\u1ee7a Thu\u1eadn Phong Energy. Xin vui l\u00f2ng \u0111\u1ecdc k\u1ef9 c\u00e1c \u0111i\u1ec1u ki\u1ec7n v\u00e0 \u0111i\u1ec1u kho\u1ea3n\u2026","rel":"","context":"Similar post","block_context":{"text":"Similar post","link":""},"img":{"alt_text":"","src":"","width":0,"height":0},"classes":[]},{"id":3768,"url":"https:\/\/tp-electric.vn\/index.php\/huong-dan-mua-hang\/","url_meta":{"origin":3775,"position":5},"title":"H\u01b0\u1edbng d\u1eabn mua h\u00e0ng","author":"Admin","date":"11\/04\/2024","format":false,"excerpt":"Thu\u1eadn Phong Energy K\u00ednh Ch\u00e0o Qu\u00fd Kh\u00e1ch! Ch\u00e2n th\u00e0nh c\u1ea3m \u01a1n qu\u00fd kh\u00e1ch \u0111\u00e3 tin t\u01b0\u1edfng v\u00e0 s\u1eed d\u1ee5ng s\u1ea3n ph\u1ea9m c\u1ee7a ch\u00fang t\u00f4i. D\u01b0\u1edbi \u0111\u00e2y l\u00e0 4 c\u00e1ch m\u00e0 b\u1ea1n c\u00f3 th\u1ec3 l\u1ef1a ch\u1ecdn \u0111\u1ec3 mua h\u00e0ng nh\u01b0 sau: C\u00e1ch 1: Li\u00ean h\u1ec7 qua \u0111i\u1ec7n tho\u1ea1i Qu\u00fd kh\u00e1ch c\u00f3\u2026","rel":"","context":"Similar post","block_context":{"text":"Similar post","link":""},"img":{"alt_text":"","src":"","width":0,"height":0},"classes":[]}],"_links":{"self":[{"href":"https:\/\/tp-electric.vn\/index.php\/wp-json\/wp\/v2\/pages\/3775"}],"collection":[{"href":"https:\/\/tp-electric.vn\/index.php\/wp-json\/wp\/v2\/pages"}],"about":[{"href":"https:\/\/tp-electric.vn\/index.php\/wp-json\/wp\/v2\/types\/page"}],"author":[{"embeddable":true,"href":"https:\/\/tp-electric.vn\/index.php\/wp-json\/wp\/v2\/users\/4"}],"replies":[{"embeddable":true,"href":"https:\/\/tp-electric.vn\/index.php\/wp-json\/wp\/v2\/comments?post=3775"}],"version-history":[{"count":2,"href":"https:\/\/tp-electric.vn\/index.php\/wp-json\/wp\/v2\/pages\/3775\/revisions"}],"predecessor-version":[{"id":3806,"href":"https:\/\/tp-electric.vn\/index.php\/wp-json\/wp\/v2\/pages\/3775\/revisions\/3806"}],"wp:attachment":[{"href":"https:\/\/tp-electric.vn\/index.php\/wp-json\/wp\/v2\/media?parent=3775"}],"curies":[{"name":"wp","href":"https:\/\/api.w.org\/{rel}","templated":true}]}}