{"id":2134,"date":"2022-12-19T08:07:19","date_gmt":"2022-12-19T08:07:19","guid":{"rendered":"http:\/\/tppower.scloud.vn\/?page_id=2134"},"modified":"2022-12-19T08:07:19","modified_gmt":"2022-12-19T08:07:19","slug":"lien-he","status":"publish","type":"page","link":"https:\/\/tp-electric.vn\/index.php\/lien-he\/","title":{"rendered":"Li\u00ean h\u1ec7"},"content":{"rendered":"","protected":false},"excerpt":{"rendered":"","protected":false},"author":1,"featured_media":0,"parent":0,"menu_order":0,"comment_status":"closed","ping_status":"closed","template":"page-blank.php","meta":[],"jetpack-related-posts":[{"id":3768,"url":"https:\/\/tp-electric.vn\/index.php\/huong-dan-mua-hang\/","url_meta":{"origin":2134,"position":0},"title":"H\u01b0\u1edbng d\u1eabn mua h\u00e0ng","author":"Admin","date":"11\/04\/2024","format":false,"excerpt":"Thu\u1eadn Phong Energy K\u00ednh Ch\u00e0o Qu\u00fd Kh\u00e1ch! Ch\u00e2n th\u00e0nh c\u1ea3m \u01a1n qu\u00fd kh\u00e1ch \u0111\u00e3 tin t\u01b0\u1edfng v\u00e0 s\u1eed d\u1ee5ng s\u1ea3n ph\u1ea9m c\u1ee7a ch\u00fang t\u00f4i. D\u01b0\u1edbi \u0111\u00e2y l\u00e0 4 c\u00e1ch m\u00e0 b\u1ea1n c\u00f3 th\u1ec3 l\u1ef1a ch\u1ecdn \u0111\u1ec3 mua h\u00e0ng nh\u01b0 sau: C\u00e1ch 1: Li\u00ean h\u1ec7 qua \u0111i\u1ec7n tho\u1ea1i Qu\u00fd kh\u00e1ch c\u00f3\u2026","rel":"","context":"Similar post","block_context":{"text":"Similar post","link":""},"img":{"alt_text":"","src":"","width":0,"height":0},"classes":[]},{"id":3781,"url":"https:\/\/tp-electric.vn\/index.php\/chinh-sach-bao-mat-thong-tin-ca-nhan-rieng-tu\/","url_meta":{"origin":2134,"position":1},"title":"Ch\u00ednh s\u00e1ch b\u1ea3o m\u1eadt th\u00f4ng tin c\u00e1 nh\u00e2n &#038; ri\u00eang t\u01b0:","author":"Admin","date":"11\/04\/2024","format":false,"excerpt":"Ch\u00ednh s\u00e1ch n\u00e0y gi\u00fap kh\u00e1ch h\u00e0ng c\u1ea3m th\u1ea5y y\u00ean t\u00e2m khi mua h\u00e0ng m\u00e0 kh\u00f4ng b\u1ecb r\u00f2 r\u1ec9 th\u00f4ng tin cho b\u00ean th\u1ee9 3 l\u00e0m \u1ea3nh h\u01b0\u1edfng \u0111\u1ebfn cu\u1ed9c s\u1ed1ng c\u0169ng nh\u01b0 ti\u1ec1n b\u1ea1c c\u1ee7a kh\u00e1ch h\u00e0ng. N\u1ed9i dung c\u1ea7n c\u00f3 trong ch\u00ednh s\u00e1ch n\u00e0y nh\u01b0 sau: I. D\u1eef li\u1ec7u\u2026","rel":"","context":"Similar post","block_context":{"text":"Similar post","link":""},"img":{"alt_text":"","src":"","width":0,"height":0},"classes":[]},{"id":3777,"url":"https:\/\/tp-electric.vn\/index.php\/chinh-sach-van-chuyen-bao-hanh\/","url_meta":{"origin":2134,"position":2},"title":"Ch\u00ednh s\u00e1ch v\u1eadn chuy\u1ec3n b\u1ea3o h\u00e0nh","author":"Admin","date":"11\/04\/2024","format":false,"excerpt":"\u0110I\u1ec0U KI\u1ec6N B\u1ea2O H\u00c0NH S\u1ea3n ph\u1ea9m \u0111\u01b0\u1ee3c b\u1ea3o h\u00e0nh mi\u1ec5n ph\u00ed n\u1ebfu \u0111\u1ea3m b\u1ea3o t\u1ea5t c\u1ea3 c\u00e1c \u0111i\u1ec1u ki\u1ec7n sau: S\u1ea3n ph\u1ea9m thu\u1ed9c danh m\u1ee5c \u0111\u01b0\u1ee3c b\u1ea3o h\u00e0nh t\u1eeb Nh\u00e0 s\u1ea3n xu\u1ea5t ho\u1eb7c Nh\u00e0 ph\u00e2n ph\u1ed1i. S\u1ea3n ph\u1ea9m b\u1ecb l\u1ed7i k\u1ef9 thu\u1eadt do Nh\u00e0 s\u1ea3n xu\u1ea5t. Th\u1eddi h\u1ea1n b\u1ea3o h\u00e0nh\u2026","rel":"","context":"Similar post","block_context":{"text":"Similar post","link":""},"img":{"alt_text":"","src":"","width":0,"height":0},"classes":[]},{"id":3775,"url":"https:\/\/tp-electric.vn\/index.php\/chinh-sach-doi-tra\/","url_meta":{"origin":2134,"position":3},"title":"Ch\u00ednh s\u00e1ch \u0111\u1ed5i tr\u1ea3","author":"Admin","date":"11\/04\/2024","format":false,"excerpt":"TR\u01af\u1edcNG H\u1ee2P 1 S\u1ea3n ph\u1ea9m \u0111\u01b0\u1ee3c b\u1ea3o h\u00e0nh mi\u1ec5n ph\u00ed n\u1ebfu \u0111\u1ea3m b\u1ea3o t\u1ea5t c\u1ea3 c\u00e1c \u0111i\u1ec1u ki\u1ec7n sau: \u00d4 s\u1ea3n ph\u1ea9m thu\u1ed9c danh m\u1ee5c \u0111\u01b0\u1ee3c b\u1ea3o h\u00e0nh t\u1eeb Nh\u00e0 s\u1ea3n xu\u1ea5t ho\u1eb7c Nh\u00e0 ph\u00e2n ph\u1ed1i S\u1ea3n ph\u1ea9m b\u1ecb l\u1ed7i k\u1ef9 thu\u1eadt do Nh\u00e0 s\u1ea3n xu\u1ea5t Th\u1eddi h\u1ea1n b\u1ea3o h\u00e0nh\u2026","rel":"","context":"Similar post","block_context":{"text":"Similar post","link":""},"img":{"alt_text":"","src":"","width":0,"height":0},"classes":[]},{"id":3770,"url":"https:\/\/tp-electric.vn\/index.php\/chinh-sach-thanh-toan\/","url_meta":{"origin":2134,"position":4},"title":"Ch\u00ednh s\u00e1ch thanh to\u00e1n","author":"Admin","date":"11\/04\/2024","format":false,"excerpt":"Nh\u1eb1m mang \u0111\u1ebfn cho Qu\u00fd kh\u00e1ch nh\u1eefng tr\u1ea3i nghi\u1ec7m mua s\u1eafm tr\u1ef1c tuy\u1ebfn tuy\u1ec7t v\u1eddi nh\u1ea5t t\u1ea1i Thu\u1eadn Phong Energy, ch\u00fang t\u00f4i \u0111\u01b0a ra nhi\u1ec1u ph\u01b0\u01a1ng th\u1ee9c thanh to\u00e1n \u0111\u1ec3 Qu\u00fd kh\u00e1ch d\u1ec5 d\u00e0ng l\u1ef1a ch\u1ecdn ph\u00f9 h\u1ee3p nh\u1ea5t: 1. Mua h\u00e0ng v\u00e0 thanh to\u00e1n tr\u1ef1c ti\u1ebfp t\u1ea1i c\u1eeda h\u00e0ng:\u2026","rel":"","context":"Similar post","block_context":{"text":"Similar post","link":""},"img":{"alt_text":"","src":"","width":0,"height":0},"classes":[]},{"id":2132,"url":"https:\/\/tp-electric.vn\/index.php\/gioi-thieu\/","url_meta":{"origin":2134,"position":5},"title":"Gi\u1edbi thi\u1ec7u","author":"","date":"19\/12\/2022","format":false,"excerpt":"","rel":"","context":"Similar post","block_context":{"text":"Similar post","link":""},"img":{"alt_text":"","src":"","width":0,"height":0},"classes":[]}],"_links":{"self":[{"href":"https:\/\/tp-electric.vn\/index.php\/wp-json\/wp\/v2\/pages\/2134"}],"collection":[{"href":"https:\/\/tp-electric.vn\/index.php\/wp-json\/wp\/v2\/pages"}],"about":[{"href":"https:\/\/tp-electric.vn\/index.php\/wp-json\/wp\/v2\/types\/page"}],"author":[{"embeddable":true,"href":"https:\/\/tp-electric.vn\/index.php\/wp-json\/wp\/v2\/users\/1"}],"replies":[{"embeddable":true,"href":"https:\/\/tp-electric.vn\/index.php\/wp-json\/wp\/v2\/comments?post=2134"}],"version-history":[{"count":1,"href":"https:\/\/tp-electric.vn\/index.php\/wp-json\/wp\/v2\/pages\/2134\/revisions"}],"predecessor-version":[{"id":2135,"href":"https:\/\/tp-electric.vn\/index.php\/wp-json\/wp\/v2\/pages\/2134\/revisions\/2135"}],"wp:attachment":[{"href":"https:\/\/tp-electric.vn\/index.php\/wp-json\/wp\/v2\/media?parent=2134"}],"curies":[{"name":"wp","href":"https:\/\/api.w.org\/{rel}","templated":true}]}}