{"id":2132,"date":"2022-12-19T08:07:06","date_gmt":"2022-12-19T08:07:06","guid":{"rendered":"http:\/\/tppower.scloud.vn\/?page_id=2132"},"modified":"2022-12-26T16:32:33","modified_gmt":"2022-12-26T09:32:33","slug":"gioi-thieu","status":"publish","type":"page","link":"https:\/\/tp-electric.vn\/index.php\/gioi-thieu\/","title":{"rendered":"Gi\u1edbi thi\u1ec7u"},"content":{"rendered":"\t<section class=\"section section-gioi-thieu\" id=\"section_866855027\">\n\t\t<div class=\"bg section-bg fill bg-fill  bg-loaded\" >\n\n\t\t\t\n\t\t\t\n\t\t\t\n\n\t\t<\/div>\n\n\t\t<div class=\"section-content relative\">\n\t\t\t\n<div class=\"row row-large\"  id=\"row-1921418603\">\n\n\t<div id=\"col-2027932564\" class=\"col col-left medium-6 small-12 large-6\"  data-animate=\"fadeInLeft\">\n\t\t<div class=\"col-inner\"  >\n\t\t\t\n\t\t\t\n<div class=\"title\">\n<div class=\"sub-title\">\n<div class=\"border-box\"><\/div>\n<h5>Gi\u1edbi thi\u1ec7u c\u00f4ng ty<\/h5>\n<\/div>\n<h2>C\u00f4ng ty TNHH TMDV C\u01a1 \u0111i\u1ec7n Thu\u1eadn Phong<\/h2>\n<\/div>\n<div class=\"content\">\n<p>Ch\u00fang t\u00f4i l\u00e0 nh\u00e0 cung c\u1ea5p s\u1ea3n ph\u1ea9m v\u00e0 d\u1ecbch v\u1ee5 v\u1ec1 \u0111i\u1ec7n c\u00f4ng nghi\u1ec7p, \u0111i\u1ec7n t\u1ef1 \u0111\u1ed9ng h\u00f3a, \u0111i\u1ec7n m\u1eb7t tr\u1eddi v\u00e0 gi\u1ea3i ph\u00e1p l\u01b0u tr\u1eef \u0111i\u1ec7n h\u00e0ng \u0111\u1ea7u trong khu v\u1ef1c.<\/p>\n<p>Thu\u1eadn Phong lu\u00f4n ch\u00fa tr\u1ecdng ph\u00e1t tri\u1ec3n \u0111\u1ed9i ng\u0169 nh\u00e2n s\u1ef1, n\u00e2ng cao ch\u1ea5t l\u01b0\u1ee3ng s\u1ea3n ph\u1ea9m, c\u1ea3i ti\u1ebfn li\u00ean t\u1ee5c c\u00e1c d\u1ecbch v\u1ee5 cung c\u1ea5p \u0111\u1ec3 mang \u0111\u1ebfn s\u1ef1 tr\u1ea3i nghi\u1ec7m t\u1ed1t nh\u1ea5t cho qu\u00fd kh\u00e1ch h\u00e0ng v\u00e0 \u0111\u1ed1i t\u00e1c.<\/p>\n<p>Thu\u1eadn Phong r\u1ea5t h\u00e2n h\u1ea1nh \u0111\u01b0\u1ee3c \u0111\u1ed3ng h\u00e0nh c\u00f9ng qu\u00fd v\u1ecb!.<\/p>\n<\/div>\n<a href=\"\/gioi-thieu\" target=\"_self\" class=\"button primary lowercase btn-xemtatca\"  >\n    <span>Xem th\u00eam<\/span>\n  <i class=\"icon-angle-right\" ><\/i><\/a>\n\n\t\t<\/div>\n\t\t\t<\/div>\n\n\t\n\n\t<div id=\"col-320522322\" class=\"col col-right medium-6 small-12 large-6\"  data-animate=\"fadeInRight\">\n\t\t<div class=\"col-inner\"  >\n\t\t\t\n\t\t\t\n<div class=\"about-style4-image-box\">\n<div class=\"icon-box\">\n<div class=\"inner\"><img decoding=\"async\" src=\"\/wp-content\/uploads\/2022\/12\/icon-thuan-phong.png\" \/><\/div>\n<\/div>\n<ul>\n<li>\n<div class=\"image_box left\"><img decoding=\"async\" src=\"\/wp-content\/uploads\/2022\/12\/about-style4_image-1.jpg\" \/><\/div>\n<\/li>\n<li>\n<div class=\"image_box right\"><img decoding=\"async\" src=\"\/wp-content\/uploads\/2022\/12\/about-style4_image-2.jpg\" \/><\/div>\n<\/li>\n<\/ul>\n<\/div>\n\t\t<\/div>\n\t\t\t<\/div>\n\n\t\n\n<style>\n#row-1921418603 > .col > .col-inner {\n  padding: 20px 0px 0px 0px;\n}\n<\/style>\n<\/div>\n\t\t<\/div>\n\n\t\t\n<style>\n#section_866855027 {\n  padding-top: 10px;\n  padding-bottom: 10px;\n}\n<\/style>\n\t<\/section>\n\t\n\t<section class=\"section section-tai-sao-chon has-parallax\" id=\"section_407792779\">\n\t\t<div class=\"bg section-bg fill bg-fill  \" data-parallax-container=\".section\" data-parallax-background data-parallax=\"-10\">\n\n\t\t\t\n\t\t\t<div class=\"section-bg-overlay absolute fill\"><\/div>\n\t\t\t\n\n\t\t<\/div>\n\n\t\t<div class=\"section-content relative\">\n\t\t\t\n<div class=\"row\"  id=\"row-1959909755\">\n\n\t<div id=\"col-1700258930\" class=\"col col-left medium-3 small-12 large-3\"  >\n\t\t<div class=\"col-inner\"  >\n\t\t\t\n\t\t\t\n<div class=\"title\">\n<div class=\"sub-title\">\n<div class=\"border-box\"><\/div>\n<h5>L\u0129nh v\u1ef1c ho\u1ea1t \u0111\u1ed9ng<\/h5>\n<\/div>\n<h2>Ch\u00fang t\u00f4i cung c\u1ea5p d\u1ecbch v\u1ee5 ch\u1ea5t l\u01b0\u1ee3ng<\/h2>\n<\/div>\n<div class=\"content\">\n<p>C\u00f4ng ty Thu\u1eadn Phong ch\u00fang t\u00f4i c\u00f3 th\u1ebf m\u1ea1nh r\u1ea5t t\u1ed1t v\u1ec1 c\u00f4ng ngh\u1ec7 v\u00e0 c\u00f4ng c\u1ee5 ti\u00ean ti\u1ebfn v\u1edbi nhi\u1ec1u n\u0103m kinh nghi\u1ec7m\u2026<\/p>\n<\/div>\n\t\t<\/div>\n\t\t\t<\/div>\n\n\t\n\n\t<div id=\"col-425149285\" class=\"col medium-3 small-12 large-3\"  data-animate=\"fadeInUp\">\n\t\t<div class=\"col-inner\"  >\n\t\t\t\n\t\t\t\n\n\t\t<div class=\"icon-box featured-box icon-box-top text-left\"  >\n\t\t\t\t\t<div class=\"icon-box-img\" style=\"width: 60px\">\n\t\t\t\t<div class=\"icon\">\n\t\t\t\t\t<div class=\"icon-inner\" >\n\t\t\t\t\t\t<img width=\"300\" height=\"300\" src=\"https:\/\/i0.wp.com\/tp-electric.vn\/wp-content\/uploads\/2022\/12\/manufacturing-1.png?fit=300%2C300&amp;ssl=1\" class=\"attachment-medium size-medium\" alt=\"\" decoding=\"async\" loading=\"lazy\" srcset=\"https:\/\/i0.wp.com\/tp-electric.vn\/wp-content\/uploads\/2022\/12\/manufacturing-1.png?w=512&amp;ssl=1 512w, https:\/\/i0.wp.com\/tp-electric.vn\/wp-content\/uploads\/2022\/12\/manufacturing-1.png?resize=400%2C400&amp;ssl=1 400w, https:\/\/i0.wp.com\/tp-electric.vn\/wp-content\/uploads\/2022\/12\/manufacturing-1.png?resize=280%2C280&amp;ssl=1 280w, https:\/\/i0.wp.com\/tp-electric.vn\/wp-content\/uploads\/2022\/12\/manufacturing-1.png?resize=510%2C510&amp;ssl=1 510w, https:\/\/i0.wp.com\/tp-electric.vn\/wp-content\/uploads\/2022\/12\/manufacturing-1.png?resize=100%2C100&amp;ssl=1 100w\" sizes=\"(max-width: 300px) 100vw, 300px\" \/>\t\t\t\t\t<\/div>\n\t\t\t\t<\/div>\n\t\t\t<\/div>\n\t\t\t\t<div class=\"icon-box-text last-reset\">\n\t\t\t\t\t\t\t\t\t\n<h3>\u0110i\u1ec7n c\u00f4ng nghi\u1ec7p<\/h3>\n<p>Thi c\u00f4ng l\u1eafp \u0111\u1eb7t h\u1ec7 th\u1ed1ng \u0111i\u1ec7n ph\u1ee5c v\u1ee5 v\u0103n ph\u00f2ng, c\u00f4ng x\u01b0\u1edfng, nh\u00e0 m\u00e1y&#8230;<\/p>\n\t\t<\/div>\n\t<\/div>\n\t\n\t\n\t\t<\/div>\n\t\t\t<\/div>\n\n\t\n\n\t<div id=\"col-1287397430\" class=\"col medium-3 small-12 large-3\"  data-animate=\"fadeInUp\">\n\t\t<div class=\"col-inner\"  >\n\t\t\t\n\t\t\t\n\n\t\t<div class=\"icon-box featured-box icon-box-top text-left\"  >\n\t\t\t\t\t<div class=\"icon-box-img\" style=\"width: 60px\">\n\t\t\t\t<div class=\"icon\">\n\t\t\t\t\t<div class=\"icon-inner\" >\n\t\t\t\t\t\t<img width=\"300\" height=\"300\" src=\"https:\/\/i0.wp.com\/tp-electric.vn\/wp-content\/uploads\/2022\/12\/manufacturing-1.png?fit=300%2C300&amp;ssl=1\" class=\"attachment-medium size-medium\" alt=\"\" decoding=\"async\" loading=\"lazy\" srcset=\"https:\/\/i0.wp.com\/tp-electric.vn\/wp-content\/uploads\/2022\/12\/manufacturing-1.png?w=512&amp;ssl=1 512w, https:\/\/i0.wp.com\/tp-electric.vn\/wp-content\/uploads\/2022\/12\/manufacturing-1.png?resize=400%2C400&amp;ssl=1 400w, https:\/\/i0.wp.com\/tp-electric.vn\/wp-content\/uploads\/2022\/12\/manufacturing-1.png?resize=280%2C280&amp;ssl=1 280w, https:\/\/i0.wp.com\/tp-electric.vn\/wp-content\/uploads\/2022\/12\/manufacturing-1.png?resize=510%2C510&amp;ssl=1 510w, https:\/\/i0.wp.com\/tp-electric.vn\/wp-content\/uploads\/2022\/12\/manufacturing-1.png?resize=100%2C100&amp;ssl=1 100w\" sizes=\"(max-width: 300px) 100vw, 300px\" \/>\t\t\t\t\t<\/div>\n\t\t\t\t<\/div>\n\t\t\t<\/div>\n\t\t\t\t<div class=\"icon-box-text last-reset\">\n\t\t\t\t\t\t\t\t\t\n<h3>\u0110i\u1ec7n t\u1ef1 \u0111\u1ed9ng h\u00f3a<\/h3>\n<p>Cung c\u1ea5p v\u1eadt t\u01b0, nh\u00e2n l\u1ef1c \u0111o ki\u1ec3m cho v\u0103n ph\u00f2ng, c\u00f4ng x\u01b0\u1edfng, nh\u00e0 m\u00e1y&#8230;<\/p>\n\t\t<\/div>\n\t<\/div>\n\t\n\t\n\t\t<\/div>\n\t\t\t<\/div>\n\n\t\n\n\t<div id=\"col-689633184\" class=\"col medium-3 small-12 large-3\"  data-animate=\"fadeInUp\">\n\t\t<div class=\"col-inner\"  >\n\t\t\t\n\t\t\t\n\n\t\t<div class=\"icon-box featured-box icon-box-top text-left\"  >\n\t\t\t\t\t<div class=\"icon-box-img\" style=\"width: 60px\">\n\t\t\t\t<div class=\"icon\">\n\t\t\t\t\t<div class=\"icon-inner\" >\n\t\t\t\t\t\t<img width=\"300\" height=\"300\" src=\"https:\/\/i0.wp.com\/tp-electric.vn\/wp-content\/uploads\/2022\/12\/battery.png?fit=300%2C300&amp;ssl=1\" class=\"attachment-medium size-medium\" alt=\"\" decoding=\"async\" loading=\"lazy\" srcset=\"https:\/\/i0.wp.com\/tp-electric.vn\/wp-content\/uploads\/2022\/12\/battery.png?w=512&amp;ssl=1 512w, https:\/\/i0.wp.com\/tp-electric.vn\/wp-content\/uploads\/2022\/12\/battery.png?resize=400%2C400&amp;ssl=1 400w, https:\/\/i0.wp.com\/tp-electric.vn\/wp-content\/uploads\/2022\/12\/battery.png?resize=280%2C280&amp;ssl=1 280w, https:\/\/i0.wp.com\/tp-electric.vn\/wp-content\/uploads\/2022\/12\/battery.png?resize=510%2C510&amp;ssl=1 510w, https:\/\/i0.wp.com\/tp-electric.vn\/wp-content\/uploads\/2022\/12\/battery.png?resize=100%2C100&amp;ssl=1 100w\" sizes=\"(max-width: 300px) 100vw, 300px\" \/>\t\t\t\t\t<\/div>\n\t\t\t\t<\/div>\n\t\t\t<\/div>\n\t\t\t\t<div class=\"icon-box-text last-reset\">\n\t\t\t\t\t\t\t\t\t\n<h3>B\u1ea3o tr\u00ec &amp; B\u1ea3o d\u01b0\u1ee1ng<\/h3>\n<p>L\u1eafp \u0111\u1eb7t v\u00e0 b\u1ea3o tr\u00ec b\u1ea3o d\u01b0\u1ee1ng trang tr\u1ea1i n\u0103ng l\u01b0\u1ee3ng m\u1eb7t tr\u1eddi, h\u1ec7 th\u1ed1ng \u0111i\u1ec7n&#8230;<\/p>\n\t\t<\/div>\n\t<\/div>\n\t\n\t\n\t\t<\/div>\n\t\t\t<\/div>\n\n\t\n<\/div>\n<div class=\"row row-khach-hang\"  id=\"row-273853772\">\n\n\t<div id=\"col-653412079\" class=\"col col-left medium-6 small-12 large-6\"  data-animate=\"fadeInLeft\">\n\t\t<div class=\"col-inner\"  >\n\t\t\t\n\t\t\t\n<h2>Suy ngh\u0129 t\u00edch c\u1ef1c, suy ngh\u0129 lu\u00f4n th\u00fac \u0111\u1ea9y doanh nghi\u1ec7p c\u1ee7a b\u1ea1n<\/h2>\n<p>Ch\u00fang t\u00f4i l\u00e0 nh\u00e0 cung c\u1ea5p s\u1ea3n ph\u1ea9m v\u00e0 d\u1ecbch v\u1ee5 v\u1ec1 \u0111i\u1ec7n c\u00f4ng nghi\u1ec7p, \u0111i\u1ec7n t\u1ef1 \u0111\u1ed9ng h\u00f3a, \u0111i\u1ec7n m\u1eb7t tr\u1eddi v\u00e0 gi\u1ea3i ph\u00e1p l\u01b0u tr\u1eef \u0111i\u1ec7n h\u00e0ng \u0111\u1ea7u trong khu v\u1ef1c. Thu\u1eadn Phong lu\u00f4n ch\u00fa tr\u1ecdng ph\u00e1t tri\u1ec3n \u0111\u1ed9i ng\u0169 nh\u00e2n s\u1ef1, n\u00e2ng cao ch\u1ea5t l\u01b0\u1ee3ng s\u1ea3n ph\u1ea9m, c\u1ea3i ti\u1ebfn li\u00ean t\u1ee5c c\u00e1c d\u1ecbch v\u1ee5 cung c\u1ea5p \u0111\u1ec3 mang \u0111\u1ebfn s\u1ef1 tr\u1ea3i nghi\u1ec7m t\u1ed1t nh\u1ea5t cho qu\u00fd kh\u00e1ch h\u00e0ng v\u00e0 \u0111\u1ed1i t\u00e1c.<\/p>\n<a href=\"\/gioi-thieu\" target=\"_self\" class=\"button primary lowercase btn-more\"  >\n    <span>Xem th\u00eam<\/span>\n  <i class=\"icon-angle-right\" ><\/i><\/a>\n\n\t\t<\/div>\n\t\t\n<style>\n#col-653412079 > .col-inner {\n  padding: 40px 0px 0px 0px;\n}\n<\/style>\n\t<\/div>\n\n\t\n\n\t<div id=\"col-1954454188\" class=\"col col-right medium-6 small-12 large-6\"  data-animate=\"fadeInRight\">\n\t\t<div class=\"col-inner\"  >\n\t\t\t\n\t\t\t\n<div class=\"video-one__content\">\n<a class=\"video-popup open-modal\"><i class=\"fa fa-play\"><\/i><\/a><\/p>\n<\/div>\n<div class=\"row row-text\"  id=\"row-1021870462\">\n\n\t<div id=\"col-235133646\" class=\"col medium-4 small-12 large-4\"  >\n\t\t<div class=\"col-inner\"  >\n\t\t\t\n\t\t\t\n<h3>99%<\/h3>\n<p>Kh\u00e1ch h\u00e0ng h\u00e0i l\u00f2ng<\/p>\n\t\t<\/div>\n\t\t\t<\/div>\n\n\t\n\n\t<div id=\"col-1306030064\" class=\"col medium-4 small-12 large-4\"  >\n\t\t<div class=\"col-inner\"  >\n\t\t\t\n\t\t\t\n<h3>400+<\/h3>\n<p>Kh\u00e1ch h\u00e0ng<\/p>\n\t\t<\/div>\n\t\t\t<\/div>\n\n\t\n\n\t<div id=\"col-408648009\" class=\"col medium-4 small-12 large-4\"  >\n\t\t<div class=\"col-inner\"  >\n\t\t\t\n\t\t\t\n<h3>1000+<\/h3>\n<p>D\u1ef1 \u00e1n ho\u00e0n thi\u1ec7n<\/p>\n\t\t<\/div>\n\t\t\t<\/div>\n\n\t\n<\/div>\n\t\t<\/div>\n\t\t\t<\/div>\n\n\t\n<\/div>\n\t\t<\/div>\n\n\t\t\n<style>\n#section_407792779 {\n  padding-top: 70px;\n  padding-bottom: 70px;\n}\n#section_407792779 .section-bg-overlay {\n  background-color: rgba(0, 0, 0, 0.5);\n}\n#section_407792779 .section-bg.bg-loaded {\n  background-image: url(https:\/\/tp-electric.vn\/wp-content\/uploads\/2022\/12\/1.jpg);\n}\n<\/style>\n\t<\/section>\n\t\n<div id=\"myModal\" class=\"modal\">\n<div class=\"modal-content\">\n<span id=\"pause-button\" class=\"close-modal\"><i class=\"fas fa-times-circle\"><\/i><\/span><\/p>\n<div class=\"wrapper-video\"><iframe loading=\"lazy\" width=\"100%\" height=\"500\" src=\"https:\/\/www.youtube.com\/embed\/opy_ziDiwXw\" title=\"YouTube video player\" frameborder=\"0\" allow=\"accelerometer; autoplay; clipboard-write; encrypted-media; gyroscope; picture-in-picture\" allowfullscreen><\/iframe><\/div>\n<\/div>\n<\/div>\n","protected":false},"excerpt":{"rendered":"","protected":false},"author":1,"featured_media":0,"parent":0,"menu_order":0,"comment_status":"closed","ping_status":"closed","template":"page-blank.php","meta":[],"jetpack-related-posts":[{"id":2164,"url":"https:\/\/tp-electric.vn\/index.php\/dich-vu\/","url_meta":{"origin":2132,"position":0},"title":"D\u1ecbch v\u1ee5","author":"","date":"23\/12\/2022","format":false,"excerpt":"","rel":"","context":"Similar post","block_context":{"text":"Similar post","link":""},"img":{"alt_text":"","src":"","width":0,"height":0},"classes":[]},{"id":114,"url":"https:\/\/tp-electric.vn\/","url_meta":{"origin":2132,"position":1},"title":"Trang ch\u1ee7","author":"","date":"06\/08\/2013","format":false,"excerpt":"\u00a0","rel":"","context":"Similar post","block_context":{"text":"Similar post","link":""},"img":{"alt_text":"","src":"https:\/\/i0.wp.com\/tp-electric.vn\/wp-content\/uploads\/2022\/12\/logo_Thuan_Phong-removebg-preview.png?fit=564%2C442&ssl=1&resize=350%2C200","width":350,"height":200},"classes":[]},{"id":3775,"url":"https:\/\/tp-electric.vn\/index.php\/chinh-sach-doi-tra\/","url_meta":{"origin":2132,"position":2},"title":"Ch\u00ednh s\u00e1ch \u0111\u1ed5i tr\u1ea3","author":"Admin","date":"11\/04\/2024","format":false,"excerpt":"TR\u01af\u1edcNG H\u1ee2P 1 S\u1ea3n ph\u1ea9m \u0111\u01b0\u1ee3c b\u1ea3o h\u00e0nh mi\u1ec5n ph\u00ed n\u1ebfu \u0111\u1ea3m b\u1ea3o t\u1ea5t c\u1ea3 c\u00e1c \u0111i\u1ec1u ki\u1ec7n sau: \u00d4 s\u1ea3n ph\u1ea9m thu\u1ed9c danh m\u1ee5c \u0111\u01b0\u1ee3c b\u1ea3o h\u00e0nh t\u1eeb Nh\u00e0 s\u1ea3n xu\u1ea5t ho\u1eb7c Nh\u00e0 ph\u00e2n ph\u1ed1i S\u1ea3n ph\u1ea9m b\u1ecb l\u1ed7i k\u1ef9 thu\u1eadt do Nh\u00e0 s\u1ea3n xu\u1ea5t Th\u1eddi h\u1ea1n b\u1ea3o h\u00e0nh\u2026","rel":"","context":"Similar post","block_context":{"text":"Similar post","link":""},"img":{"alt_text":"","src":"","width":0,"height":0},"classes":[]},{"id":3770,"url":"https:\/\/tp-electric.vn\/index.php\/chinh-sach-thanh-toan\/","url_meta":{"origin":2132,"position":3},"title":"Ch\u00ednh s\u00e1ch thanh to\u00e1n","author":"Admin","date":"11\/04\/2024","format":false,"excerpt":"Nh\u1eb1m mang \u0111\u1ebfn cho Qu\u00fd kh\u00e1ch nh\u1eefng tr\u1ea3i nghi\u1ec7m mua s\u1eafm tr\u1ef1c tuy\u1ebfn tuy\u1ec7t v\u1eddi nh\u1ea5t t\u1ea1i Thu\u1eadn Phong Energy, ch\u00fang t\u00f4i \u0111\u01b0a ra nhi\u1ec1u ph\u01b0\u01a1ng th\u1ee9c thanh to\u00e1n \u0111\u1ec3 Qu\u00fd kh\u00e1ch d\u1ec5 d\u00e0ng l\u1ef1a ch\u1ecdn ph\u00f9 h\u1ee3p nh\u1ea5t: 1. Mua h\u00e0ng v\u00e0 thanh to\u00e1n tr\u1ef1c ti\u1ebfp t\u1ea1i c\u1eeda h\u00e0ng:\u2026","rel":"","context":"Similar post","block_context":{"text":"Similar post","link":""},"img":{"alt_text":"","src":"","width":0,"height":0},"classes":[]},{"id":3779,"url":"https:\/\/tp-electric.vn\/index.php\/dieu-khoan-su-dung\/","url_meta":{"origin":2132,"position":4},"title":"\u0110i\u1ec1u kho\u1ea3n s\u1eed d\u1ee5ng","author":"Admin","date":"11\/04\/2024","format":false,"excerpt":"\u0110\u00e2y l\u00e0 \u0111i\u1ec1u kho\u1ea3n quan tr\u1ecdng n\u00ean khuy\u1ebfn kh\u00edch kh\u00e1ch h\u00e0ng xem qua tr\u01b0\u1edbc khi \u0111\u1eb7t h\u00e0ng. C\u00e1c n\u1ed9i dung c\u00f3 trong \u0111i\u1ec1u kho\u1ea3n s\u1eed d\u1ee5ng nh\u01b0 sau: Trang web n\u00e0y thu\u1ed9c quy\u1ec1n qu\u1ea3n l\u00fd c\u1ee7a Thu\u1eadn Phong Energy. Xin vui l\u00f2ng \u0111\u1ecdc k\u1ef9 c\u00e1c \u0111i\u1ec1u ki\u1ec7n v\u00e0 \u0111i\u1ec1u kho\u1ea3n\u2026","rel":"","context":"Similar post","block_context":{"text":"Similar post","link":""},"img":{"alt_text":"","src":"","width":0,"height":0},"classes":[]},{"id":3777,"url":"https:\/\/tp-electric.vn\/index.php\/chinh-sach-van-chuyen-bao-hanh\/","url_meta":{"origin":2132,"position":5},"title":"Ch\u00ednh s\u00e1ch v\u1eadn chuy\u1ec3n b\u1ea3o h\u00e0nh","author":"Admin","date":"11\/04\/2024","format":false,"excerpt":"\u0110I\u1ec0U KI\u1ec6N B\u1ea2O H\u00c0NH S\u1ea3n ph\u1ea9m \u0111\u01b0\u1ee3c b\u1ea3o h\u00e0nh mi\u1ec5n ph\u00ed n\u1ebfu \u0111\u1ea3m b\u1ea3o t\u1ea5t c\u1ea3 c\u00e1c \u0111i\u1ec1u ki\u1ec7n sau: S\u1ea3n ph\u1ea9m thu\u1ed9c danh m\u1ee5c \u0111\u01b0\u1ee3c b\u1ea3o h\u00e0nh t\u1eeb Nh\u00e0 s\u1ea3n xu\u1ea5t ho\u1eb7c Nh\u00e0 ph\u00e2n ph\u1ed1i. S\u1ea3n ph\u1ea9m b\u1ecb l\u1ed7i k\u1ef9 thu\u1eadt do Nh\u00e0 s\u1ea3n xu\u1ea5t. Th\u1eddi h\u1ea1n b\u1ea3o h\u00e0nh\u2026","rel":"","context":"Similar post","block_context":{"text":"Similar post","link":""},"img":{"alt_text":"","src":"","width":0,"height":0},"classes":[]}],"_links":{"self":[{"href":"https:\/\/tp-electric.vn\/index.php\/wp-json\/wp\/v2\/pages\/2132"}],"collection":[{"href":"https:\/\/tp-electric.vn\/index.php\/wp-json\/wp\/v2\/pages"}],"about":[{"href":"https:\/\/tp-electric.vn\/index.php\/wp-json\/wp\/v2\/types\/page"}],"author":[{"embeddable":true,"href":"https:\/\/tp-electric.vn\/index.php\/wp-json\/wp\/v2\/users\/1"}],"replies":[{"embeddable":true,"href":"https:\/\/tp-electric.vn\/index.php\/wp-json\/wp\/v2\/comments?post=2132"}],"version-history":[{"count":4,"href":"https:\/\/tp-electric.vn\/index.php\/wp-json\/wp\/v2\/pages\/2132\/revisions"}],"predecessor-version":[{"id":2525,"href":"https:\/\/tp-electric.vn\/index.php\/wp-json\/wp\/v2\/pages\/2132\/revisions\/2525"}],"wp:attachment":[{"href":"https:\/\/tp-electric.vn\/index.php\/wp-json\/wp\/v2\/media?parent=2132"}],"curies":[{"name":"wp","href":"https:\/\/api.w.org\/{rel}","templated":true}]}}